{"id":3732,"date":"2025-09-23T22:33:18","date_gmt":"2025-09-24T04:33:18","guid":{"rendered":"https:\/\/kaczorcpa.com\/?page_id=3732"},"modified":"2025-09-23T22:53:16","modified_gmt":"2025-09-24T04:53:16","slug":"seminaria","status":"publish","type":"page","link":"https:\/\/kaczorcpa.com\/pl\/seminaria\/","title":{"rendered":"\ud83d\udce2 Zaproszenie na Seminaria Edukacyjne Kaczor CPA"},"content":{"rendered":"<h1 data-start=\"197\" data-end=\"348\">\ud83d\udce2 Zaproszenie na Seminaria Edukacyjne Kaczor CPA<\/h1>\n<p data-start=\"197\" data-end=\"348\">\u201eWiedza to Tw\u00f3j klucz do sukcesu\u201d \u2013 do\u0142\u0105cz do serii praktycznych seminari\u00f3w, kt\u00f3re pomog\u0105 Ci lepiej zarz\u0105dza\u0107 finansami, podatkami i ubezpieczeniami.<\/p>\n<div style=\"width: 640px;\" class=\"wp-video\"><video class=\"wp-video-shortcode\" id=\"video-3732-1\" width=\"640\" height=\"360\" preload=\"metadata\" controls=\"controls\"><source type=\"video\/mp4\" src=\"https:\/\/kaczorcpa.com\/wp-content\/uploads\/2025\/09\/seminaria-zaproszenie-szort.mp4?_=1\" \/><a href=\"https:\/\/kaczorcpa.com\/wp-content\/uploads\/2025\/09\/seminaria-zaproszenie-szort.mp4\">https:\/\/kaczorcpa.com\/wp-content\/uploads\/2025\/09\/seminaria-zaproszenie-szort.mp4<\/a><\/video><\/div>\n<h3 data-start=\"350\" data-end=\"371\">&nbsp;<\/h3>\n<h3 data-start=\"350\" data-end=\"371\"><a href=\"https:\/\/www.facebook.com\/polishnetwork\/videos\/2604811216535625\" target=\"_blank\" rel=\"noopener\">\ud83d\udc49 Pe\u0142na Wersja Zaproszenia Kliknij Tutaj<\/a><\/h3>\n<p>\ud83d\udc49 <a href=\"https:\/\/kaczorcpa.com\/wp-content\/uploads\/2025\/09\/seminarium.pdf\" target=\"_blank\" rel=\"noopener\">Wszystkie daty w wersji PDF<\/a><\/p>\n<h3 data-start=\"350\" data-end=\"371\">Tematy i terminy:<\/h3>\n<h2><strong data-start=\"373\" data-end=\"388\">1. Medicare<\/strong><\/h2>\n<p data-start=\"373\" data-end=\"688\">Dowiedz si\u0119, jak uzyska\u0107 najlepsze pokrycie i skutecznie zarz\u0105dza\u0107 swoim ubezpieczeniem zdrowotnym.<br data-start=\"490\" data-end=\"493\">\ud83d\udccd 2 pa\u017adziernika, godz. 19:00 \u2013 O\u015brodek Jezuicki, Chicago<br data-start=\"551\" data-end=\"554\">\ud83d\udccd 4 pa\u017adziernika, godz. 10:00 \u2013 Art Gallery Cafe, Wood Dale<br data-start=\"614\" data-end=\"617\">\ud83d\udccd 7 pa\u017adziernika, godz. 19:00 \u2013 Parafia Mi\u0142osierdzia Bo\u017cego, Lombard<\/p>\n<h2 data-start=\"690\" data-end=\"869\"><strong data-start=\"690\" data-end=\"721\">2. Spadki, trusty i podatki<\/strong><\/h2>\n<p data-start=\"690\" data-end=\"869\">Jak zabezpieczy\u0107 rodzin\u0119, unikn\u0105\u0107 podatku od spadku i otrzyma\u0107 spadek z Polski.<br data-start=\"803\" data-end=\"806\">\ud83d\udccd 11 pa\u017adziernika, godz. 10:00 \u2013 Art Gallery Cafe, Wood Dale<\/p>\n<h2 data-start=\"871\" data-end=\"1167\"><strong data-start=\"871\" data-end=\"902\">3. Zabezpieczenie finansowe<\/strong><\/h2>\n<p data-start=\"871\" data-end=\"1167\">Strategie ochrony maj\u0105tku i planowania bezpiecznej emerytury.<br data-start=\"966\" data-end=\"969\">\ud83d\udccd 16 pa\u017adziernika, godz. 19:00 \u2013 O\u015brodek Jezuicki, Chicago<br data-start=\"1028\" data-end=\"1031\">\ud83d\udccd 18 pa\u017adziernika, godz. 10:00 \u2013 Art Gallery Cafe, Wood Dale<br data-start=\"1092\" data-end=\"1095\">\ud83d\udccd 21 pa\u017adziernika, godz. 19:00 \u2013 Parafia Mi\u0142osierdzia Bo\u017cego, Lombard<\/p>\n<h2 data-start=\"1169\" data-end=\"1320\"><strong data-start=\"1169\" data-end=\"1191\">4. Social Security<\/strong><\/h2>\n<p data-start=\"1169\" data-end=\"1320\">Jak zmaksymalizowa\u0107 swoje \u015bwiadczenia i zadba\u0107 o przysz\u0142o\u015b\u0107.<br data-start=\"1254\" data-end=\"1257\">\ud83d\udccd 22 pa\u017adziernika, godz. 19:00 \u2013 Art Gallery Cafe, Wood Dale<\/p>\n<h2 data-start=\"1322\" data-end=\"1537\"><strong data-start=\"1322\" data-end=\"1350\">5. Kurs finansowy online<\/strong><\/h2>\n<p data-start=\"1322\" data-end=\"1537\">Zarz\u0105dzanie bud\u017cetem, unikanie d\u0142ug\u00f3w, oszcz\u0119dzanie i inwestowanie w oparciu o warto\u015bci biblijne (Crown Ministry).<br data-start=\"1467\" data-end=\"1470\">\ud83d\udcbb 15 pa\u017adziernika, godz. 19:00 \u2013 Online<br data-start=\"1510\" data-end=\"1513\">\u260e Zapisy: 847.899.4644<\/p>\n<h2 data-start=\"1539\" data-end=\"1747\"><strong data-start=\"1539\" data-end=\"1576\">6. Jak naprawi\u0107 sw\u00f3j Credit Score<\/strong>&nbsp;<\/h2>\n<p data-start=\"1539\" data-end=\"1747\">Techniki i zmiany nawyk\u00f3w, kt\u00f3re poprawi\u0105 Tw\u00f3j wynik kredytowy.<br data-start=\"1677\" data-end=\"1680\">\ud83d\udccd 4, 11, 18 listopada, godz. 19:00 \u2013 Art Gallery Cafe, Wood Dale<\/p>\n<hr data-start=\"1749\" data-end=\"1752\">\n<p data-start=\"1754\" data-end=\"1911\">\ud83d\udcde Rejestracja: <strong data-start=\"1770\" data-end=\"1786\">847.584.1040<\/strong><br data-start=\"1786\" data-end=\"1789\">\ud83c\udf10 Wi\u0119cej informacji: <a class=\"decorated-link\" href=\"https:\/\/kaczorcpa.com\/pl\/\" target=\"_new\" rel=\"noopener\" data-start=\"1811\" data-end=\"1849\">kaczorcpa.com<\/a><br data-start=\"1849\" data-end=\"1852\">\u26a0 Ilo\u015b\u0107 miejsc ograniczona \u2013 decyduje kolejno\u015b\u0107 zg\u0142osze\u0144.<\/p>","protected":false},"excerpt":{"rendered":"<p>\ud83d\udce2 Zaproszenie na Seminaria Edukacyjne Kaczor CPA \u201eWiedza to Tw\u00f3j klucz do sukcesu\u201d \u2013 do\u0142\u0105cz do serii praktycznych seminari\u00f3w, kt\u00f3re pomog\u0105 Ci lepiej zarz\u0105dza\u0107 finansami, podatkami i ubezpieczeniami. &nbsp; \ud83d\udc49 Pe\u0142na Wersja Zaproszenia Kliknij Tutaj \ud83d\udc49 Wszystkie daty w wersji PDF Tematy i terminy: 1. Medicare Dowiedz si\u0119, jak uzyska\u0107 najlepsze pokrycie i skutecznie zarz\u0105dza\u0107 [&hellip;]<\/p>","protected":false},"author":8,"featured_media":0,"parent":0,"menu_order":0,"comment_status":"closed","ping_status":"closed","template":"","meta":{"ub_ctt_via":"","ngg_post_thumbnail":0,"footnotes":""},"class_list":["post-3732","page","type-page","status-publish","hentry"],"featured_image_src":null,"yoast_head":"<!-- This site is optimized with the Yoast SEO plugin v27.2 - https:\/\/yoast.com\/product\/yoast-seo-wordpress\/ -->\n<title>\ud83d\udce2 Zaproszenie na Seminaria Edukacyjne Kaczor CPA - Kaczor &amp; Associates Ltd.<\/title>\n<meta name=\"robots\" content=\"index, follow, max-snippet:-1, max-image-preview:large, max-video-preview:-1\" \/>\n<link rel=\"canonical\" href=\"https:\/\/kaczorcpa.com\/pl\/seminaria\/\" \/>\n<meta property=\"og:locale\" content=\"pl_PL\" \/>\n<meta property=\"og:type\" content=\"article\" \/>\n<meta property=\"og:title\" content=\"\ud83d\udce2 Zaproszenie na Seminaria Edukacyjne Kaczor CPA - Kaczor &amp; Associates Ltd.\" \/>\n<meta property=\"og:description\" content=\"\ud83d\udce2 Zaproszenie na Seminaria Edukacyjne Kaczor CPA \u201eWiedza to Tw\u00f3j klucz do sukcesu\u201d \u2013 do\u0142\u0105cz do serii praktycznych seminari\u00f3w, kt\u00f3re pomog\u0105 Ci lepiej zarz\u0105dza\u0107 finansami, podatkami i ubezpieczeniami. &nbsp; \ud83d\udc49 Pe\u0142na Wersja Zaproszenia Kliknij Tutaj \ud83d\udc49 Wszystkie daty w wersji PDF Tematy i terminy: 1. Medicare Dowiedz si\u0119, jak uzyska\u0107 najlepsze pokrycie i skutecznie zarz\u0105dza\u0107 [&hellip;]\" \/>\n<meta property=\"og:url\" content=\"https:\/\/kaczorcpa.com\/pl\/seminaria\/\" \/>\n<meta property=\"og:site_name\" content=\"Kaczor &amp; Associates Ltd.\" \/>\n<meta property=\"article:publisher\" content=\"https:\/\/www.facebook.com\/pg\/Kaczor-Associates-Ltd-365432906906559\/\" \/>\n<meta property=\"article:modified_time\" content=\"2025-09-24T04:53:16+00:00\" \/>\n<meta name=\"twitter:card\" content=\"summary_large_image\" \/>\n<meta name=\"twitter:label1\" content=\"Szacowany czas czytania\" \/>\n\t<meta name=\"twitter:data1\" content=\"2 minuty\" \/>\n<script type=\"application\/ld+json\" class=\"yoast-schema-graph\">{\"@context\":\"https:\/\/schema.org\",\"@graph\":[{\"@type\":\"WebPage\",\"@id\":\"https:\/\/kaczorcpa.com\/seminaria\/\",\"url\":\"https:\/\/kaczorcpa.com\/seminaria\/\",\"name\":\"\ud83d\udce2 Zaproszenie na Seminaria Edukacyjne Kaczor CPA - Kaczor &amp; Associates Ltd.\",\"isPartOf\":{\"@id\":\"https:\/\/kaczorcpa.com\/#website\"},\"datePublished\":\"2025-09-24T04:33:18+00:00\",\"dateModified\":\"2025-09-24T04:53:16+00:00\",\"breadcrumb\":{\"@id\":\"https:\/\/kaczorcpa.com\/seminaria\/#breadcrumb\"},\"inLanguage\":\"pl-PL\",\"potentialAction\":[{\"@type\":\"ReadAction\",\"target\":[\"https:\/\/kaczorcpa.com\/seminaria\/\"]}]},{\"@type\":\"BreadcrumbList\",\"@id\":\"https:\/\/kaczorcpa.com\/seminaria\/#breadcrumb\",\"itemListElement\":[{\"@type\":\"ListItem\",\"position\":1,\"name\":\"Home\",\"item\":\"https:\/\/kaczorcpa.com\/\"},{\"@type\":\"ListItem\",\"position\":2,\"name\":\"\ud83d\udce2 Zaproszenie na Seminaria Edukacyjne Kaczor CPA\"}]},{\"@type\":\"WebSite\",\"@id\":\"https:\/\/kaczorcpa.com\/#website\",\"url\":\"https:\/\/kaczorcpa.com\/\",\"name\":\"Kaczor &amp; Associates Ltd.\",\"description\":\"Experience you can trust.\",\"potentialAction\":[{\"@type\":\"SearchAction\",\"target\":{\"@type\":\"EntryPoint\",\"urlTemplate\":\"https:\/\/kaczorcpa.com\/?s={search_term_string}\"},\"query-input\":{\"@type\":\"PropertyValueSpecification\",\"valueRequired\":true,\"valueName\":\"search_term_string\"}}],\"inLanguage\":\"pl-PL\"}]}<\/script>\n<!-- \/ Yoast SEO plugin. -->","yoast_head_json":{"title":"\ud83d\udce2 Zaproszenie na Seminaria Edukacyjne Kaczor CPA - Kaczor &amp; Associates Ltd.","robots":{"index":"index","follow":"follow","max-snippet":"max-snippet:-1","max-image-preview":"max-image-preview:large","max-video-preview":"max-video-preview:-1"},"canonical":"https:\/\/kaczorcpa.com\/pl\/seminaria\/","og_locale":"pl_PL","og_type":"article","og_title":"\ud83d\udce2 Zaproszenie na Seminaria Edukacyjne Kaczor CPA - Kaczor &amp; Associates Ltd.","og_description":"\ud83d\udce2 Zaproszenie na Seminaria Edukacyjne Kaczor CPA \u201eWiedza to Tw\u00f3j klucz do sukcesu\u201d \u2013 do\u0142\u0105cz do serii praktycznych seminari\u00f3w, kt\u00f3re pomog\u0105 Ci lepiej zarz\u0105dza\u0107 finansami, podatkami i ubezpieczeniami. &nbsp; \ud83d\udc49 Pe\u0142na Wersja Zaproszenia Kliknij Tutaj \ud83d\udc49 Wszystkie daty w wersji PDF Tematy i terminy: 1. Medicare Dowiedz si\u0119, jak uzyska\u0107 najlepsze pokrycie i skutecznie zarz\u0105dza\u0107 [&hellip;]","og_url":"https:\/\/kaczorcpa.com\/pl\/seminaria\/","og_site_name":"Kaczor &amp; Associates Ltd.","article_publisher":"https:\/\/www.facebook.com\/pg\/Kaczor-Associates-Ltd-365432906906559\/","article_modified_time":"2025-09-24T04:53:16+00:00","twitter_card":"summary_large_image","twitter_misc":{"Szacowany czas czytania":"2 minuty"},"schema":{"@context":"https:\/\/schema.org","@graph":[{"@type":"WebPage","@id":"https:\/\/kaczorcpa.com\/seminaria\/","url":"https:\/\/kaczorcpa.com\/seminaria\/","name":"\ud83d\udce2 Zaproszenie na Seminaria Edukacyjne Kaczor CPA - Kaczor &amp; Associates Ltd.","isPartOf":{"@id":"https:\/\/kaczorcpa.com\/#website"},"datePublished":"2025-09-24T04:33:18+00:00","dateModified":"2025-09-24T04:53:16+00:00","breadcrumb":{"@id":"https:\/\/kaczorcpa.com\/seminaria\/#breadcrumb"},"inLanguage":"pl-PL","potentialAction":[{"@type":"ReadAction","target":["https:\/\/kaczorcpa.com\/seminaria\/"]}]},{"@type":"BreadcrumbList","@id":"https:\/\/kaczorcpa.com\/seminaria\/#breadcrumb","itemListElement":[{"@type":"ListItem","position":1,"name":"Home","item":"https:\/\/kaczorcpa.com\/"},{"@type":"ListItem","position":2,"name":"\ud83d\udce2 Zaproszenie na Seminaria Edukacyjne Kaczor CPA"}]},{"@type":"WebSite","@id":"https:\/\/kaczorcpa.com\/#website","url":"https:\/\/kaczorcpa.com\/","name":"Kaczor &amp; Associates Ltd.","description":"Experience you can trust.","potentialAction":[{"@type":"SearchAction","target":{"@type":"EntryPoint","urlTemplate":"https:\/\/kaczorcpa.com\/?s={search_term_string}"},"query-input":{"@type":"PropertyValueSpecification","valueRequired":true,"valueName":"search_term_string"}}],"inLanguage":"pl-PL"}]}},"_links":{"self":[{"href":"https:\/\/kaczorcpa.com\/pl\/wp-json\/wp\/v2\/pages\/3732","targetHints":{"allow":["GET"]}}],"collection":[{"href":"https:\/\/kaczorcpa.com\/pl\/wp-json\/wp\/v2\/pages"}],"about":[{"href":"https:\/\/kaczorcpa.com\/pl\/wp-json\/wp\/v2\/types\/page"}],"author":[{"embeddable":true,"href":"https:\/\/kaczorcpa.com\/pl\/wp-json\/wp\/v2\/users\/8"}],"replies":[{"embeddable":true,"href":"https:\/\/kaczorcpa.com\/pl\/wp-json\/wp\/v2\/comments?post=3732"}],"version-history":[{"count":8,"href":"https:\/\/kaczorcpa.com\/pl\/wp-json\/wp\/v2\/pages\/3732\/revisions"}],"predecessor-version":[{"id":3740,"href":"https:\/\/kaczorcpa.com\/pl\/wp-json\/wp\/v2\/pages\/3732\/revisions\/3740"}],"wp:attachment":[{"href":"https:\/\/kaczorcpa.com\/pl\/wp-json\/wp\/v2\/media?parent=3732"}],"curies":[{"name":"wp","href":"https:\/\/api.w.org\/{rel}","templated":true}]}}