{"id":3454,"date":"2022-01-15T12:49:25","date_gmt":"2022-01-15T18:49:25","guid":{"rendered":"https:\/\/kaczorcpa.com\/?page_id=3454"},"modified":"2025-01-10T20:08:33","modified_gmt":"2025-01-11T02:08:33","slug":"tax-preparation-and-financial-services","status":"publish","type":"page","link":"https:\/\/kaczorcpa.com\/pl\/","title":{"rendered":"Tax Preparation and Financial Services"},"content":{"rendered":"<div class=\"wp-block-group\"><div class=\"wp-block-group__inner-container is-layout-flow wp-block-group-is-layout-flow\">\r\n<div class=\"wp-block-columns is-layout-flex wp-container-core-columns-is-layout-9d6595d7 wp-block-columns-is-layout-flex\">\r\n<div class=\"wp-block-column is-layout-flow wp-block-column-is-layout-flow\" style=\"flex-basis: 100%;\">\r\n<h2 style=\"text-align: left;\"><span style=\"color: #003366;\"><span style=\"font-size: 24px;\">Przygotuj si\u0119 do sezonu podatkowego<\/span><\/span><\/h2>\r\n<div>\r\n<ul>\r\n<li><strong><a href=\"https:\/\/www.my1040pro.com\/u\/kaczorcpa\/view\/232\" target=\"_blank\" rel=\"noopener\">TAX Essentials Newsletter &amp; What&#8217;s New<\/a><\/strong><\/li>\r\n<li><a href=\"https:\/\/kaczorcpa.com\/pl\/tax-audit\/\"><strong>TAX Audit Representation<\/strong><\/a><\/li>\r\n<li><strong><a href=\"https:\/\/www.my1040pro.com\/u\/kaczorcpa\/view\/81\" target=\"_blank\" rel=\"noopener\">Income TAX Organizer Worksheet<\/a><\/strong><\/li>\r\n<li><strong><a href=\"https:\/\/my1040pro.com\/kaczorcpa\" target=\"_blank\" rel=\"noopener\">Wi\u0119cej przydatnych artyku\u0142\u00f3w<\/a><\/strong><\/li>\r\n<\/ul>\r\n<\/div>\r\n<\/div>\r\n<p><a href=\"https:\/\/www.clearviewwealth.us\/\" target=\"_blank\" rel=\"noopener\"><img loading=\"lazy\" decoding=\"async\" class=\"wp-image-3657 alignnone\" src=\"https:\/\/kaczorcpa.com\/wp-content\/uploads\/2024\/03\/Clear-View-Wealth-v3.png\" alt=\"\" width=\"487\" height=\"487\" data-wp-editing=\"1\"><\/a><\/p>\r\n<\/div>\r\n\r\n\r\n\r\n<div class=\"wp-block-columns is-layout-flex wp-container-core-columns-is-layout-9d6595d7 wp-block-columns-is-layout-flex\">\r\n<div class=\"wp-block-column is-layout-flow wp-block-column-is-layout-flow\"><div class=\"wp-block-ub-content-toggle wp-block-ub-content-toggle-block\" id=\"ub-content-toggle-block-5aa881f9-17a1-4104-ba52-77213da973c3\" data-mobilecollapse=\"false\" data-desktopcollapse=\"false\" data-preventcollapse=\"false\" data-showonlyone=\"true\">\r\n\r\n<div class=\"wp-block-ub-content-toggle-accordion\" style=\"border-color: #f1f1f1;\" id=\"ub-content-toggle-panel-block-\">\n\t\t\t<div class=\"wp-block-ub-content-toggle-accordion-title-wrap\" style=\"background-color: #f1f1f1;\" aria-controls=\"ub-content-toggle-panel-0-5aa881f9-17a1-4104-ba52-77213da973c3\" tabindex=\"0\">\n\t\t\t<p class=\"wp-block-ub-content-toggle-accordion-title ub-content-toggle-title-5aa881f9-17a1-4104-ba52-77213da973c3\" style=\"color: #000000; \"><strong>Ksi\u0119gowo\u015b\u0107 i Podatki<\/strong><\/p>\n\t\t\t<div class=\"wp-block-ub-content-toggle-accordion-toggle-wrap left\" style=\"color: #000000;\"><span class=\"wp-block-ub-content-toggle-accordion-state-indicator wp-block-ub-math-plus\"><\/span><\/div>\n\t\t<\/div>\n\t\t\t<div role=\"region\" aria-expanded=\"false\" class=\"wp-block-ub-content-toggle-accordion-content-wrap ub-hide\" id=\"ub-content-toggle-panel-0-5aa881f9-17a1-4104-ba52-77213da973c3\">\r\n\r\n\r\n<h2 class=\"wp-block-heading\"><strong>Ksi\u0119gowo\u015b\u0107 i Podatki<\/strong><\/h2>\r\n\r\n\r\n\r\n<h3 class=\"wp-block-heading\">Pomo\u017cemy Ci z:<\/h3>\r\n\r\n\r\n\r\n<ul class=\"wp-block-list\">\r\n<li>Tax Planning, Accounting, Bookkeeping<\/li>\r\n\r\n\r\n\r\n<li>Year-Round Tax Support<\/li>\r\n\r\n\r\n\r\n<li>Financial Statements<\/li>\r\n\r\n\r\n\r\n<li>Compilations<\/li>\r\n\r\n\r\n\r\n<li>Reviews<\/li>\r\n\r\n\r\n\r\n<li>Audits<\/li>\r\n<\/ul>\r\n\r\n\r\n\r\n<h3 class=\"wp-block-heading\">Miesi\u0119czne:<\/h3>\r\n\r\n\r\n\r\n<ul class=\"wp-block-list\">\r\n<li>Internal Monthly Financial Statements<\/li>\r\n\r\n\r\n\r\n<li>Local\/City Sales Tax Reports<\/li>\r\n<\/ul>\r\n\r\n\r\n\r\n<h3 class=\"wp-block-heading\">Roczne:<\/h3>\r\n\r\n\r\n\r\n<ul class=\"wp-block-list\">\r\n<li>Federal, State and City Tax Summaries<\/li>\r\n\r\n\r\n\r\n<li>Individual Employee Earnings History<\/li>\r\n\r\n\r\n\r\n<li>State Unemployment Tax Returns<\/li>\r\n\r\n\r\n\r\n<li>Local\/City Tax Reports<\/li>\r\n<\/ul>\r\n\r\n\r\n\r\n<h3 class=\"wp-block-heading\">Annually:<\/h3>\r\n\r\n\r\n\r\n<ul class=\"wp-block-list\">\r\n<li>Federal, State, City Income Tax Returns<\/li>\r\n\r\n\r\n\r\n<li>1096, 1099 Tax Forms<\/li>\r\n<\/ul>\r\n<\/div>\n\t\t<\/div>\r\n\r\n<div class=\"wp-block-ub-content-toggle-accordion\" style=\"border-color: #f1f1f1;\" id=\"ub-content-toggle-panel-block-\">\n\t\t\t<div class=\"wp-block-ub-content-toggle-accordion-title-wrap\" style=\"background-color: #f1f1f1;\" aria-controls=\"ub-content-toggle-panel-1-5aa881f9-17a1-4104-ba52-77213da973c3\" tabindex=\"0\">\n\t\t\t<p class=\"wp-block-ub-content-toggle-accordion-title ub-content-toggle-title-5aa881f9-17a1-4104-ba52-77213da973c3\" style=\"color: #000000; \"><strong>Rozwi\u0105zywanie problem\u00f3w podatkowych<\/strong><\/p>\n\t\t\t<div class=\"wp-block-ub-content-toggle-accordion-toggle-wrap left\" style=\"color: #000000;\"><span class=\"wp-block-ub-content-toggle-accordion-state-indicator wp-block-ub-math-plus\"><\/span><\/div>\n\t\t<\/div>\n\t\t\t<div role=\"region\" aria-expanded=\"false\" class=\"wp-block-ub-content-toggle-accordion-content-wrap ub-hide\" id=\"ub-content-toggle-panel-1-5aa881f9-17a1-4104-ba52-77213da973c3\">\r\n\r\n\r\n<h2 class=\"wp-block-heading\">Rozwi\u0105zywanie problem\u00f3w podatkowych<\/h2>\r\n\r\n\r\n\r\n<ul class=\"wp-block-list\">\r\n<li>Internal Revenue Service<\/li>\r\n\r\n\r\n\r\n<li>Internal Department of Revenue<\/li>\r\n\r\n\r\n\r\n<li>Illinois Department of Employment Security<\/li>\r\n\r\n\r\n\r\n<li>Income Taxes<\/li>\r\n\r\n\r\n\r\n<li>Payroll Taxes<\/li>\r\n\r\n\r\n\r\n<li>Sales Taxes<\/li>\r\n\r\n\r\n\r\n<li>Audits and Appeals<\/li>\r\n<\/ul>\r\n\r\n\r\n\r\n<p><em>Mo\u017cemy obni\u017cy\u0107 i uregulowa\u0107 Twoje dotychczasowe zobowi\u0105zania podatkowe<\/em><\/p>\r\n<\/div>\n\t\t<\/div>\r\n\r\n<div class=\"wp-block-ub-content-toggle-accordion\" style=\"border-color: #f1f1f1;\" id=\"ub-content-toggle-panel-block-\">\n\t\t\t<div class=\"wp-block-ub-content-toggle-accordion-title-wrap\" style=\"background-color: #f1f1f1;\" aria-controls=\"ub-content-toggle-panel-2-5aa881f9-17a1-4104-ba52-77213da973c3\" tabindex=\"0\">\n\t\t\t<p class=\"wp-block-ub-content-toggle-accordion-title ub-content-toggle-title-5aa881f9-17a1-4104-ba52-77213da973c3\" style=\"color: #000000; \"><strong>Wsparcie dla Biznes\u00f3w<\/strong><\/p>\n\t\t\t<div class=\"wp-block-ub-content-toggle-accordion-toggle-wrap left\" style=\"color: #000000;\"><span class=\"wp-block-ub-content-toggle-accordion-state-indicator wp-block-ub-math-plus\"><\/span><\/div>\n\t\t<\/div>\n\t\t\t<div role=\"region\" aria-expanded=\"false\" class=\"wp-block-ub-content-toggle-accordion-content-wrap ub-hide\" id=\"ub-content-toggle-panel-2-5aa881f9-17a1-4104-ba52-77213da973c3\">\r\n\r\n\r\n<h2 class=\"wp-block-heading\"><strong>Wsparcie dla Biznes\u00f3w<\/strong><\/h2>\r\n\r\n\r\n\r\n<h3 class=\"wp-block-heading\">Oferujemy kompleksowe wsparcie biznesowe<\/h3>\r\n\r\n\r\n\r\n<ul class=\"wp-block-list\">\r\n<li>Analysis of your accounting system<\/li>\r\n\r\n\r\n\r\n<li>Review of internal accounting control<\/li>\r\n\r\n\r\n\r\n<li>Creation of your current financial statements<\/li>\r\n\r\n\r\n\r\n<li>Analysis of ratios and comparisons to industry&#8217;s benchmarks<\/li>\r\n\r\n\r\n\r\n<li>Training on accounting software<\/li>\r\n<\/ul>\r\n\r\n\r\n\r\n<h3 class=\"wp-block-heading\">Skorzystaj z zasob\u00f3w, kt\u00f3re Ci udost\u0119pniamy<\/h3>\r\n\r\n\r\n\r\n<ul class=\"wp-block-list\">\r\n<li>Budgeting tools<\/li>\r\n\r\n\r\n\r\n<li>Process planning<\/li>\r\n\r\n\r\n\r\n<li>Goal-achieving training<\/li>\r\n\r\n\r\n\r\n<li>Retirement tax planning<\/li>\r\n<\/ul>\r\n<\/div>\n\t\t<\/div>\r\n\r\n<div class=\"wp-block-ub-content-toggle-accordion\" style=\"border-color: #f1f1f1;\" id=\"ub-content-toggle-panel-block-\">\n\t\t\t<div class=\"wp-block-ub-content-toggle-accordion-title-wrap\" style=\"background-color: #f1f1f1;\" aria-controls=\"ub-content-toggle-panel-3-5aa881f9-17a1-4104-ba52-77213da973c3\" tabindex=\"0\">\n\t\t\t<p class=\"wp-block-ub-content-toggle-accordion-title ub-content-toggle-title-5aa881f9-17a1-4104-ba52-77213da973c3\" style=\"color: #000000; \"><strong><strong>Us\u0142ugi Payroll<\/strong><\/strong><\/p>\n\t\t\t<div class=\"wp-block-ub-content-toggle-accordion-toggle-wrap left\" style=\"color: #000000;\"><span class=\"wp-block-ub-content-toggle-accordion-state-indicator wp-block-ub-math-plus\"><\/span><\/div>\n\t\t<\/div>\n\t\t\t<div role=\"region\" aria-expanded=\"false\" class=\"wp-block-ub-content-toggle-accordion-content-wrap ub-hide\" id=\"ub-content-toggle-panel-3-5aa881f9-17a1-4104-ba52-77213da973c3\">\r\n\r\n\r\n<h2 class=\"wp-block-heading\"><strong><strong>Us\u0142ugi Payroll<\/strong><\/strong><\/h2>\r\n\r\n\r\n\r\n<h3 class=\"wp-block-heading\">Payroll:<\/h3>\r\n\r\n\r\n\r\n<ul class=\"wp-block-list\">\r\n<li>Payroll Time Sheets<\/li>\r\n\r\n\r\n\r\n<li>Payroll Registers<\/li>\r\n\r\n\r\n\r\n<li>Payroll Checks<\/li>\r\n\r\n\r\n\r\n<li>Tax Liability Reports<\/li>\r\n\r\n\r\n\r\n<li>Federal, State and City Tax Deposit<\/li>\r\n\r\n\r\n\r\n<li>Employee W-2 Forms<\/li>\r\n\r\n\r\n\r\n<li>Federal W-3 Forms<\/li>\r\n<\/ul>\r\n\r\n\r\n\r\n<h3 class=\"wp-block-heading\">Korzy\u015bci z naszych us\u0142ug:<\/h3>\r\n\r\n\r\n\r\n<ul class=\"wp-block-list\">\r\n<li>Accuracy and on-time delivery<\/li>\r\n\r\n\r\n\r\n<li>Optional check signing and stuffing<\/li>\r\n\r\n\r\n\r\n<li>Employee direct deposits<\/li>\r\n\r\n\r\n\r\n<li>One day turnaround time<\/li>\r\n\r\n\r\n\r\n<li>Reports tailored to your HR needs<\/li>\r\n\r\n\r\n\r\n<li>Reduced workload<\/li>\r\n\r\n\r\n\r\n<li>Time savings\/flexibility<\/li>\r\n\r\n\r\n\r\n<li>Service focused on you, our client<\/li>\r\n<\/ul>\r\n<p><strong>SMS Sharing Disclosure:<\/strong> No mobile information will be shared with third parties\/affiliates for marketing\/promotional purposes.<\/p>\r\n<\/div>\n\t\t<\/div><\/div><\/div>\r\n<\/div>\r\n<\/div><\/div>\r\n\r\n\r\n\r\n<h2 class=\"wp-block-heading\"><img loading=\"lazy\" decoding=\"async\" width=\"1000\" height=\"596\" class=\"wp-image-3517\" style=\"width: 1000px;\" src=\"https:\/\/kaczorcpa.com\/wp-content\/uploads\/2022\/01\/kaczor-cpa-business-tax-service-schaumburg-Illinois-1.jpg\" alt=\"\" srcset=\"https:\/\/kaczorcpa.com\/wp-content\/uploads\/2022\/01\/kaczor-cpa-business-tax-service-schaumburg-Illinois-1.jpg 1130w, https:\/\/kaczorcpa.com\/wp-content\/uploads\/2022\/01\/kaczor-cpa-business-tax-service-schaumburg-Illinois-1-300x179.jpg 300w, https:\/\/kaczorcpa.com\/wp-content\/uploads\/2022\/01\/kaczor-cpa-business-tax-service-schaumburg-Illinois-1-1024x610.jpg 1024w, https:\/\/kaczorcpa.com\/wp-content\/uploads\/2022\/01\/kaczor-cpa-business-tax-service-schaumburg-Illinois-1-768x457.jpg 768w, https:\/\/kaczorcpa.com\/wp-content\/uploads\/2022\/01\/kaczor-cpa-business-tax-service-schaumburg-Illinois-1-600x357.jpg 600w\" sizes=\"auto, (max-width: 1000px) 100vw, 1000px\" \/><\/h2>\r\n\r\n\r\n\r\n<p>&nbsp;<\/p>","protected":false},"excerpt":{"rendered":"<p>Getting ready for the Upcoming Tax Season TAX Essentials Newsletter &amp; What&#8217;s New TAX Audit Representation Income TAX Organizer Worksheet More Useful Articles and Worksheets &nbsp;<\/p>","protected":false},"author":8,"featured_media":0,"parent":0,"menu_order":0,"comment_status":"closed","ping_status":"closed","template":"","meta":{"ub_ctt_via":"","ngg_post_thumbnail":0,"footnotes":""},"class_list":["post-3454","page","type-page","status-publish","hentry"],"featured_image_src":null,"yoast_head":"<!-- This site is optimized with the Yoast SEO plugin v27.2 - https:\/\/yoast.com\/product\/yoast-seo-wordpress\/ -->\n<title>Accounting Services<\/title>\n<meta name=\"description\" content=\"Kaczor &amp; Associates offers comprehensive tax and accounting service. We have over 20 years of experience and growing number of satisfied customers.\" \/>\n<meta name=\"robots\" content=\"index, follow, max-snippet:-1, max-image-preview:large, max-video-preview:-1\" \/>\n<link rel=\"canonical\" href=\"https:\/\/kaczorcpa.com\/pl\/\" \/>\n<meta property=\"og:locale\" content=\"pl_PL\" \/>\n<meta property=\"og:type\" content=\"article\" \/>\n<meta property=\"og:title\" content=\"Accounting Services\" \/>\n<meta property=\"og:description\" content=\"Kaczor &amp; Associates offers comprehensive tax and accounting service. We have over 20 years of experience and growing number of satisfied customers.\" \/>\n<meta property=\"og:url\" content=\"https:\/\/kaczorcpa.com\/pl\/\" \/>\n<meta property=\"og:site_name\" content=\"Kaczor &amp; Associates Ltd.\" \/>\n<meta property=\"article:publisher\" content=\"https:\/\/www.facebook.com\/pg\/Kaczor-Associates-Ltd-365432906906559\/\" \/>\n<meta property=\"article:modified_time\" content=\"2025-01-11T02:08:33+00:00\" \/>\n<meta property=\"og:image\" content=\"https:\/\/kaczorcpa.com\/wp-content\/uploads\/2024\/03\/Clear-View-Wealth-v3.png\" \/>\n<meta name=\"twitter:card\" content=\"summary_large_image\" \/>\n<meta name=\"twitter:label1\" content=\"Szacowany czas czytania\" \/>\n\t<meta name=\"twitter:data1\" content=\"2 minuty\" \/>\n<script type=\"application\/ld+json\" class=\"yoast-schema-graph\">{\"@context\":\"https:\/\/schema.org\",\"@graph\":[{\"@type\":\"WebPage\",\"@id\":\"https:\/\/kaczorcpa.com\/\",\"url\":\"https:\/\/kaczorcpa.com\/\",\"name\":\"Accounting Services\",\"isPartOf\":{\"@id\":\"https:\/\/kaczorcpa.com\/#website\"},\"primaryImageOfPage\":{\"@id\":\"https:\/\/kaczorcpa.com\/#primaryimage\"},\"image\":{\"@id\":\"https:\/\/kaczorcpa.com\/#primaryimage\"},\"thumbnailUrl\":\"https:\/\/kaczorcpa.com\/wp-content\/uploads\/2024\/03\/Clear-View-Wealth-v3.png\",\"datePublished\":\"2022-01-15T18:49:25+00:00\",\"dateModified\":\"2025-01-11T02:08:33+00:00\",\"description\":\"Kaczor & Associates offers comprehensive tax and accounting service. We have over 20 years of experience and growing number of satisfied customers.\",\"breadcrumb\":{\"@id\":\"https:\/\/kaczorcpa.com\/#breadcrumb\"},\"inLanguage\":\"pl-PL\",\"potentialAction\":[{\"@type\":\"ReadAction\",\"target\":[\"https:\/\/kaczorcpa.com\/\"]}]},{\"@type\":\"ImageObject\",\"inLanguage\":\"pl-PL\",\"@id\":\"https:\/\/kaczorcpa.com\/#primaryimage\",\"url\":\"https:\/\/kaczorcpa.com\/wp-content\/uploads\/2024\/03\/Clear-View-Wealth-v3.png\",\"contentUrl\":\"https:\/\/kaczorcpa.com\/wp-content\/uploads\/2024\/03\/Clear-View-Wealth-v3.png\"},{\"@type\":\"BreadcrumbList\",\"@id\":\"https:\/\/kaczorcpa.com\/#breadcrumb\",\"itemListElement\":[{\"@type\":\"ListItem\",\"position\":1,\"name\":\"Home\",\"item\":\"https:\/\/kaczorcpa.com\/\"},{\"@type\":\"ListItem\",\"position\":2,\"name\":\"Tax Preparation and Financial Services\"}]},{\"@type\":\"WebSite\",\"@id\":\"https:\/\/kaczorcpa.com\/#website\",\"url\":\"https:\/\/kaczorcpa.com\/\",\"name\":\"Kaczor &amp; Associates Ltd.\",\"description\":\"Experience you can trust.\",\"potentialAction\":[{\"@type\":\"SearchAction\",\"target\":{\"@type\":\"EntryPoint\",\"urlTemplate\":\"https:\/\/kaczorcpa.com\/?s={search_term_string}\"},\"query-input\":{\"@type\":\"PropertyValueSpecification\",\"valueRequired\":true,\"valueName\":\"search_term_string\"}}],\"inLanguage\":\"pl-PL\"}]}<\/script>\n<!-- \/ Yoast SEO plugin. -->","yoast_head_json":{"title":"Accounting Services","description":"Kaczor & Associates offers comprehensive tax and accounting service. We have over 20 years of experience and growing number of satisfied customers.","robots":{"index":"index","follow":"follow","max-snippet":"max-snippet:-1","max-image-preview":"max-image-preview:large","max-video-preview":"max-video-preview:-1"},"canonical":"https:\/\/kaczorcpa.com\/pl\/","og_locale":"pl_PL","og_type":"article","og_title":"Accounting Services","og_description":"Kaczor & Associates offers comprehensive tax and accounting service. We have over 20 years of experience and growing number of satisfied customers.","og_url":"https:\/\/kaczorcpa.com\/pl\/","og_site_name":"Kaczor &amp; Associates Ltd.","article_publisher":"https:\/\/www.facebook.com\/pg\/Kaczor-Associates-Ltd-365432906906559\/","article_modified_time":"2025-01-11T02:08:33+00:00","og_image":[{"url":"https:\/\/kaczorcpa.com\/wp-content\/uploads\/2024\/03\/Clear-View-Wealth-v3.png","type":"","width":"","height":""}],"twitter_card":"summary_large_image","twitter_misc":{"Szacowany czas czytania":"2 minuty"},"schema":{"@context":"https:\/\/schema.org","@graph":[{"@type":"WebPage","@id":"https:\/\/kaczorcpa.com\/","url":"https:\/\/kaczorcpa.com\/","name":"Accounting Services","isPartOf":{"@id":"https:\/\/kaczorcpa.com\/#website"},"primaryImageOfPage":{"@id":"https:\/\/kaczorcpa.com\/#primaryimage"},"image":{"@id":"https:\/\/kaczorcpa.com\/#primaryimage"},"thumbnailUrl":"https:\/\/kaczorcpa.com\/wp-content\/uploads\/2024\/03\/Clear-View-Wealth-v3.png","datePublished":"2022-01-15T18:49:25+00:00","dateModified":"2025-01-11T02:08:33+00:00","description":"Kaczor & Associates offers comprehensive tax and accounting service. We have over 20 years of experience and growing number of satisfied customers.","breadcrumb":{"@id":"https:\/\/kaczorcpa.com\/#breadcrumb"},"inLanguage":"pl-PL","potentialAction":[{"@type":"ReadAction","target":["https:\/\/kaczorcpa.com\/"]}]},{"@type":"ImageObject","inLanguage":"pl-PL","@id":"https:\/\/kaczorcpa.com\/#primaryimage","url":"https:\/\/kaczorcpa.com\/wp-content\/uploads\/2024\/03\/Clear-View-Wealth-v3.png","contentUrl":"https:\/\/kaczorcpa.com\/wp-content\/uploads\/2024\/03\/Clear-View-Wealth-v3.png"},{"@type":"BreadcrumbList","@id":"https:\/\/kaczorcpa.com\/#breadcrumb","itemListElement":[{"@type":"ListItem","position":1,"name":"Home","item":"https:\/\/kaczorcpa.com\/"},{"@type":"ListItem","position":2,"name":"Tax Preparation and Financial Services"}]},{"@type":"WebSite","@id":"https:\/\/kaczorcpa.com\/#website","url":"https:\/\/kaczorcpa.com\/","name":"Kaczor &amp; Associates Ltd.","description":"Experience you can trust.","potentialAction":[{"@type":"SearchAction","target":{"@type":"EntryPoint","urlTemplate":"https:\/\/kaczorcpa.com\/?s={search_term_string}"},"query-input":{"@type":"PropertyValueSpecification","valueRequired":true,"valueName":"search_term_string"}}],"inLanguage":"pl-PL"}]}},"_links":{"self":[{"href":"https:\/\/kaczorcpa.com\/pl\/wp-json\/wp\/v2\/pages\/3454","targetHints":{"allow":["GET"]}}],"collection":[{"href":"https:\/\/kaczorcpa.com\/pl\/wp-json\/wp\/v2\/pages"}],"about":[{"href":"https:\/\/kaczorcpa.com\/pl\/wp-json\/wp\/v2\/types\/page"}],"author":[{"embeddable":true,"href":"https:\/\/kaczorcpa.com\/pl\/wp-json\/wp\/v2\/users\/8"}],"replies":[{"embeddable":true,"href":"https:\/\/kaczorcpa.com\/pl\/wp-json\/wp\/v2\/comments?post=3454"}],"version-history":[{"count":58,"href":"https:\/\/kaczorcpa.com\/pl\/wp-json\/wp\/v2\/pages\/3454\/revisions"}],"predecessor-version":[{"id":3677,"href":"https:\/\/kaczorcpa.com\/pl\/wp-json\/wp\/v2\/pages\/3454\/revisions\/3677"}],"wp:attachment":[{"href":"https:\/\/kaczorcpa.com\/pl\/wp-json\/wp\/v2\/media?parent=3454"}],"curies":[{"name":"wp","href":"https:\/\/api.w.org\/{rel}","templated":true}]}}