{"id":3220,"date":"2020-10-09T09:13:01","date_gmt":"2020-10-09T15:13:01","guid":{"rendered":"https:\/\/kaczorcpa.com\/?page_id=3220"},"modified":"2023-02-05T04:17:44","modified_gmt":"2023-02-05T10:17:44","slug":"seminar","status":"publish","type":"page","link":"https:\/\/kaczorcpa.com\/pl\/seminar\/","title":{"rendered":"Seminar"},"content":{"rendered":"<h2 class=\"has-text-align-center wp-block-heading\"><strong><span class=\"has-inline-color has-vivid-red-color font-size-36\">Serdecznie zapraszam do ogl\u0105dni\u0119cia video na temat umorzenia po\u017cyczki PPP:<\/span><\/strong><\/h2>\n\n\n<p style=\"text-align: center;\"><a href=\"https:\/\/youtu.be\/KiSYY-8UwXk\">You Tube Video<\/a><\/p>\n\n\n<p class=\"has-text-align-center\">=================================<\/p>\n\n\n\n<div class=\"wp-block-image\"><figure class=\"aligncenter size-large\"><img loading=\"lazy\" decoding=\"async\" width=\"331\" height=\"186\" src=\"https:\/\/kaczorcpa.com\/wp-content\/uploads\/2020\/10\/ppp_pic.jpg\" alt=\"\" class=\"wp-image-3276\" srcset=\"https:\/\/kaczorcpa.com\/wp-content\/uploads\/2020\/10\/ppp_pic.jpg 331w, https:\/\/kaczorcpa.com\/wp-content\/uploads\/2020\/10\/ppp_pic-300x169.jpg 300w\" sizes=\"auto, (max-width: 331px) 100vw, 331px\" \/><\/figure><\/div>\n\n\n\n<p><\/p>","protected":false},"excerpt":{"rendered":"<p>Serdecznie zapraszam do ogl\u0105dni\u0119cia video na temat umorzenia po\u017cyczki PPP: You Tube Video =================================<\/p>","protected":false},"author":8,"featured_media":0,"parent":0,"menu_order":0,"comment_status":"closed","ping_status":"closed","template":"","meta":{"ub_ctt_via":"","ngg_post_thumbnail":0,"footnotes":""},"class_list":["post-3220","page","type-page","status-publish","hentry"],"featured_image_src":null,"yoast_head":"<!-- This site is optimized with the Yoast SEO plugin v27.2 - https:\/\/yoast.com\/product\/yoast-seo-wordpress\/ -->\n<title>Seminar - Kaczor &amp; Associates Ltd.<\/title>\n<meta name=\"robots\" content=\"index, follow, max-snippet:-1, max-image-preview:large, max-video-preview:-1\" \/>\n<link rel=\"canonical\" href=\"https:\/\/kaczorcpa.com\/pl\/seminar\/\" \/>\n<meta property=\"og:locale\" content=\"pl_PL\" \/>\n<meta property=\"og:type\" content=\"article\" \/>\n<meta property=\"og:title\" content=\"Seminar - Kaczor &amp; Associates Ltd.\" \/>\n<meta property=\"og:description\" content=\"Serdecznie zapraszam do ogl\u0105dni\u0119cia video na temat umorzenia po\u017cyczki PPP: You Tube Video =================================\" \/>\n<meta property=\"og:url\" content=\"https:\/\/kaczorcpa.com\/pl\/seminar\/\" \/>\n<meta property=\"og:site_name\" content=\"Kaczor &amp; Associates Ltd.\" \/>\n<meta property=\"article:publisher\" content=\"https:\/\/www.facebook.com\/pg\/Kaczor-Associates-Ltd-365432906906559\/\" \/>\n<meta property=\"article:modified_time\" content=\"2023-02-05T10:17:44+00:00\" \/>\n<meta property=\"og:image\" content=\"https:\/\/kaczorcpa.com\/wp-content\/uploads\/2020\/10\/ppp_pic.jpg\" \/>\n<meta name=\"twitter:card\" content=\"summary_large_image\" \/>\n<script type=\"application\/ld+json\" class=\"yoast-schema-graph\">{\"@context\":\"https:\/\/schema.org\",\"@graph\":[{\"@type\":\"WebPage\",\"@id\":\"https:\/\/kaczorcpa.com\/seminar\/\",\"url\":\"https:\/\/kaczorcpa.com\/seminar\/\",\"name\":\"Seminar - Kaczor &amp; Associates Ltd.\",\"isPartOf\":{\"@id\":\"https:\/\/kaczorcpa.com\/#website\"},\"primaryImageOfPage\":{\"@id\":\"https:\/\/kaczorcpa.com\/seminar\/#primaryimage\"},\"image\":{\"@id\":\"https:\/\/kaczorcpa.com\/seminar\/#primaryimage\"},\"thumbnailUrl\":\"https:\/\/kaczorcpa.com\/wp-content\/uploads\/2020\/10\/ppp_pic.jpg\",\"datePublished\":\"2020-10-09T15:13:01+00:00\",\"dateModified\":\"2023-02-05T10:17:44+00:00\",\"breadcrumb\":{\"@id\":\"https:\/\/kaczorcpa.com\/seminar\/#breadcrumb\"},\"inLanguage\":\"pl-PL\",\"potentialAction\":[{\"@type\":\"ReadAction\",\"target\":[\"https:\/\/kaczorcpa.com\/seminar\/\"]}]},{\"@type\":\"ImageObject\",\"inLanguage\":\"pl-PL\",\"@id\":\"https:\/\/kaczorcpa.com\/seminar\/#primaryimage\",\"url\":\"https:\/\/kaczorcpa.com\/wp-content\/uploads\/2020\/10\/ppp_pic.jpg\",\"contentUrl\":\"https:\/\/kaczorcpa.com\/wp-content\/uploads\/2020\/10\/ppp_pic.jpg\"},{\"@type\":\"BreadcrumbList\",\"@id\":\"https:\/\/kaczorcpa.com\/seminar\/#breadcrumb\",\"itemListElement\":[{\"@type\":\"ListItem\",\"position\":1,\"name\":\"Home\",\"item\":\"https:\/\/kaczorcpa.com\/\"},{\"@type\":\"ListItem\",\"position\":2,\"name\":\"Seminar\"}]},{\"@type\":\"WebSite\",\"@id\":\"https:\/\/kaczorcpa.com\/#website\",\"url\":\"https:\/\/kaczorcpa.com\/\",\"name\":\"Kaczor &amp; Associates Ltd.\",\"description\":\"Experience you can trust.\",\"potentialAction\":[{\"@type\":\"SearchAction\",\"target\":{\"@type\":\"EntryPoint\",\"urlTemplate\":\"https:\/\/kaczorcpa.com\/?s={search_term_string}\"},\"query-input\":{\"@type\":\"PropertyValueSpecification\",\"valueRequired\":true,\"valueName\":\"search_term_string\"}}],\"inLanguage\":\"pl-PL\"}]}<\/script>\n<!-- \/ Yoast SEO plugin. -->","yoast_head_json":{"title":"Seminar - Kaczor &amp; Associates Ltd.","robots":{"index":"index","follow":"follow","max-snippet":"max-snippet:-1","max-image-preview":"max-image-preview:large","max-video-preview":"max-video-preview:-1"},"canonical":"https:\/\/kaczorcpa.com\/pl\/seminar\/","og_locale":"pl_PL","og_type":"article","og_title":"Seminar - Kaczor &amp; Associates Ltd.","og_description":"Serdecznie zapraszam do ogl\u0105dni\u0119cia video na temat umorzenia po\u017cyczki PPP: You Tube Video =================================","og_url":"https:\/\/kaczorcpa.com\/pl\/seminar\/","og_site_name":"Kaczor &amp; Associates Ltd.","article_publisher":"https:\/\/www.facebook.com\/pg\/Kaczor-Associates-Ltd-365432906906559\/","article_modified_time":"2023-02-05T10:17:44+00:00","og_image":[{"url":"https:\/\/kaczorcpa.com\/wp-content\/uploads\/2020\/10\/ppp_pic.jpg","type":"","width":"","height":""}],"twitter_card":"summary_large_image","schema":{"@context":"https:\/\/schema.org","@graph":[{"@type":"WebPage","@id":"https:\/\/kaczorcpa.com\/seminar\/","url":"https:\/\/kaczorcpa.com\/seminar\/","name":"Seminar - Kaczor &amp; Associates Ltd.","isPartOf":{"@id":"https:\/\/kaczorcpa.com\/#website"},"primaryImageOfPage":{"@id":"https:\/\/kaczorcpa.com\/seminar\/#primaryimage"},"image":{"@id":"https:\/\/kaczorcpa.com\/seminar\/#primaryimage"},"thumbnailUrl":"https:\/\/kaczorcpa.com\/wp-content\/uploads\/2020\/10\/ppp_pic.jpg","datePublished":"2020-10-09T15:13:01+00:00","dateModified":"2023-02-05T10:17:44+00:00","breadcrumb":{"@id":"https:\/\/kaczorcpa.com\/seminar\/#breadcrumb"},"inLanguage":"pl-PL","potentialAction":[{"@type":"ReadAction","target":["https:\/\/kaczorcpa.com\/seminar\/"]}]},{"@type":"ImageObject","inLanguage":"pl-PL","@id":"https:\/\/kaczorcpa.com\/seminar\/#primaryimage","url":"https:\/\/kaczorcpa.com\/wp-content\/uploads\/2020\/10\/ppp_pic.jpg","contentUrl":"https:\/\/kaczorcpa.com\/wp-content\/uploads\/2020\/10\/ppp_pic.jpg"},{"@type":"BreadcrumbList","@id":"https:\/\/kaczorcpa.com\/seminar\/#breadcrumb","itemListElement":[{"@type":"ListItem","position":1,"name":"Home","item":"https:\/\/kaczorcpa.com\/"},{"@type":"ListItem","position":2,"name":"Seminar"}]},{"@type":"WebSite","@id":"https:\/\/kaczorcpa.com\/#website","url":"https:\/\/kaczorcpa.com\/","name":"Kaczor &amp; Associates Ltd.","description":"Experience you can trust.","potentialAction":[{"@type":"SearchAction","target":{"@type":"EntryPoint","urlTemplate":"https:\/\/kaczorcpa.com\/?s={search_term_string}"},"query-input":{"@type":"PropertyValueSpecification","valueRequired":true,"valueName":"search_term_string"}}],"inLanguage":"pl-PL"}]}},"_links":{"self":[{"href":"https:\/\/kaczorcpa.com\/pl\/wp-json\/wp\/v2\/pages\/3220","targetHints":{"allow":["GET"]}}],"collection":[{"href":"https:\/\/kaczorcpa.com\/pl\/wp-json\/wp\/v2\/pages"}],"about":[{"href":"https:\/\/kaczorcpa.com\/pl\/wp-json\/wp\/v2\/types\/page"}],"author":[{"embeddable":true,"href":"https:\/\/kaczorcpa.com\/pl\/wp-json\/wp\/v2\/users\/8"}],"replies":[{"embeddable":true,"href":"https:\/\/kaczorcpa.com\/pl\/wp-json\/wp\/v2\/comments?post=3220"}],"version-history":[{"count":51,"href":"https:\/\/kaczorcpa.com\/pl\/wp-json\/wp\/v2\/pages\/3220\/revisions"}],"predecessor-version":[{"id":3288,"href":"https:\/\/kaczorcpa.com\/pl\/wp-json\/wp\/v2\/pages\/3220\/revisions\/3288"}],"wp:attachment":[{"href":"https:\/\/kaczorcpa.com\/pl\/wp-json\/wp\/v2\/media?parent=3220"}],"curies":[{"name":"wp","href":"https:\/\/api.w.org\/{rel}","templated":true}]}}