{"id":3205,"date":"2020-10-08T08:26:16","date_gmt":"2020-10-08T14:26:16","guid":{"rendered":"https:\/\/kaczorcpa.com\/?page_id=3205"},"modified":"2023-02-05T15:39:36","modified_gmt":"2023-02-05T21:39:36","slug":"https-www-youtube-com-watchvcqtfziur5ng","status":"publish","type":"page","link":"https:\/\/kaczorcpa.com\/pl\/https-www-youtube-com-watchvcqtfziur5ng\/","title":{"rendered":"Wieczorek Taneczny"},"content":{"rendered":"<h4 style=\"text-align: center;\"><span style=\"color: #0000ff;\">Serdecznie zapraszamy <\/span><span style=\"color: #0000ff;\">na wieczorek taneczny<\/span><\/h4>\n<h2 style=\"text-align: center;\">do Fred Astarire Dance Studio!<\/h2>\n<h5 style=\"text-align: center;\"><strong><span style=\"color: #ff0000;\">16 pa\u017adzienika 2020 od godziny 7pm.<\/span><\/strong><br \/>\n<strong><span style=\"color: #ff0000;\">2356 W Higgins Rd. w Hoffman Estates<\/span><\/strong><\/h5>\n<h5 style=\"text-align: center;\">Wej\u015bcie bezp\u0142atne!<\/h5>\n<div class=\"epyt-video-wrapper\">\n<div  style=\"display: block; margin: 0px auto;\"  id=\"_ytid_33271\"  width=\"900\" height=\"506\"  data-origwidth=\"900\" data-origheight=\"506\" data-facadesrc=\"https:\/\/www.youtube.com\/embed\/CQTfziuR5ng?enablejsapi=1&#038;autoplay=0&#038;cc_load_policy=0&#038;cc_lang_pref=&#038;iv_load_policy=1&#038;loop=0&#038;rel=0&#038;fs=1&#038;playsinline=0&#038;autohide=2&#038;theme=dark&#038;color=red&#038;controls=1&#038;disablekb=0&#038;\" class=\"__youtube_prefs__ epyt-facade epyt-is-override  no-lazyload\" data-epautoplay=\"1\" ><img decoding=\"async\" data-spai-excluded=\"true\" class=\"epyt-facade-poster skip-lazy\" loading=\"lazy\"  alt=\"YouTube player\"  src=\"https:\/\/i.ytimg.com\/vi\/CQTfziuR5ng\/maxresdefault.jpg\"  \/><button class=\"epyt-facade-play\" aria-label=\"Play\"><svg data-no-lazy=\"1\" height=\"100%\" version=\"1.1\" viewbox=\"0 0 68 48\" width=\"100%\"><path class=\"ytp-large-play-button-bg\" d=\"M66.52,7.74c-0.78-2.93-2.49-5.41-5.42-6.19C55.79,.13,34,0,34,0S12.21,.13,6.9,1.55 C3.97,2.33,2.27,4.81,1.48,7.74C0.06,13.05,0,24,0,24s0.06,10.95,1.48,16.26c0.78,2.93,2.49,5.41,5.42,6.19 C12.21,47.87,34,48,34,48s21.79-0.13,27.1-1.55c2.93-0.78,4.64-3.26,5.42-6.19C67.94,34.95,68,24,68,24S67.94,13.05,66.52,7.74z\" fill=\"#f00\"><\/path><path d=\"M 45,24 27,14 27,34\" fill=\"#fff\"><\/path><\/svg><\/button><\/div>\n<\/div>","protected":false},"excerpt":{"rendered":"<p>Serdecznie zapraszamy na wieczorek taneczny do Fred Astarire Dance Studio! 16 pa\u017adzienika 2020 od godziny 7pm. 2356 W Higgins Rd. w Hoffman Estates Wej\u015bcie bezp\u0142atne!<\/p>","protected":false},"author":8,"featured_media":0,"parent":0,"menu_order":0,"comment_status":"closed","ping_status":"closed","template":"","meta":{"ub_ctt_via":"","ngg_post_thumbnail":0,"footnotes":""},"class_list":["post-3205","page","type-page","status-publish","hentry"],"featured_image_src":null,"yoast_head":"<!-- This site is optimized with the Yoast SEO plugin v27.2 - https:\/\/yoast.com\/product\/yoast-seo-wordpress\/ -->\n<title>Wieczorek Taneczny - Kaczor &amp; Associates Ltd.<\/title>\n<meta name=\"robots\" content=\"index, follow, max-snippet:-1, max-image-preview:large, max-video-preview:-1\" \/>\n<link rel=\"canonical\" href=\"https:\/\/kaczorcpa.com\/pl\/https-www-youtube-com-watchvcqtfziur5ng\/\" \/>\n<meta property=\"og:locale\" content=\"pl_PL\" \/>\n<meta property=\"og:type\" content=\"article\" \/>\n<meta property=\"og:title\" content=\"Wieczorek Taneczny - Kaczor &amp; Associates Ltd.\" \/>\n<meta property=\"og:description\" content=\"Serdecznie zapraszamy na wieczorek taneczny do Fred Astarire Dance Studio! 16 pa\u017adzienika 2020 od godziny 7pm. 2356 W Higgins Rd. w Hoffman Estates Wej\u015bcie bezp\u0142atne!\" \/>\n<meta property=\"og:url\" content=\"https:\/\/kaczorcpa.com\/pl\/https-www-youtube-com-watchvcqtfziur5ng\/\" \/>\n<meta property=\"og:site_name\" content=\"Kaczor &amp; Associates Ltd.\" \/>\n<meta property=\"article:publisher\" content=\"https:\/\/www.facebook.com\/pg\/Kaczor-Associates-Ltd-365432906906559\/\" \/>\n<meta property=\"article:modified_time\" content=\"2023-02-05T21:39:36+00:00\" \/>\n<meta name=\"twitter:card\" content=\"summary_large_image\" \/>\n<script type=\"application\/ld+json\" class=\"yoast-schema-graph\">{\"@context\":\"https:\/\/schema.org\",\"@graph\":[{\"@type\":\"WebPage\",\"@id\":\"https:\/\/kaczorcpa.com\/https-www-youtube-com-watchvcqtfziur5ng\/\",\"url\":\"https:\/\/kaczorcpa.com\/https-www-youtube-com-watchvcqtfziur5ng\/\",\"name\":\"Wieczorek Taneczny - Kaczor &amp; Associates Ltd.\",\"isPartOf\":{\"@id\":\"https:\/\/kaczorcpa.com\/#website\"},\"datePublished\":\"2020-10-08T14:26:16+00:00\",\"dateModified\":\"2023-02-05T21:39:36+00:00\",\"breadcrumb\":{\"@id\":\"https:\/\/kaczorcpa.com\/https-www-youtube-com-watchvcqtfziur5ng\/#breadcrumb\"},\"inLanguage\":\"pl-PL\",\"potentialAction\":[{\"@type\":\"ReadAction\",\"target\":[\"https:\/\/kaczorcpa.com\/https-www-youtube-com-watchvcqtfziur5ng\/\"]}]},{\"@type\":\"BreadcrumbList\",\"@id\":\"https:\/\/kaczorcpa.com\/https-www-youtube-com-watchvcqtfziur5ng\/#breadcrumb\",\"itemListElement\":[{\"@type\":\"ListItem\",\"position\":1,\"name\":\"Home\",\"item\":\"https:\/\/kaczorcpa.com\/\"},{\"@type\":\"ListItem\",\"position\":2,\"name\":\"Wieczorek Taneczny\"}]},{\"@type\":\"WebSite\",\"@id\":\"https:\/\/kaczorcpa.com\/#website\",\"url\":\"https:\/\/kaczorcpa.com\/\",\"name\":\"Kaczor &amp; Associates Ltd.\",\"description\":\"Experience you can trust.\",\"potentialAction\":[{\"@type\":\"SearchAction\",\"target\":{\"@type\":\"EntryPoint\",\"urlTemplate\":\"https:\/\/kaczorcpa.com\/?s={search_term_string}\"},\"query-input\":{\"@type\":\"PropertyValueSpecification\",\"valueRequired\":true,\"valueName\":\"search_term_string\"}}],\"inLanguage\":\"pl-PL\"}]}<\/script>\n<!-- \/ Yoast SEO plugin. -->","yoast_head_json":{"title":"Wieczorek Taneczny - Kaczor &amp; Associates Ltd.","robots":{"index":"index","follow":"follow","max-snippet":"max-snippet:-1","max-image-preview":"max-image-preview:large","max-video-preview":"max-video-preview:-1"},"canonical":"https:\/\/kaczorcpa.com\/pl\/https-www-youtube-com-watchvcqtfziur5ng\/","og_locale":"pl_PL","og_type":"article","og_title":"Wieczorek Taneczny - Kaczor &amp; Associates Ltd.","og_description":"Serdecznie zapraszamy na wieczorek taneczny do Fred Astarire Dance Studio! 16 pa\u017adzienika 2020 od godziny 7pm. 2356 W Higgins Rd. w Hoffman Estates Wej\u015bcie bezp\u0142atne!","og_url":"https:\/\/kaczorcpa.com\/pl\/https-www-youtube-com-watchvcqtfziur5ng\/","og_site_name":"Kaczor &amp; Associates Ltd.","article_publisher":"https:\/\/www.facebook.com\/pg\/Kaczor-Associates-Ltd-365432906906559\/","article_modified_time":"2023-02-05T21:39:36+00:00","twitter_card":"summary_large_image","schema":{"@context":"https:\/\/schema.org","@graph":[{"@type":"WebPage","@id":"https:\/\/kaczorcpa.com\/https-www-youtube-com-watchvcqtfziur5ng\/","url":"https:\/\/kaczorcpa.com\/https-www-youtube-com-watchvcqtfziur5ng\/","name":"Wieczorek Taneczny - Kaczor &amp; Associates Ltd.","isPartOf":{"@id":"https:\/\/kaczorcpa.com\/#website"},"datePublished":"2020-10-08T14:26:16+00:00","dateModified":"2023-02-05T21:39:36+00:00","breadcrumb":{"@id":"https:\/\/kaczorcpa.com\/https-www-youtube-com-watchvcqtfziur5ng\/#breadcrumb"},"inLanguage":"pl-PL","potentialAction":[{"@type":"ReadAction","target":["https:\/\/kaczorcpa.com\/https-www-youtube-com-watchvcqtfziur5ng\/"]}]},{"@type":"BreadcrumbList","@id":"https:\/\/kaczorcpa.com\/https-www-youtube-com-watchvcqtfziur5ng\/#breadcrumb","itemListElement":[{"@type":"ListItem","position":1,"name":"Home","item":"https:\/\/kaczorcpa.com\/"},{"@type":"ListItem","position":2,"name":"Wieczorek Taneczny"}]},{"@type":"WebSite","@id":"https:\/\/kaczorcpa.com\/#website","url":"https:\/\/kaczorcpa.com\/","name":"Kaczor &amp; Associates Ltd.","description":"Experience you can trust.","potentialAction":[{"@type":"SearchAction","target":{"@type":"EntryPoint","urlTemplate":"https:\/\/kaczorcpa.com\/?s={search_term_string}"},"query-input":{"@type":"PropertyValueSpecification","valueRequired":true,"valueName":"search_term_string"}}],"inLanguage":"pl-PL"}]}},"_links":{"self":[{"href":"https:\/\/kaczorcpa.com\/pl\/wp-json\/wp\/v2\/pages\/3205","targetHints":{"allow":["GET"]}}],"collection":[{"href":"https:\/\/kaczorcpa.com\/pl\/wp-json\/wp\/v2\/pages"}],"about":[{"href":"https:\/\/kaczorcpa.com\/pl\/wp-json\/wp\/v2\/types\/page"}],"author":[{"embeddable":true,"href":"https:\/\/kaczorcpa.com\/pl\/wp-json\/wp\/v2\/users\/8"}],"replies":[{"embeddable":true,"href":"https:\/\/kaczorcpa.com\/pl\/wp-json\/wp\/v2\/comments?post=3205"}],"version-history":[{"count":4,"href":"https:\/\/kaczorcpa.com\/pl\/wp-json\/wp\/v2\/pages\/3205\/revisions"}],"predecessor-version":[{"id":3212,"href":"https:\/\/kaczorcpa.com\/pl\/wp-json\/wp\/v2\/pages\/3205\/revisions\/3212"}],"wp:attachment":[{"href":"https:\/\/kaczorcpa.com\/pl\/wp-json\/wp\/v2\/media?parent=3205"}],"curies":[{"name":"wp","href":"https:\/\/api.w.org\/{rel}","templated":true}]}}