{"id":2964,"date":"2020-04-07T11:14:58","date_gmt":"2020-04-07T17:14:58","guid":{"rendered":"https:\/\/kaczorcpa.com\/?page_id=2964"},"modified":"2023-02-05T15:05:46","modified_gmt":"2023-02-05T21:05:46","slug":"cares-act-najnowsze-informacje","status":"publish","type":"page","link":"https:\/\/kaczorcpa.com\/pl\/cares-act-najnowsze-informacje\/","title":{"rendered":"CARES Act &#8211; Najnowsze informacje"},"content":{"rendered":"<h1 class=\"wp-block-heading\">CARES Act &#8211; Najnowsze informacje<\/h1>\n\n\n\n<ul class=\"wp-block-list\"><li><a href=\"https:\/\/youtu.be\/sRhVXC_V6gk\" target=\"_blank\" rel=\"noreferrer noopener\"><span style=\"color:#342cca\" class=\"has-inline-color\"><strong><em>Video<\/em> <\/strong><\/span><span class=\"has-inline-color has-vivid-red-color\"><strong>&#8211;<\/strong><\/span><span style=\"color:#342cca\" class=\"has-inline-color\"><strong> <\/strong><\/span><span class=\"has-inline-color has-vivid-red-color\"><strong>Kiedy b\u0119dzie m\u00f3j zwrot?<\/strong><\/span><\/a><\/li><\/ul>\n\n\n\n<ul class=\"wp-block-list\"><li><a href=\"https:\/\/www.youtube.com\/watch?v=3vwgyqZs5Po\" target=\"_blank\" rel=\"noreferrer noopener\"><span class=\"has-inline-color\" style=\"color:#342cca\"><strong><em>Video<\/em> <\/strong><\/span><span class=\"has-inline-color has-vivid-red-color\"><strong>&#8211;<\/strong><\/span><span class=\"has-inline-color\" style=\"color:#342cca\"><strong> <\/strong><\/span><span class=\"has-inline-color has-vivid-red-color\"><strong>Czy tw\u00f3j biznes kwalifikuje si\u0119 na bezwrotn\u0105 po\u017cyczk\u0119 SBA?<\/strong><\/span><\/a><\/li><\/ul>\n\n\n\n<ul class=\"wp-block-list\"><li><a href=\"https:\/\/www.youtube.com\/watch?v=xzPWvHIOGtQ&amp;feature=youtu.be\" target=\"_blank\" rel=\"noreferrer noopener\"><span class=\"has-inline-color\" style=\"color:#342cca\"><strong><em>Video<\/em> <\/strong><\/span><span class=\"has-inline-color has-vivid-red-color\"><strong>&#8211;<\/strong><\/span><span class=\"has-inline-color\" style=\"color:#342cca\"><strong> <\/strong><\/span><span class=\"has-inline-color has-vivid-red-color\"><strong>Stimulus Plan \u2013 Fakty<\/strong><\/span><\/a><\/li><\/ul>\n\n\n\n<ul class=\"wp-block-list\"><li><a rel=\"noreferrer noopener\" href=\"https:\/\/www.youtube.com\/watch?v=37Clec1qHoU\" target=\"_blank\"><strong><em><span style=\"color:#342cca\" class=\"has-inline-color\">Video<\/span><\/em><\/strong><span class=\"has-inline-color has-vivid-red-color\"><strong> &#8211; Zasi\u0142ek dla bezrobotnych i samozatrudnionych<\/strong><\/span><\/a><\/li><li><a rel=\"noreferrer noopener\" href=\"https:\/\/www.youtube.com\/watch?v=dDZin1j3ZT0&amp;feature=youtu.be\" target=\"_blank\"><strong><em><span style=\"color:#342cca\" class=\"has-inline-color\">Video<\/span><\/em><\/strong><span class=\"has-inline-color has-vivid-red-color\"><strong> &#8211; Zasi\u0142ek: Nowe informacje &#8211; 7 maja 2020<\/strong><\/span><\/a><\/li><li><a rel=\"noreferrer noopener\" href=\"https:\/\/www.youtube.com\/watch?v=e54kiR8BnnY&amp;feature=youtu.be\" target=\"_blank\"><strong><em><span style=\"color:#342cca\" class=\"has-inline-color\">Video<\/span><\/em><\/strong><span class=\"has-inline-color has-vivid-red-color\"><strong> &#8211; Zasi\u0142ek dla niezale\u017cnych kontraktor\u00f3w &#8211; 11 maja 2020<\/strong><\/span><\/a><\/li><li><a rel=\"noreferrer noopener\" href=\"https:\/\/www.youtube.com\/watch?v=tCRFr4wirxE&amp;feature=share&amp;fbclid=IwAR2QO6zfEcI_GRmCBdEb29pPpjOMlngHDve7EJp2gUshZ_2JGBpyJx4XNds\" target=\"_blank\"><strong><em><span style=\"color:#342cca\" class=\"has-inline-color\">Video<\/span><\/em><\/strong><span class=\"has-inline-color has-vivid-red-color\"><strong> &#8211; Bezrobocie a pracodawca &#8211; 14 maja 2020<\/strong><\/span><\/a><\/li><li><a rel=\"noreferrer noopener\" href=\"https:\/\/www.youtube.com\/watch?v=rPAXWwO3dTc&amp;feature=share&amp;fbclid=IwAR3kQbjOZi1YE1Aoc9nnLXC5J6wRZMWsWRFfigVW0ta2e8tyAF8eFrv5Guo\" target=\"_blank\"><strong><em><span style=\"color:#342cca\" class=\"has-inline-color\">Video<\/span><\/em><\/strong><span class=\"has-inline-color has-vivid-red-color\"><strong> &#8211; Certyfikacja\/Aplikacja na bezrobocie &#8211; 19 maja 2020<\/strong><\/span><\/a><\/li><li><em><strong><a rel=\"noreferrer noopener\" href=\"https:\/\/www.youtube.com\/watch?v=sx3hZZnkfN4&amp;t=8s\" target=\"_blank\"><strong><span style=\"color:#342cca\" class=\"has-inline-color\">Video<\/span><\/strong><\/a><\/strong><\/em><strong><a rel=\"noreferrer noopener\" href=\"https:\/\/www.youtube.com\/watch?v=sx3hZZnkfN4&amp;t=8s\" target=\"_blank\"><strong><span class=\"has-inline-color has-vivid-red-color\"> &#8211; Certyfikacja dla Samozatrudnionych<\/span><\/strong><\/a><\/strong><\/li><\/ul>\n\n\n\n<ul class=\"wp-block-list\"><li><em><strong><a rel=\"noreferrer noopener\" href=\"https:\/\/www.youtube.com\/watch?v=iHCSAoM0SEY\" target=\"_blank\"><strong><em><span style=\"color:#342cca\" class=\"has-inline-color\">Video<span class=\"has-inline-color has-vivid-red-color\"> &#8211; Pomoc dla ma\u0142ych biznes\u00f3w &#8211; Informacje og\u00f3lne<\/span><\/strong><\/a><\/li>\n\n<li><em><strong><a rel=\"noreferrer noopener\" href=\"https:\/\/www.youtube.com\/watch?v=HTFZPFpLeCI&#038;feature=youtu.be\" target=\"_blank\"><strong><em><span style=\"color:#342cca\" class=\"has-inline-color\">Video<span class=\"has-inline-color has-vivid-red-color\"> &#8211; Pomoc dla ma\u0142ych biznes\u00f3w: z dnia 7 maja 2020<\/span><\/strong><\/a><\/li>\n\n<li><em><strong><a rel=\"noreferrer noopener\" href=\"https:\/\/www.youtube.com\/watch?v=RILWoP5KlAU&#038;feature=share&#038;fbclid=IwAR1BovdRwYbMg5Spqu4Q2Ev9sTbwgPuSbBrQYlG-Hr0ON18qdp1tkjRbITs\" target=\"_blank\"><strong><em><span style=\"color:#342cca\" class=\"has-inline-color\">Video<span class=\"has-inline-color has-vivid-red-color\"> &#8211; Pomoc dla ma\u0142ych biznes\u00f3w: z dnia 14 maja 2020<\/span><\/strong><\/a><\/li>\n\n<li><em><strong><a rel=\"noreferrer noopener\" href=\"https:\/\/www.youtube.com\/watch?v=nuF_GvqZuFQ&amp;t=40s\" target=\"_blank\"><strong><em><span style=\"color:#342cca\" class=\"has-inline-color\">Video<span class=\"has-inline-color has-vivid-red-color\"> &#8211; Jak umorzy\u0107 po\u017cyczk\u0119 PPP<\/span><\/strong><\/a><\/li><\/ul>\n\n\n\n<ul class=\"wp-block-list\"><li><b><a rel=\"noreferrer noopener\" href=\"https:\/\/www.youtube.com\/watch?v=0qd-2UL-z8c&amp;t=17s\" target=\"_blank\"><strong><em><span style=\"color:#342cca\" class=\"has-inline-color\">Video<span class=\"has-inline-color has-vivid-red-color\"> &#8211; 1,200? $500? &#8211; Kto i kiedy dostanie?<\/span><\/strong><\/a><\/li>\n\n<li><strong><a rel=\"noreferrer noopener\" href=\"https:\/\/www.youtube.com\/watch?v=JmQKWM4dlt4&#038;feature=share&#038;fbclid=IwAR3F8M05HY4hWrdrArmFCeRmjGTUZapSDSREfKMo_1zQt7F3jckB9AoQOOQ\" target=\"_blank\"><em><span style=\"color:#322ac5\" class=\"has-inline-color\">Video<\/span><\/em> <span class=\"has-inline-color has-vivid-red-color\">&#8211; Czeki: Najnowsze informacje z dnia 22 kwietnia 2020<\/span><\/a><\/strong><\/li><\/ul>\n\n\n\n<ul class=\"wp-block-list\"><li><a rel=\"noreferrer noopener\" href=\"https:\/\/kaczorcpa.com\/pl\/videos\/\"><span style=\"color:#342cca\" class=\"has-inline-color\"><strong>Wi\u0119cej Videos<\/strong><\/span><\/a><\/li><\/ul>\n\n\n\n<p><strong><span class=\"has-inline-color has-vivid-red-color\"><em>Moje Refleksje:<\/em><\/span><\/strong><\/p>\n\n\n\n<ul class=\"wp-block-list\"><li><a href=\"https:\/\/www.youtube.com\/watch?v=Ds7BINDrbv8&amp;feature=youtu.be\" target=\"_blank\" rel=\"noreferrer noopener\"><span class=\"has-inline-color\" style=\"color:#3028c7\"><strong><em>Video<\/em> <\/strong><\/span><strong><span class=\"has-inline-color has-vivid-red-color\">&#8211; Jak zachowa\u0107 zdrowy rozs\u0105dek!<\/span><\/strong><\/a><\/li><\/ul>\n\n\n\n<ul class=\"wp-block-list\"><li><a rel=\"noreferrer noopener\" href=\"https:\/\/www.youtube.com\/watch?v=O2472v7pg48&amp;feature=youtu.be\" target=\"_blank\"><em><strong><span style=\"color:#342cca\" class=\"has-inline-color\">Video<\/span><\/strong><\/em><strong><span class=\"has-inline-color has-vivid-red-color\"> &#8211; Jak zachowa\u0107 balans w dzisiejszym \u015bwiecie!<\/span><\/strong><\/a><\/li><\/ul>\n\n\n\n<p><em><strong><span class=\"has-inline-color has-vivid-red-color\">Informacje<\/span><\/strong><\/em>:<\/p>\n\n\n\n<ul class=\"wp-block-list\"><li><a href=\"https:\/\/www.irs.gov\/coronavirus\/get-my-payment\" target=\"_blank\" rel=\"noreferrer noopener\"><span class=\"has-inline-color has-vivid-red-color\">Sprawd\u017a czy czek z IRS by\u0142 lub kiedy b\u0119dzie wys\u0142any?<\/span><\/a><\/li><\/ul>\n\n\n\n<ul class=\"wp-block-list\"><li><a href=\"https:\/\/kaczorcpa.com\/pl\/najnowsze-wiadomosci-dla-firm-w-stanie-illinois\/\">Najnowsze wiadomo\u015bci dla firm w stanie Illinois<\/a><\/li><\/ul>\n\n\n\n<ul class=\"wp-block-list\"><li><a href=\"https:\/\/www.ptindirectory.com\/coronavirus-help-for-small-business.cfm\">Najwa\u017cniejsze informacje dotycz\u0105ce CARES Act \u2013 zatwierdzony 27 marca 2020!<\/a><\/li><\/ul>\n\n\n\n<ul class=\"wp-block-list\"><li><a href=\"https:\/\/kaczorcpa.com\/pl\/what-the-stimulus-package-means-for-illinois-unemployment-benefits\/\">Najnowsze informacje w sprawie zasi\u0142k\u00f3w dla bezrobotnych<\/a><\/li><\/ul>\n\n\n\n<ul class=\"wp-block-list\"><li><a href=\"https:\/\/www2.illinois.gov\/ides\/individuals\/UnemploymentInsurance\/Pages\/default.aspx\"><span class=\"has-inline-color has-vivid-red-color\">Internetowa rejestracja dla bezrobotnych<\/span><\/a><\/li><\/ul>\n\n\n\n<ul class=\"wp-block-list\"><li><a href=\"https:\/\/puaclaimant.ides.illinois.gov\/Claimant\/Core\/Login.ASPX\" target=\"_blank\" rel=\"noopener noreferrer\"><strong><em><span class=\"has-inline-color has-vivid-red-color\"><strong>Drugi krok do rejestracji dla niezale\u017cnych kontraktor\u00f3w &#8211; 14 maja 2020<\/strong><\/span><\/em><\/strong><\/a><\/li><\/ul>\n\n\n\n<ul class=\"wp-block-list\"><li><a href=\"https:\/\/benefits.ides.illinois.gov\/Benefits\/profile\/responseHandlerAction.do?TAM_OP=login&amp;USERNAME=unauthenticated&amp;ERROR_CODE=0x00000000&amp;METHOD=GET&amp;URL=%2FBenefits%2Fcertification%2FcertificationWelcomeStart.do&amp;REFERER=https%3A%2F%2Fwww2.illinois.gov%2Fides%2FPages%2FCertify_Weekly_Benefits.aspx\" target=\"_blank\" rel=\"noopener noreferrer\"><strong><em><span class=\"has-inline-color has-vivid-red-color\"><strong>Certyfikacja dla pracownik\u00f3w<\/strong><\/span><\/em><\/strong><\/a><\/li><\/ul>\n\n\n\n<ul class=\"wp-block-list\"><li><a href=\"https:\/\/puaclaimant.ides.illinois.gov\/Claimant\/Core\/Login.ASPX\" target=\"_blank\" rel=\"noopener noreferrer\"><strong><em><span class=\"has-inline-color has-vivid-red-color\"><strong>Certyfikacja dla samozatrudnionych<\/strong><\/span><\/em><\/strong><\/a><\/li><\/ul>\n\n\n\n<ul class=\"wp-block-list\"><li><a href=\"https:\/\/www.sba.gov\/funding-programs\/loans\/coronavirus-relief-options\">Po\u017cyczki dla ma\u0142ych biznes\u00f3w \u2013 Informacje i Aplikacje<\/a><\/li><\/ul>\n\n\n\n<ul class=\"wp-block-list\"><li><a href=\"https:\/\/www.marketwatch.com\/story\/fannie-mae-freddie-mac-to-roll-out-new-mortgage-payment-deferral-option-for-homeowners-facing-financial-trouble-2020-03-27\">Informacje na temat od\u0142o\u017cenia sp\u0142aty po\u017cyczki na dom<\/a><\/li><\/ul>\n\n\n\n<ul class=\"wp-block-list\"><li><a href=\"https:\/\/www.irs.gov\/newsroom\/irs-employee-retention-credit-available-for-many-businesses-financially-impacted-by-covid-19\">Z biura IRS \u2013 Informacje dotycz\u0105ce kredytu na wyp\u0142aty dla pracownik\u00f3w<\/a><\/li><\/ul>","protected":false},"excerpt":{"rendered":"<p>CARES Act &#8211; Najnowsze informacje Video &#8211; Kiedy b\u0119dzie m\u00f3j zwrot? Video &#8211; Czy tw\u00f3j biznes kwalifikuje si\u0119 na bezwrotn\u0105 po\u017cyczk\u0119 SBA? Video &#8211; Stimulus Plan \u2013 Fakty Video &#8211; Zasi\u0142ek dla bezrobotnych i samozatrudnionych Video &#8211; Zasi\u0142ek: Nowe informacje &#8211; 7 maja 2020 Video &#8211; Zasi\u0142ek dla niezale\u017cnych kontraktor\u00f3w &#8211; 11 maja 2020 Video [&hellip;]<\/p>","protected":false},"author":8,"featured_media":0,"parent":0,"menu_order":0,"comment_status":"closed","ping_status":"closed","template":"","meta":{"ub_ctt_via":"","ngg_post_thumbnail":0,"footnotes":""},"class_list":["post-2964","page","type-page","status-publish","hentry"],"featured_image_src":null,"yoast_head":"<!-- This site is optimized with the Yoast SEO plugin v27.2 - https:\/\/yoast.com\/product\/yoast-seo-wordpress\/ -->\n<title>CARES Act - Najnowsze informacje - Kaczor &amp; Associates Ltd.<\/title>\n<meta name=\"robots\" content=\"index, follow, max-snippet:-1, max-image-preview:large, max-video-preview:-1\" \/>\n<link rel=\"canonical\" href=\"https:\/\/kaczorcpa.com\/pl\/cares-act-najnowsze-informacje\/\" \/>\n<meta property=\"og:locale\" content=\"pl_PL\" \/>\n<meta property=\"og:type\" content=\"article\" \/>\n<meta property=\"og:title\" content=\"CARES Act - Najnowsze informacje - Kaczor &amp; Associates Ltd.\" \/>\n<meta property=\"og:description\" content=\"CARES Act &#8211; Najnowsze informacje Video &#8211; Kiedy b\u0119dzie m\u00f3j zwrot? Video &#8211; Czy tw\u00f3j biznes kwalifikuje si\u0119 na bezwrotn\u0105 po\u017cyczk\u0119 SBA? Video &#8211; Stimulus Plan \u2013 Fakty Video &#8211; Zasi\u0142ek dla bezrobotnych i samozatrudnionych Video &#8211; Zasi\u0142ek: Nowe informacje &#8211; 7 maja 2020 Video &#8211; Zasi\u0142ek dla niezale\u017cnych kontraktor\u00f3w &#8211; 11 maja 2020 Video [&hellip;]\" \/>\n<meta property=\"og:url\" content=\"https:\/\/kaczorcpa.com\/pl\/cares-act-najnowsze-informacje\/\" \/>\n<meta property=\"og:site_name\" content=\"Kaczor &amp; Associates Ltd.\" \/>\n<meta property=\"article:publisher\" content=\"https:\/\/www.facebook.com\/pg\/Kaczor-Associates-Ltd-365432906906559\/\" \/>\n<meta property=\"article:modified_time\" content=\"2023-02-05T21:05:46+00:00\" \/>\n<meta name=\"twitter:card\" content=\"summary_large_image\" \/>\n<meta name=\"twitter:label1\" content=\"Szacowany czas czytania\" \/>\n\t<meta name=\"twitter:data1\" content=\"1 minuta\" \/>\n<script type=\"application\/ld+json\" class=\"yoast-schema-graph\">{\"@context\":\"https:\/\/schema.org\",\"@graph\":[{\"@type\":\"WebPage\",\"@id\":\"https:\/\/kaczorcpa.com\/cares-act-najnowsze-informacje\/\",\"url\":\"https:\/\/kaczorcpa.com\/cares-act-najnowsze-informacje\/\",\"name\":\"CARES Act - Najnowsze informacje - Kaczor &amp; Associates Ltd.\",\"isPartOf\":{\"@id\":\"https:\/\/kaczorcpa.com\/#website\"},\"datePublished\":\"2020-04-07T17:14:58+00:00\",\"dateModified\":\"2023-02-05T21:05:46+00:00\",\"breadcrumb\":{\"@id\":\"https:\/\/kaczorcpa.com\/cares-act-najnowsze-informacje\/#breadcrumb\"},\"inLanguage\":\"pl-PL\",\"potentialAction\":[{\"@type\":\"ReadAction\",\"target\":[\"https:\/\/kaczorcpa.com\/cares-act-najnowsze-informacje\/\"]}]},{\"@type\":\"BreadcrumbList\",\"@id\":\"https:\/\/kaczorcpa.com\/cares-act-najnowsze-informacje\/#breadcrumb\",\"itemListElement\":[{\"@type\":\"ListItem\",\"position\":1,\"name\":\"Home\",\"item\":\"https:\/\/kaczorcpa.com\/\"},{\"@type\":\"ListItem\",\"position\":2,\"name\":\"CARES Act &#8211; Najnowsze informacje\"}]},{\"@type\":\"WebSite\",\"@id\":\"https:\/\/kaczorcpa.com\/#website\",\"url\":\"https:\/\/kaczorcpa.com\/\",\"name\":\"Kaczor &amp; Associates Ltd.\",\"description\":\"Experience you can trust.\",\"potentialAction\":[{\"@type\":\"SearchAction\",\"target\":{\"@type\":\"EntryPoint\",\"urlTemplate\":\"https:\/\/kaczorcpa.com\/?s={search_term_string}\"},\"query-input\":{\"@type\":\"PropertyValueSpecification\",\"valueRequired\":true,\"valueName\":\"search_term_string\"}}],\"inLanguage\":\"pl-PL\"}]}<\/script>\n<!-- \/ Yoast SEO plugin. -->","yoast_head_json":{"title":"CARES Act - Najnowsze informacje - Kaczor &amp; Associates Ltd.","robots":{"index":"index","follow":"follow","max-snippet":"max-snippet:-1","max-image-preview":"max-image-preview:large","max-video-preview":"max-video-preview:-1"},"canonical":"https:\/\/kaczorcpa.com\/pl\/cares-act-najnowsze-informacje\/","og_locale":"pl_PL","og_type":"article","og_title":"CARES Act - Najnowsze informacje - Kaczor &amp; Associates Ltd.","og_description":"CARES Act &#8211; Najnowsze informacje Video &#8211; Kiedy b\u0119dzie m\u00f3j zwrot? Video &#8211; Czy tw\u00f3j biznes kwalifikuje si\u0119 na bezwrotn\u0105 po\u017cyczk\u0119 SBA? Video &#8211; Stimulus Plan \u2013 Fakty Video &#8211; Zasi\u0142ek dla bezrobotnych i samozatrudnionych Video &#8211; Zasi\u0142ek: Nowe informacje &#8211; 7 maja 2020 Video &#8211; Zasi\u0142ek dla niezale\u017cnych kontraktor\u00f3w &#8211; 11 maja 2020 Video [&hellip;]","og_url":"https:\/\/kaczorcpa.com\/pl\/cares-act-najnowsze-informacje\/","og_site_name":"Kaczor &amp; Associates Ltd.","article_publisher":"https:\/\/www.facebook.com\/pg\/Kaczor-Associates-Ltd-365432906906559\/","article_modified_time":"2023-02-05T21:05:46+00:00","twitter_card":"summary_large_image","twitter_misc":{"Szacowany czas czytania":"1 minuta"},"schema":{"@context":"https:\/\/schema.org","@graph":[{"@type":"WebPage","@id":"https:\/\/kaczorcpa.com\/cares-act-najnowsze-informacje\/","url":"https:\/\/kaczorcpa.com\/cares-act-najnowsze-informacje\/","name":"CARES Act - Najnowsze informacje - Kaczor &amp; Associates Ltd.","isPartOf":{"@id":"https:\/\/kaczorcpa.com\/#website"},"datePublished":"2020-04-07T17:14:58+00:00","dateModified":"2023-02-05T21:05:46+00:00","breadcrumb":{"@id":"https:\/\/kaczorcpa.com\/cares-act-najnowsze-informacje\/#breadcrumb"},"inLanguage":"pl-PL","potentialAction":[{"@type":"ReadAction","target":["https:\/\/kaczorcpa.com\/cares-act-najnowsze-informacje\/"]}]},{"@type":"BreadcrumbList","@id":"https:\/\/kaczorcpa.com\/cares-act-najnowsze-informacje\/#breadcrumb","itemListElement":[{"@type":"ListItem","position":1,"name":"Home","item":"https:\/\/kaczorcpa.com\/"},{"@type":"ListItem","position":2,"name":"CARES Act &#8211; Najnowsze informacje"}]},{"@type":"WebSite","@id":"https:\/\/kaczorcpa.com\/#website","url":"https:\/\/kaczorcpa.com\/","name":"Kaczor &amp; Associates Ltd.","description":"Experience you can trust.","potentialAction":[{"@type":"SearchAction","target":{"@type":"EntryPoint","urlTemplate":"https:\/\/kaczorcpa.com\/?s={search_term_string}"},"query-input":{"@type":"PropertyValueSpecification","valueRequired":true,"valueName":"search_term_string"}}],"inLanguage":"pl-PL"}]}},"_links":{"self":[{"href":"https:\/\/kaczorcpa.com\/pl\/wp-json\/wp\/v2\/pages\/2964","targetHints":{"allow":["GET"]}}],"collection":[{"href":"https:\/\/kaczorcpa.com\/pl\/wp-json\/wp\/v2\/pages"}],"about":[{"href":"https:\/\/kaczorcpa.com\/pl\/wp-json\/wp\/v2\/types\/page"}],"author":[{"embeddable":true,"href":"https:\/\/kaczorcpa.com\/pl\/wp-json\/wp\/v2\/users\/8"}],"replies":[{"embeddable":true,"href":"https:\/\/kaczorcpa.com\/pl\/wp-json\/wp\/v2\/comments?post=2964"}],"version-history":[{"count":129,"href":"https:\/\/kaczorcpa.com\/pl\/wp-json\/wp\/v2\/pages\/2964\/revisions"}],"predecessor-version":[{"id":3315,"href":"https:\/\/kaczorcpa.com\/pl\/wp-json\/wp\/v2\/pages\/2964\/revisions\/3315"}],"wp:attachment":[{"href":"https:\/\/kaczorcpa.com\/pl\/wp-json\/wp\/v2\/media?parent=2964"}],"curies":[{"name":"wp","href":"https:\/\/api.w.org\/{rel}","templated":true}]}}