{"id":2604,"date":"2020-03-24T20:13:12","date_gmt":"2020-03-25T02:13:12","guid":{"rendered":"https:\/\/kaczorcpa.com\/?page_id=2604"},"modified":"2023-02-05T13:48:03","modified_gmt":"2023-02-05T19:48:03","slug":"najnowsze-wiadomosci-dla-firm-w-stanie-illinois","status":"publish","type":"page","link":"https:\/\/kaczorcpa.com\/pl\/najnowsze-wiadomosci-dla-firm-w-stanie-illinois\/","title":{"rendered":"Najnowsze wiadomo\u015bci dla firm w stanie Illinois"},"content":{"rendered":"<h1>Najnowsze wiadomo\u015bci dla firm w stanie Illinois<\/h1>\n\n\n\n<p>Szanowni Pa\u0144stwo<\/p>\n\n\n\n<p>W  \u015bwietle ostatnich wydarze\u0144 przesy\u0142amy pa\u0144stwu najnowsze informacje jak  rozwi\u0105za\u0107 p\u0142atno\u015bci wyp\u0142at, jak pracownicy musz\u0105 zosta\u0107 w domu.<\/p>\n\n\n\n<p>Ten artyku\u0142 ma trzy cz\u0119\u015bci.<\/p>\n\n\n\n<p>Pierwsza  to linki<\/p>\n\n\n\n<p>Druga to informacje na temat bezpo\u015bredniej pomocy dla pracodawc\u00f3w i pracownik\u00f3w.<\/p>\n\n\n\n<p>Trzecia to informacje na temat BEZWROTNYCH I ZWROTNYCH po\u017cyczek.<\/p>\n\n\n\n<p><strong><em>I Linki<\/em><\/strong><\/p>\n\n\n\n<p>Poni\u017cej jest bardzo dobry link z Department of Labor &#8211; DOL<\/p>\n\n\n\n<p><a href=\"https:\/\/www.dol.gov\/newsroom\/releases\/osec\/osec20200320\">https:\/\/www.dol.gov\/newsroom\/releases\/osec\/osec20200320<\/a><\/p>\n\n\n\n<p>Dodatkowo, IRS potwierdza I uzupe\u0142nia DOL informacje <\/p>\n\n\n\n<p><a href=\"https:\/\/www.irs.gov\/coronavirus\">https:\/\/www.irs.gov\/coronavirus<\/a><\/p>\n\n\n\n<p>Specjalnie IR-2020-57<\/p>\n\n\n\n<p>Jest tez informacja z biura dla bezrobotnych IDES <\/p>\n\n\n\n<p><a href=\"https:\/\/www2.illinois.gov\/ides\/Pages\/COVID-19-and-Unemployment-Benefits.aspx\">https:\/\/www2.illinois.gov\/ides\/Pages\/COVID-19-and-Unemployment-Benefits.aspx<\/a><\/p>\n\n\n\n<p>i stan Illinois ma swoje informacje<\/p>\n\n\n\n<p><a href=\"http:\/\/www.dph.illinois.gov\/topics-services\/diseases-and-conditions\/diseases-a-z-list\/coronavirus\">http:\/\/www.dph.illinois.gov\/topics-services\/diseases-and-conditions\/diseases-a-z-list\/coronavirus<\/a><br><\/p>\n\n\n\n<p><strong><em>II Pomoc dla pracownik\u00f3w i pracodawc\u00f3w<\/em><\/strong><\/p>\n\n\n\n<p>Generalnie, w\u0142a\u015bciciel\/ka ma\u0142ego biznesu ma kilka mo\u017cliwo\u015bci:<\/p>\n\n\n\n<p>Po  pierwsze, je\u017celi obecno\u015b\u0107 pracownika jest wymagana dla dzia\u0142ania  biznesu to pracownik dostanie regularn\u0105 wyp\u0142ate a pracodawca mo\u017ce dostac pomoc od rzadu. S\u0105 po\u017cyczki kt\u00f3rych nie bedzie potrzeby sp\u0142aca\u0107 je\u017celi pieni\u0105dze b\u0119d\u0105 u\u017cyte na wyp\u0142ate dla pracownik\u00f3w.<\/p>\n\n\n\n<p><a href=\"https:\/\/www.sba.gov\/page\/coronavirus-covid-19-small-business-guidance-loan-resources\">https:\/\/www.sba.gov\/page\/coronavirus-covid-19-small-business-guidance-loan-resources<\/a><\/p>\n\n\n\n<p>Po  drugie, je\u017celi pracownik\/ca zosta\u0142 w domu z powodu kwarantany lub choroby to pracodawca ma obowiazek wyplacic do 80 godz wyp\u0142aty.  Wyp\u0142acone pieni\u0105dze bed\u0105 oddane przez IRS \u2013 zasi\u0142ek od rz\u0105du \u2013 dollar za  dollar. <\/p>\n\n\n\n<p><a href=\"https:\/\/www.dol.gov\/newsroom\/releases\/osec\/osec20200320\">https:\/\/www.dol.gov\/newsroom\/releases\/osec\/osec20200320<\/a><\/p>\n\n\n\n<p>Po  trzecie, je\u017celi pracodawca w dalszym ciagu nie  mo\u017ce chwilowo zapewni\u0107 pracy to pracownik mo\u017ce si\u0119 ubiegac o zasi\u0142ek dla  bezrobotnych.<\/p>\n\n\n\n<p>Po\n czwarte, je\u017celi pracownik potrzebuje dodatkowego czasu na opiek\u0119 nad \ndzieckie bo szko\u0142a zamni\u0119ta itp. To mo\u017ce dostac do 10 tygodni 2\/3 \nzarobk\u00f3w, ale ma\u0142e firmy mog\u0105 by\u0107 wy\u0142\u0105czone z tego obowi\u0105zku p\u0142acenia.<\/p>\n\n\n\n<p>Po  pi\u0105te, dla tych co pracuj\u0105 dla siebie to b\u0119dzie zwrot \u2013 zasi\u0142ek, albo  przy podatkach za rok 2019 albo przy podatkach za rock 2020.<\/p>\n\n\n\n<p><strong><em>III Bezzwrotne i zwrotne po\u017cyczki<\/em><\/strong><\/p>\n\n\n\n<p>Om\u00f3wienie program\u00f3w<\/p>\n\n\n\n<p><a href=\"https:\/\/www.sba.gov\/page\/coronavirus-covid-19-small-business-guidance-loan-resources#section-header-2\">https:\/\/www.sba.gov\/page\/coronavirus-covid-19-small-business-guidance-loan-resources#section-header-2<\/a><\/p>\n\n\n\n<p>Paycheck Protection Program &#8211; po\u017cyczka w wysoko\u015bci 2.5 miesi\u0105ca wyp\u0142at  (do 10million\u00f3w), kt\u00f3ra mo\u017ce by\u0107 umorzona cz\u0119\u015bciowo.<\/p>\n\n\n\n<p><a href=\"https:\/\/www.sba.gov\/funding-programs\/loans\/paycheck-protection-program#section-header-0\">https:\/\/www.sba.gov\/funding-programs\/loans\/paycheck-protection-program#section-header-0<\/a><\/p>\n\n\n\n<p>Disaster Loan Advance &#8211; Bezzwrotne $10,000.00<\/p>\n\n\n\n<p><a href=\"https:\/\/covid19relief.sba.gov\/#\/\">https:\/\/covid19relief.sba.gov\/#\/<\/a><\/p>\n\n\n\n<p>Express Bridge Loan Pilot Program $25,000.00<\/p>\n\n\n\n<p><a href=\"https:\/\/www.sba.gov\/document\/support--express-bridge-loan-pilot-program-guide\">https:\/\/www.sba.gov\/document\/support&#8211;express-bridge-loan-pilot-program-guide<\/a><\/p>\n\n\n\n<p>i wiele innych program\u00f3w &#8211;<\/p>\n\n\n\n<p><a href=\"https:\/\/www.sba.gov\/page\/coronavirus-covid-19-small-business-guidance-loan-resources\">https:\/\/www.sba.gov\/page\/coronavirus-covid-19-small-business-guidance-loan-resources<\/a><\/p>\n\n\n\n<p>Je\u017celi maj\u0105 pa\u0144stwo jakie\u015b pytania to prosz\u0119 nam wys\u0142a\u0107 email.<\/p>\n\n\n\n<p>Serdecznie dziekujemy ze mo\u017cemy pa\u0144stwu pomagac.<\/p>\n\n\n\n<p>Wszystkiego Najlepszego i du\u017co zdrowia<\/p>\n\n\n\n<p>\u017byczy<\/p>\n\n\n\n<p>Richard Kaczor CPA MBA z za\u0142og\u0105<\/p>","protected":false},"excerpt":{"rendered":"<p>Najnowsze wiadomo\u015bci dla firm w stanie Illinois Szanowni Pa\u0144stwo W \u015bwietle ostatnich wydarze\u0144 przesy\u0142amy pa\u0144stwu najnowsze informacje jak rozwi\u0105za\u0107 p\u0142atno\u015bci wyp\u0142at, jak pracownicy musz\u0105 zosta\u0107 w domu. Ten artyku\u0142 ma trzy cz\u0119\u015bci. Pierwsza to linki Druga to informacje na temat bezpo\u015bredniej pomocy dla pracodawc\u00f3w i pracownik\u00f3w. Trzecia to informacje na temat BEZWROTNYCH I ZWROTNYCH po\u017cyczek. [&hellip;]<\/p>","protected":false},"author":1,"featured_media":0,"parent":0,"menu_order":0,"comment_status":"closed","ping_status":"closed","template":"","meta":{"ub_ctt_via":"","ngg_post_thumbnail":0,"footnotes":""},"class_list":["post-2604","page","type-page","status-publish","hentry"],"featured_image_src":null,"yoast_head":"<!-- This site is optimized with the Yoast SEO plugin v27.2 - https:\/\/yoast.com\/product\/yoast-seo-wordpress\/ -->\n<title>Najnowsze wiadomo\u015bci dla firm w stanie Illinois - Kaczor &amp; Associates Ltd.<\/title>\n<meta name=\"robots\" content=\"index, follow, max-snippet:-1, max-image-preview:large, max-video-preview:-1\" \/>\n<link rel=\"canonical\" href=\"https:\/\/kaczorcpa.com\/pl\/najnowsze-wiadomosci-dla-firm-w-stanie-illinois\/\" \/>\n<meta property=\"og:locale\" content=\"pl_PL\" \/>\n<meta property=\"og:type\" content=\"article\" \/>\n<meta property=\"og:title\" content=\"Najnowsze wiadomo\u015bci dla firm w stanie Illinois - Kaczor &amp; Associates Ltd.\" \/>\n<meta property=\"og:description\" content=\"Najnowsze wiadomo\u015bci dla firm w stanie Illinois Szanowni Pa\u0144stwo W \u015bwietle ostatnich wydarze\u0144 przesy\u0142amy pa\u0144stwu najnowsze informacje jak rozwi\u0105za\u0107 p\u0142atno\u015bci wyp\u0142at, jak pracownicy musz\u0105 zosta\u0107 w domu. Ten artyku\u0142 ma trzy cz\u0119\u015bci. Pierwsza to linki Druga to informacje na temat bezpo\u015bredniej pomocy dla pracodawc\u00f3w i pracownik\u00f3w. Trzecia to informacje na temat BEZWROTNYCH I ZWROTNYCH po\u017cyczek. [&hellip;]\" \/>\n<meta property=\"og:url\" content=\"https:\/\/kaczorcpa.com\/pl\/najnowsze-wiadomosci-dla-firm-w-stanie-illinois\/\" \/>\n<meta property=\"og:site_name\" content=\"Kaczor &amp; Associates Ltd.\" \/>\n<meta property=\"article:publisher\" content=\"https:\/\/www.facebook.com\/pg\/Kaczor-Associates-Ltd-365432906906559\/\" \/>\n<meta property=\"article:modified_time\" content=\"2023-02-05T19:48:03+00:00\" \/>\n<meta name=\"twitter:card\" content=\"summary_large_image\" \/>\n<meta name=\"twitter:label1\" content=\"Szacowany czas czytania\" \/>\n\t<meta name=\"twitter:data1\" content=\"2 minuty\" \/>\n<script type=\"application\/ld+json\" class=\"yoast-schema-graph\">{\"@context\":\"https:\/\/schema.org\",\"@graph\":[{\"@type\":\"WebPage\",\"@id\":\"https:\/\/kaczorcpa.com\/najnowsze-wiadomosci-dla-firm-w-stanie-illinois\/\",\"url\":\"https:\/\/kaczorcpa.com\/najnowsze-wiadomosci-dla-firm-w-stanie-illinois\/\",\"name\":\"Najnowsze wiadomo\u015bci dla firm w stanie Illinois - Kaczor &amp; Associates Ltd.\",\"isPartOf\":{\"@id\":\"https:\/\/kaczorcpa.com\/#website\"},\"datePublished\":\"2020-03-25T02:13:12+00:00\",\"dateModified\":\"2023-02-05T19:48:03+00:00\",\"breadcrumb\":{\"@id\":\"https:\/\/kaczorcpa.com\/najnowsze-wiadomosci-dla-firm-w-stanie-illinois\/#breadcrumb\"},\"inLanguage\":\"pl-PL\",\"potentialAction\":[{\"@type\":\"ReadAction\",\"target\":[\"https:\/\/kaczorcpa.com\/najnowsze-wiadomosci-dla-firm-w-stanie-illinois\/\"]}]},{\"@type\":\"BreadcrumbList\",\"@id\":\"https:\/\/kaczorcpa.com\/najnowsze-wiadomosci-dla-firm-w-stanie-illinois\/#breadcrumb\",\"itemListElement\":[{\"@type\":\"ListItem\",\"position\":1,\"name\":\"Home\",\"item\":\"https:\/\/kaczorcpa.com\/\"},{\"@type\":\"ListItem\",\"position\":2,\"name\":\"Najnowsze wiadomo\u015bci dla firm w stanie Illinois\"}]},{\"@type\":\"WebSite\",\"@id\":\"https:\/\/kaczorcpa.com\/#website\",\"url\":\"https:\/\/kaczorcpa.com\/\",\"name\":\"Kaczor &amp; Associates Ltd.\",\"description\":\"Experience you can trust.\",\"potentialAction\":[{\"@type\":\"SearchAction\",\"target\":{\"@type\":\"EntryPoint\",\"urlTemplate\":\"https:\/\/kaczorcpa.com\/?s={search_term_string}\"},\"query-input\":{\"@type\":\"PropertyValueSpecification\",\"valueRequired\":true,\"valueName\":\"search_term_string\"}}],\"inLanguage\":\"pl-PL\"}]}<\/script>\n<!-- \/ Yoast SEO plugin. -->","yoast_head_json":{"title":"Najnowsze wiadomo\u015bci dla firm w stanie Illinois - Kaczor &amp; Associates Ltd.","robots":{"index":"index","follow":"follow","max-snippet":"max-snippet:-1","max-image-preview":"max-image-preview:large","max-video-preview":"max-video-preview:-1"},"canonical":"https:\/\/kaczorcpa.com\/pl\/najnowsze-wiadomosci-dla-firm-w-stanie-illinois\/","og_locale":"pl_PL","og_type":"article","og_title":"Najnowsze wiadomo\u015bci dla firm w stanie Illinois - Kaczor &amp; Associates Ltd.","og_description":"Najnowsze wiadomo\u015bci dla firm w stanie Illinois Szanowni Pa\u0144stwo W \u015bwietle ostatnich wydarze\u0144 przesy\u0142amy pa\u0144stwu najnowsze informacje jak rozwi\u0105za\u0107 p\u0142atno\u015bci wyp\u0142at, jak pracownicy musz\u0105 zosta\u0107 w domu. Ten artyku\u0142 ma trzy cz\u0119\u015bci. Pierwsza to linki Druga to informacje na temat bezpo\u015bredniej pomocy dla pracodawc\u00f3w i pracownik\u00f3w. Trzecia to informacje na temat BEZWROTNYCH I ZWROTNYCH po\u017cyczek. [&hellip;]","og_url":"https:\/\/kaczorcpa.com\/pl\/najnowsze-wiadomosci-dla-firm-w-stanie-illinois\/","og_site_name":"Kaczor &amp; Associates Ltd.","article_publisher":"https:\/\/www.facebook.com\/pg\/Kaczor-Associates-Ltd-365432906906559\/","article_modified_time":"2023-02-05T19:48:03+00:00","twitter_card":"summary_large_image","twitter_misc":{"Szacowany czas czytania":"2 minuty"},"schema":{"@context":"https:\/\/schema.org","@graph":[{"@type":"WebPage","@id":"https:\/\/kaczorcpa.com\/najnowsze-wiadomosci-dla-firm-w-stanie-illinois\/","url":"https:\/\/kaczorcpa.com\/najnowsze-wiadomosci-dla-firm-w-stanie-illinois\/","name":"Najnowsze wiadomo\u015bci dla firm w stanie Illinois - Kaczor &amp; Associates Ltd.","isPartOf":{"@id":"https:\/\/kaczorcpa.com\/#website"},"datePublished":"2020-03-25T02:13:12+00:00","dateModified":"2023-02-05T19:48:03+00:00","breadcrumb":{"@id":"https:\/\/kaczorcpa.com\/najnowsze-wiadomosci-dla-firm-w-stanie-illinois\/#breadcrumb"},"inLanguage":"pl-PL","potentialAction":[{"@type":"ReadAction","target":["https:\/\/kaczorcpa.com\/najnowsze-wiadomosci-dla-firm-w-stanie-illinois\/"]}]},{"@type":"BreadcrumbList","@id":"https:\/\/kaczorcpa.com\/najnowsze-wiadomosci-dla-firm-w-stanie-illinois\/#breadcrumb","itemListElement":[{"@type":"ListItem","position":1,"name":"Home","item":"https:\/\/kaczorcpa.com\/"},{"@type":"ListItem","position":2,"name":"Najnowsze wiadomo\u015bci dla firm w stanie Illinois"}]},{"@type":"WebSite","@id":"https:\/\/kaczorcpa.com\/#website","url":"https:\/\/kaczorcpa.com\/","name":"Kaczor &amp; Associates Ltd.","description":"Experience you can trust.","potentialAction":[{"@type":"SearchAction","target":{"@type":"EntryPoint","urlTemplate":"https:\/\/kaczorcpa.com\/?s={search_term_string}"},"query-input":{"@type":"PropertyValueSpecification","valueRequired":true,"valueName":"search_term_string"}}],"inLanguage":"pl-PL"}]}},"_links":{"self":[{"href":"https:\/\/kaczorcpa.com\/pl\/wp-json\/wp\/v2\/pages\/2604","targetHints":{"allow":["GET"]}}],"collection":[{"href":"https:\/\/kaczorcpa.com\/pl\/wp-json\/wp\/v2\/pages"}],"about":[{"href":"https:\/\/kaczorcpa.com\/pl\/wp-json\/wp\/v2\/types\/page"}],"author":[{"embeddable":true,"href":"https:\/\/kaczorcpa.com\/pl\/wp-json\/wp\/v2\/users\/1"}],"replies":[{"embeddable":true,"href":"https:\/\/kaczorcpa.com\/pl\/wp-json\/wp\/v2\/comments?post=2604"}],"version-history":[{"count":7,"href":"https:\/\/kaczorcpa.com\/pl\/wp-json\/wp\/v2\/pages\/2604\/revisions"}],"predecessor-version":[{"id":2847,"href":"https:\/\/kaczorcpa.com\/pl\/wp-json\/wp\/v2\/pages\/2604\/revisions\/2847"}],"wp:attachment":[{"href":"https:\/\/kaczorcpa.com\/pl\/wp-json\/wp\/v2\/media?parent=2604"}],"curies":[{"name":"wp","href":"https:\/\/api.w.org\/{rel}","templated":true}]}}