{"id":2510,"date":"2019-11-22T19:08:00","date_gmt":"2019-11-23T01:08:00","guid":{"rendered":"http:\/\/kaczorcpa.com\/?page_id=2510"},"modified":"2023-02-05T05:01:20","modified_gmt":"2023-02-05T11:01:20","slug":"wideo","status":"publish","type":"page","link":"https:\/\/kaczorcpa.com\/pl\/wideo\/","title":{"rendered":"Wideo"},"content":{"rendered":"&nbsp;\n\n<p>\n\t<span style=\"font-size:18px;\"><a class=\"vid\" href=\"https:\/\/youtu.be\/sRhVXC_V6gk\">Kiedy b\u0119dzie m\u00f3j zwrot?<svg xmlns=\"http:\/\/www.w3.org\/2000\/svg\" xmlns:xlink=\"http:\/\/www.w3.org\/1999\/xlink\" aria-hidden=\"true\" focusable=\"false\" width=\"1.5em\" height=\"1.5em\" style=\"margin-left: 4px; display:inline; -ms-transform: rotate(360deg); -webkit-transform: rotate(360deg); transform: rotate(360deg);\" preserveaspectratio=\"xMidYMid meet\" viewbox=\"0 0 20 20\" class=\"iconify\" data-icon=\"dashicons:video-alt3\" data-inline=\"false\"><path d=\"M19 15V5c0-1.1-.9-2-2-2H4c-1.1 0-2 .9-2 2v10c0 1.1.9 2 2 2h13c1.1 0 2-.9 2-2zM8 14V6l6 4z\" fill=\"currentColor\"><\/path><\/svg><\/a>&nbsp;<\/span>\n<\/p>\n&nbsp;\n\n\n\n<p>\n\t<span style=\"font-size:18px;\"><a class=\"vid\" href=\"https:\/\/youtu.be\/ksTgHn5yP0k\">Dw\u00f3ch \u0141ysych: Zdrowy rozs\u0105dek w niezdrowych czasach?<svg xmlns=\"http:\/\/www.w3.org\/2000\/svg\" xmlns:xlink=\"http:\/\/www.w3.org\/1999\/xlink\" aria-hidden=\"true\" focusable=\"false\" width=\"1.5em\" height=\"1.5em\" style=\"margin-left: 4px; display:inline; -ms-transform: rotate(360deg); -webkit-transform: rotate(360deg); transform: rotate(360deg);\" preserveaspectratio=\"xMidYMid meet\" viewbox=\"0 0 20 20\" class=\"iconify\" data-icon=\"dashicons:video-alt3\" data-inline=\"false\"><path d=\"M19 15V5c0-1.1-.9-2-2-2H4c-1.1 0-2 .9-2 2v10c0 1.1.9 2 2 2h13c1.1 0 2-.9 2-2zM8 14V6l6 4z\" fill=\"currentColor\"><\/path><\/svg><\/a>&nbsp;<\/span>\n<\/p>\n&nbsp;\n\n<p>\n\t<span style=\"font-size:18px;\"><a class=\"vid\" href=\"https:\/\/www.youtube.com\/watch?v=U4901EutMB4&amp;t=56s\">Finanse, Rodzina i Biznes w Dziejszym \u015awiecie<svg xmlns=\"http:\/\/www.w3.org\/2000\/svg\" xmlns:xlink=\"http:\/\/www.w3.org\/1999\/xlink\" aria-hidden=\"true\" focusable=\"false\" width=\"1.5em\" height=\"1.5em\" style=\"margin-left: 4px; display:inline; -ms-transform: rotate(360deg); -webkit-transform: rotate(360deg); transform: rotate(360deg);\" preserveaspectratio=\"xMidYMid meet\" viewbox=\"0 0 20 20\" class=\"iconify\" data-icon=\"dashicons:video-alt3\" data-inline=\"false\"><path d=\"M19 15V5c0-1.1-.9-2-2-2H4c-1.1 0-2 .9-2 2v10c0 1.1.9 2 2 2h13c1.1 0 2-.9 2-2zM8 14V6l6 4z\" fill=\"currentColor\"><\/path><\/svg><\/a>&nbsp;<\/span>\n<\/p>\n&nbsp;\n\n\n\n<p>\n\t<span style=\"font-size:18px;\"><a class=\"vid\" href=\"https:\/\/www.youtube.com\/watch?v=3vwgyqZs5Po\">Czy tw\u00f3j biznes kwalifikuje si\u0119 na bezwrotn\u0105 po\u017cyczk\u0119 SBA?<svg xmlns=\"http:\/\/www.w3.org\/2000\/svg\" xmlns:xlink=\"http:\/\/www.w3.org\/1999\/xlink\" aria-hidden=\"true\" focusable=\"false\" width=\"1.5em\" height=\"1.5em\" style=\"margin-left: 4px; display:inline; -ms-transform: rotate(360deg); -webkit-transform: rotate(360deg); transform: rotate(360deg);\" preserveaspectratio=\"xMidYMid meet\" viewbox=\"0 0 20 20\" class=\"iconify\" data-icon=\"dashicons:video-alt3\" data-inline=\"false\"><path d=\"M19 15V5c0-1.1-.9-2-2-2H4c-1.1 0-2 .9-2 2v10c0 1.1.9 2 2 2h13c1.1 0 2-.9 2-2zM8 14V6l6 4z\" fill=\"currentColor\"><\/path><\/svg><\/a>&nbsp;<\/span>\n<\/p>\n&nbsp;\n\n\n\n<p>\n\t<span style=\"font-size:18px;\"><a class=\"vid\" href=\"https:\/\/www.youtube.com\/watch?v=51_AQBNw9z4\">Zaproszenie na stron\u0119<svg xmlns=\"http:\/\/www.w3.org\/2000\/svg\" xmlns:xlink=\"http:\/\/www.w3.org\/1999\/xlink\" aria-hidden=\"true\" focusable=\"false\" width=\"1.5em\" height=\"1.5em\" style=\"margin-left: 4px; display:inline; -ms-transform: rotate(360deg); -webkit-transform: rotate(360deg); transform: rotate(360deg);\" preserveaspectratio=\"xMidYMid meet\" viewbox=\"0 0 20 20\" class=\"iconify\" data-icon=\"dashicons:video-alt3\" data-inline=\"false\"><path d=\"M19 15V5c0-1.1-.9-2-2-2H4c-1.1 0-2 .9-2 2v10c0 1.1.9 2 2 2h13c1.1 0 2-.9 2-2zM8 14V6l6 4z\" fill=\"currentColor\"><\/path><\/svg><\/a>&nbsp;<\/span>\n<\/p>\n&nbsp;\n\n\n\n<p>\n\t<span style=\"font-size:18px;\"><a class=\"vid\" href=\"https:\/\/www.youtube.com\/watch?v=fmLOVXS0cnA&amp;t=6s\">Jak zaoszcz\u0119dzi\u0107 na podatkach w Biznesie<svg xmlns=\"http:\/\/www.w3.org\/2000\/svg\" xmlns:xlink=\"http:\/\/www.w3.org\/1999\/xlink\" aria-hidden=\"true\" focusable=\"false\" width=\"1.5em\" height=\"1.5em\" style=\"margin-left: 4px; display:inline; -ms-transform: rotate(360deg); -webkit-transform: rotate(360deg); transform: rotate(360deg);\" preserveaspectratio=\"xMidYMid meet\" viewbox=\"0 0 20 20\" class=\"iconify\" data-icon=\"dashicons:video-alt3\" data-inline=\"false\"><path d=\"M19 15V5c0-1.1-.9-2-2-2H4c-1.1 0-2 .9-2 2v10c0 1.1.9 2 2 2h13c1.1 0 2-.9 2-2zM8 14V6l6 4z\" fill=\"currentColor\"><\/path><\/svg><\/a>&nbsp;<\/span>\n<\/p>\n&nbsp;\n\n\n\n<p>\n\t<span style=\"font-size:18px;\"><a class=\"vid\" href=\"https:\/\/www.youtube.com\/watch?v=nuF_GvqZuFQ&amp;t=40s\">Jak umorzy\u0107 po\u017cyczk\u0119 PPP<svg xmlns=\"http:\/\/www.w3.org\/2000\/svg\" xmlns:xlink=\"http:\/\/www.w3.org\/1999\/xlink\" aria-hidden=\"true\" focusable=\"false\" width=\"1.5em\" height=\"1.5em\" style=\"margin-left: 4px; display:inline; -ms-transform: rotate(360deg); -webkit-transform: rotate(360deg); transform: rotate(360deg);\" preserveaspectratio=\"xMidYMid meet\" viewbox=\"0 0 20 20\" class=\"iconify\" data-icon=\"dashicons:video-alt3\" data-inline=\"false\"><path d=\"M19 15V5c0-1.1-.9-2-2-2H4c-1.1 0-2 .9-2 2v10c0 1.1.9 2 2 2h13c1.1 0 2-.9 2-2zM8 14V6l6 4z\" fill=\"currentColor\"><\/path><\/svg><\/a>&nbsp;<\/span>\n<\/p>\n&nbsp;\n\n\n\n<p>\n\t<span style=\"font-size:18px;\"><a class=\"vid\" href=\"https:\/\/www.youtube.com\/watch?v=sx3hZZnkfN4&amp;t=8s\">Certyfikacja dla Samozatrudnionych<svg xmlns=\"http:\/\/www.w3.org\/2000\/svg\" xmlns:xlink=\"http:\/\/www.w3.org\/1999\/xlink\" aria-hidden=\"true\" focusable=\"false\" width=\"1.5em\" height=\"1.5em\" style=\"margin-left: 4px; display:inline; -ms-transform: rotate(360deg); -webkit-transform: rotate(360deg); transform: rotate(360deg);\" preserveaspectratio=\"xMidYMid meet\" viewbox=\"0 0 20 20\" class=\"iconify\" data-icon=\"dashicons:video-alt3\" data-inline=\"false\"><path d=\"M19 15V5c0-1.1-.9-2-2-2H4c-1.1 0-2 .9-2 2v10c0 1.1.9 2 2 2h13c1.1 0 2-.9 2-2zM8 14V6l6 4z\" fill=\"currentColor\"><\/path><\/svg><\/a>&nbsp;<\/span>\n<\/p>\n&nbsp;\n\n\n\n<p>\n\t<span style=\"font-size:18px;\"><a class=\"vid\" href=\"https:\/\/www.youtube.com\/watch?v=xzPWvHIOGtQ&amp;feature=youtu.be\">Video: Stimulus Plan &#8211; Fakty<svg xmlns=\"http:\/\/www.w3.org\/2000\/svg\" xmlns:xlink=\"http:\/\/www.w3.org\/1999\/xlink\" aria-hidden=\"true\" focusable=\"false\" width=\"1.5em\" height=\"1.5em\" style=\"margin-left: 4px; display:inline; -ms-transform: rotate(360deg); -webkit-transform: rotate(360deg); transform: rotate(360deg);\" preserveaspectratio=\"xMidYMid meet\" viewbox=\"0 0 20 20\" class=\"iconify\" data-icon=\"dashicons:video-alt3\" data-inline=\"false\"><path d=\"M19 15V5c0-1.1-.9-2-2-2H4c-1.1 0-2 .9-2 2v10c0 1.1.9 2 2 2h13c1.1 0 2-.9 2-2zM8 14V6l6 4z\" fill=\"currentColor\"><\/path><\/svg><\/a>&nbsp;<\/span>\n<\/p>\n&nbsp;\n\n\n\n<p>\n\t<span style=\"font-size:18px;\"><a class=\"vid\" href=\"https:\/\/www.youtube.com\/watch?v=O2472v7pg48&amp;feature=youtu.be\">Jak zachowa\u0107 prawid\u0142owy balans w dzisiejszym \u015bwiecie!<svg xmlns=\"http:\/\/www.w3.org\/2000\/svg\" xmlns:xlink=\"http:\/\/www.w3.org\/1999\/xlink\" aria-hidden=\"true\" focusable=\"false\" width=\"1.5em\" height=\"1.5em\" style=\"margin-left: 4px; display:inline; -ms-transform: rotate(360deg); -webkit-transform: rotate(360deg); transform: rotate(360deg);\" preserveaspectratio=\"xMidYMid meet\" viewbox=\"0 0 20 20\" class=\"iconify\" data-icon=\"dashicons:video-alt3\" data-inline=\"false\"><path d=\"M19 15V5c0-1.1-.9-2-2-2H4c-1.1 0-2 .9-2 2v10c0 1.1.9 2 2 2h13c1.1 0 2-.9 2-2zM8 14V6l6 4z\" fill=\"currentColor\"><\/path><\/svg><\/a>&nbsp;<\/span>\n<\/p>\n&nbsp;\n\n\n\n<p>\n\t<span style=\"font-size:18px;\"><a class=\"vid\" href=\"https:\/\/www.youtube.com\/watch?v=Ds7BINDrbv8&amp;feature=youtu.be\">Jak zachowa\u0107 zdrowy rozs\u0105dek w dzisiejszym \u015bwiecie<svg xmlns=\"http:\/\/www.w3.org\/2000\/svg\" xmlns:xlink=\"http:\/\/www.w3.org\/1999\/xlink\" aria-hidden=\"true\" focusable=\"false\" width=\"1.5em\" height=\"1.5em\" style=\"margin-left: 4px; display:inline; -ms-transform: rotate(360deg); -webkit-transform: rotate(360deg); transform: rotate(360deg);\" preserveaspectratio=\"xMidYMid meet\" viewbox=\"0 0 20 20\" class=\"iconify\" data-icon=\"dashicons:video-alt3\" data-inline=\"false\"><path d=\"M19 15V5c0-1.1-.9-2-2-2H4c-1.1 0-2 .9-2 2v10c0 1.1.9 2 2 2h13c1.1 0 2-.9 2-2zM8 14V6l6 4z\" fill=\"currentColor\"><\/path><\/svg><\/a>&nbsp;<\/span>\n<\/p>\n&nbsp;\n\n\n\n<p>\n\t<span style=\"font-size:18px;\"><a class=\"vid\" href=\"https:\/\/www.youtube.com\/watch?v=CANaLCUNnjU&amp;t=27s\">Bud\u017cet domowy a podatki<svg xmlns=\"http:\/\/www.w3.org\/2000\/svg\" xmlns:xlink=\"http:\/\/www.w3.org\/1999\/xlink\" aria-hidden=\"true\" focusable=\"false\" width=\"1.5em\" height=\"1.5em\" style=\"margin-left: 4px; display:inline; -ms-transform: rotate(360deg); -webkit-transform: rotate(360deg); transform: rotate(360deg);\" preserveaspectratio=\"xMidYMid meet\" viewbox=\"0 0 20 20\" class=\"iconify\" data-icon=\"dashicons:video-alt3\" data-inline=\"false\"><path d=\"M19 15V5c0-1.1-.9-2-2-2H4c-1.1 0-2 .9-2 2v10c0 1.1.9 2 2 2h13c1.1 0 2-.9 2-2zM8 14V6l6 4z\" fill=\"currentColor\"><\/path><\/svg><\/a><\/span>\n<\/p>\n&nbsp;\n\n\n\n<p>\n\t<span style=\"font-size:18px;\"><a class=\"vid\" href=\"https:\/\/www.youtube.com\/watch?v=rIeXj8LxLzo&amp;t=9s\">Jak osiagnac sukces w biznesie<svg xmlns=\"http:\/\/www.w3.org\/2000\/svg\" xmlns:xlink=\"http:\/\/www.w3.org\/1999\/xlink\" aria-hidden=\"true\" focusable=\"false\" width=\"1.5em\" height=\"1.5em\" style=\"margin-left: 4px; display:inline; -ms-transform: rotate(360deg); -webkit-transform: rotate(360deg); transform: rotate(360deg);\" preserveaspectratio=\"xMidYMid meet\" viewbox=\"0 0 20 20\" class=\"iconify\" data-icon=\"dashicons:video-alt3\" data-inline=\"false\"><path d=\"M19 15V5c0-1.1-.9-2-2-2H4c-1.1 0-2 .9-2 2v10c0 1.1.9 2 2 2h13c1.1 0 2-.9 2-2zM8 14V6l6 4z\" fill=\"currentColor\"><\/path><\/svg><\/a><\/span>\n<\/p>\n&nbsp;\n\n\n\n<p>\n\t<span style=\"font-size:18px;\"><a class=\"vid\" href=\"https:\/\/www.youtube.com\/watch?v=6z-XEE1N5HI&amp;t=392s\">Plany emerytalne a podatki<svg xmlns=\"http:\/\/www.w3.org\/2000\/svg\" xmlns:xlink=\"http:\/\/www.w3.org\/1999\/xlink\" aria-hidden=\"true\" focusable=\"false\" width=\"1.5em\" height=\"1.5em\" style=\"margin-left: 4px; display:inline; -ms-transform: rotate(360deg); -webkit-transform: rotate(360deg); transform: rotate(360deg);\" preserveaspectratio=\"xMidYMid meet\" viewbox=\"0 0 20 20\" class=\"iconify\" data-icon=\"dashicons:video-alt3\" data-inline=\"false\"><path d=\"M19 15V5c0-1.1-.9-2-2-2H4c-1.1 0-2 .9-2 2v10c0 1.1.9 2 2 2h13c1.1 0 2-.9 2-2zM8 14V6l6 4z\" fill=\"currentColor\"><\/path><\/svg><\/a><\/span>\n<\/p>\n&nbsp;\n\n\n\n<p>\n\t<span style=\"font-size:18px;\"><a class=\"vid\" href=\"https:\/\/www.youtube.com\/watch?v=u03g9klcLjc&amp;t=23s\">Umorzenie d\u0142ug\u00f3w podatkowych<svg xmlns=\"http:\/\/www.w3.org\/2000\/svg\" xmlns:xlink=\"http:\/\/www.w3.org\/1999\/xlink\" aria-hidden=\"true\" focusable=\"false\" width=\"1.5em\" height=\"1.5em\" style=\"margin-left: 4px; display:inline; -ms-transform: rotate(360deg); -webkit-transform: rotate(360deg); transform: rotate(360deg);\" preserveaspectratio=\"xMidYMid meet\" viewbox=\"0 0 20 20\" class=\"iconify\" data-icon=\"dashicons:video-alt3\" data-inline=\"false\"><path d=\"M19 15V5c0-1.1-.9-2-2-2H4c-1.1 0-2 .9-2 2v10c0 1.1.9 2 2 2h13c1.1 0 2-.9 2-2zM8 14V6l6 4z\" fill=\"currentColor\"><\/path><\/svg><\/a><\/span>\n<\/p>\n&nbsp;\n\n\n\n<p>\n\t<span style=\"font-size:18px;\"><a class=\"vid\" href=\"https:\/\/www.youtube.com\/watch?v=GNJsqzuQoqA&amp;t=7s\">Rozwod a Podatki<svg xmlns=\"http:\/\/www.w3.org\/2000\/svg\" xmlns:xlink=\"http:\/\/www.w3.org\/1999\/xlink\" aria-hidden=\"true\" focusable=\"false\" width=\"1.5em\" height=\"1.5em\" style=\"margin-left: 4px; display:inline; -ms-transform: rotate(360deg); -webkit-transform: rotate(360deg); transform: rotate(360deg);\" preserveaspectratio=\"xMidYMid meet\" viewbox=\"0 0 20 20\" class=\"iconify\" data-icon=\"dashicons:video-alt3\" data-inline=\"false\"><path d=\"M19 15V5c0-1.1-.9-2-2-2H4c-1.1 0-2 .9-2 2v10c0 1.1.9 2 2 2h13c1.1 0 2-.9 2-2zM8 14V6l6 4z\" fill=\"currentColor\"><\/path><\/svg><\/a><\/span>\n<\/p>\n&nbsp;\n\n\n\n<p>\n\t<span style=\"font-size:18px;\"><a class=\"vid\" href=\"https:\/\/www.youtube.com\/watch?v=1SJc0nH-3Yw\">Refleksje<svg xmlns=\"http:\/\/www.w3.org\/2000\/svg\" xmlns:xlink=\"http:\/\/www.w3.org\/1999\/xlink\" aria-hidden=\"true\" focusable=\"false\" width=\"1.5em\" height=\"1.5em\" style=\"margin-left: 4px; display:inline; -ms-transform: rotate(360deg); -webkit-transform: rotate(360deg); transform: rotate(360deg);\" preserveaspectratio=\"xMidYMid meet\" viewbox=\"0 0 20 20\" class=\"iconify\" data-icon=\"dashicons:video-alt3\" data-inline=\"false\"><path d=\"M19 15V5c0-1.1-.9-2-2-2H4c-1.1 0-2 .9-2 2v10c0 1.1.9 2 2 2h13c1.1 0 2-.9 2-2zM8 14V6l6 4z\" fill=\"currentColor\"><\/path><\/svg><\/a><\/span>\n<\/p>\n&nbsp;\n\n\n\n<p>\n\t<span style=\"font-size:18px;\"><a class=\"vid\" href=\"https:\/\/www.youtube.com\/watch?v=2UBbEvX1kAA&amp;list=PL4047D2A42303A70B&amp;index=12&amp;t=0s\">Podatki w wieku 18-25\u200b<svg xmlns=\"http:\/\/www.w3.org\/2000\/svg\" xmlns:xlink=\"http:\/\/www.w3.org\/1999\/xlink\" aria-hidden=\"true\" focusable=\"false\" width=\"1.5em\" height=\"1.5em\" style=\"margin-left: 4px; display:inline; -ms-transform: rotate(360deg); -webkit-transform: rotate(360deg); transform: rotate(360deg);\" preserveaspectratio=\"xMidYMid meet\" viewbox=\"0 0 20 20\" class=\"iconify\" data-icon=\"dashicons:video-alt3\" data-inline=\"false\"><path d=\"M19 15V5c0-1.1-.9-2-2-2H4c-1.1 0-2 .9-2 2v10c0 1.1.9 2 2 2h13c1.1 0 2-.9 2-2zM8 14V6l6 4z\" fill=\"currentColor\"><\/path><\/svg><\/a><\/span>\n<\/p>\n&nbsp;\n\n\n\n<p>\n\t<span style=\"font-size:18px;\"><a class=\"vid\" href=\"https:\/\/www.youtube.com\/watch?v=S-6UrqG8IJQ&amp;list=PL4047D2A42303A70B&amp;index=10\">Podatki w wieku 25-35<svg xmlns=\"http:\/\/www.w3.org\/2000\/svg\" xmlns:xlink=\"http:\/\/www.w3.org\/1999\/xlink\" aria-hidden=\"true\" focusable=\"false\" width=\"1.5em\" height=\"1.5em\" style=\"margin-left: 4px; display:inline; -ms-transform: rotate(360deg); -webkit-transform: rotate(360deg); transform: rotate(360deg);\" preserveaspectratio=\"xMidYMid meet\" viewbox=\"0 0 20 20\" class=\"iconify\" data-icon=\"dashicons:video-alt3\" data-inline=\"false\"><path d=\"M19 15V5c0-1.1-.9-2-2-2H4c-1.1 0-2 .9-2 2v10c0 1.1.9 2 2 2h13c1.1 0 2-.9 2-2zM8 14V6l6 4z\" fill=\"currentColor\"><\/path><\/svg><\/a><\/span>\n<\/p>\n&nbsp;\n\n\n\n<p>\n\t<span style=\"font-size:18px;\"><a class=\"vid\" href=\"https:\/\/www.youtube.com\/watch?v=1wyRjkk8uVE&amp;list=PL4047D2A42303A70B&amp;index=9\">Podatki w wieku 35-45<svg xmlns=\"http:\/\/www.w3.org\/2000\/svg\" xmlns:xlink=\"http:\/\/www.w3.org\/1999\/xlink\" aria-hidden=\"true\" focusable=\"false\" width=\"1.5em\" height=\"1.5em\" style=\"margin-left: 4px; display:inline; -ms-transform: rotate(360deg); -webkit-transform: rotate(360deg); transform: rotate(360deg);\" preserveaspectratio=\"xMidYMid meet\" viewbox=\"0 0 20 20\" class=\"iconify\" data-icon=\"dashicons:video-alt3\" data-inline=\"false\"><path d=\"M19 15V5c0-1.1-.9-2-2-2H4c-1.1 0-2 .9-2 2v10c0 1.1.9 2 2 2h13c1.1 0 2-.9 2-2zM8 14V6l6 4z\" fill=\"currentColor\"><\/path><\/svg><\/a><\/span>\n<\/p>\n&nbsp;\n\n\n\n<p>\n<span style=\"font-size:18px;\"><a class=\"vid\" href=\"https:\/\/www.youtube.com\/watch?v=WTx5WoVezzA&amp;list=PL4047D2A42303A70B&amp;index=8\">Podatki w wieku 45-55\u200b<svg xmlns=\"http:\/\/www.w3.org\/2000\/svg\" xmlns:xlink=\"http:\/\/www.w3.org\/1999\/xlink\" aria-hidden=\"true\" focusable=\"false\" width=\"1.5em\" height=\"1.5em\" style=\"margin-left: 4px; display:inline; -ms-transform: rotate(360deg); -webkit-transform: rotate(360deg); transform: rotate(360deg);\" preserveaspectratio=\"xMidYMid meet\" viewbox=\"0 0 20 20\" class=\"iconify\" data-icon=\"dashicons:video-alt3\" data-inline=\"false\"><path d=\"M19 15V5c0-1.1-.9-2-2-2H4c-1.1 0-2 .9-2 2v10c0 1.1.9 2 2 2h13c1.1 0 2-.9 2-2zM8 14V6l6 4z\" fill=\"currentColor\"><\/path><\/svg><\/a><\/span>\n<\/p>\n&nbsp;\n\n\n\n<p>\n<span style=\"font-size:18px;\"><a class=\"vid\" href=\"https:\/\/www.youtube.com\/watch?v=cCH6BABmHxQ&amp;list=PL4047D2A42303A70B&amp;index=7\">Podatki w wieku 55-65\u200b<svg xmlns=\"http:\/\/www.w3.org\/2000\/svg\" xmlns:xlink=\"http:\/\/www.w3.org\/1999\/xlink\" aria-hidden=\"true\" focusable=\"false\" width=\"1.5em\" height=\"1.5em\" style=\"margin-left: 4px; display:inline; -ms-transform: rotate(360deg); -webkit-transform: rotate(360deg); transform: rotate(360deg);\" preserveaspectratio=\"xMidYMid meet\" viewbox=\"0 0 20 20\" class=\"iconify\" data-icon=\"dashicons:video-alt3\" data-inline=\"false\"><path d=\"M19 15V5c0-1.1-.9-2-2-2H4c-1.1 0-2 .9-2 2v10c0 1.1.9 2 2 2h13c1.1 0 2-.9 2-2zM8 14V6l6 4z\" fill=\"currentColor\"><\/path><\/svg><\/a><\/span>\n<\/p>\n&nbsp;\n\n\n\n<p>\n<span style=\"font-size:18px;\"><a class=\"vid\" href=\"https:\/\/www.youtube.com\/watch?v=fPXnFcWcryw&amp;list=PL4047D2A42303A70B&amp;index=6\">Podatki w wieku 65+<svg xmlns=\"http:\/\/www.w3.org\/2000\/svg\" xmlns:xlink=\"http:\/\/www.w3.org\/1999\/xlink\" aria-hidden=\"true\" focusable=\"false\" width=\"1.5em\" height=\"1.5em\" style=\"margin-left: 4px; display:inline; -ms-transform: rotate(360deg); -webkit-transform: rotate(360deg); transform: rotate(360deg);\" preserveaspectratio=\"xMidYMid meet\" viewbox=\"0 0 20 20\" class=\"iconify\" data-icon=\"dashicons:video-alt3\" data-inline=\"false\"><path d=\"M19 15V5c0-1.1-.9-2-2-2H4c-1.1 0-2 .9-2 2v10c0 1.1.9 2 2 2h13c1.1 0 2-.9 2-2zM8 14V6l6 4z\" fill=\"currentColor\"><\/path><\/svg><\/a><\/span>\n<\/p>\n\n\n\n<p><\/p>","protected":false},"excerpt":{"rendered":"<p>&nbsp; Kiedy b\u0119dzie m\u00f3j zwrot?&nbsp; &nbsp; Dw\u00f3ch \u0141ysych: Zdrowy rozs\u0105dek w niezdrowych czasach?&nbsp; &nbsp; Finanse, Rodzina i Biznes w Dziejszym \u015awiecie&nbsp; &nbsp; Czy tw\u00f3j biznes kwalifikuje si\u0119 na bezwrotn\u0105 po\u017cyczk\u0119 SBA?&nbsp; &nbsp; Zaproszenie na stron\u0119&nbsp; &nbsp; Jak zaoszcz\u0119dzi\u0107 na podatkach w Biznesie&nbsp; &nbsp; Jak umorzy\u0107 po\u017cyczk\u0119 PPP&nbsp; &nbsp; Certyfikacja dla Samozatrudnionych&nbsp; &nbsp; Video: Stimulus Plan [&hellip;]<\/p>","protected":false},"author":1,"featured_media":0,"parent":0,"menu_order":0,"comment_status":"closed","ping_status":"closed","template":"","meta":{"ub_ctt_via":"","ngg_post_thumbnail":0,"footnotes":""},"class_list":["post-2510","page","type-page","status-publish","hentry"],"featured_image_src":null,"yoast_head":"<!-- This site is optimized with the Yoast SEO plugin v27.2 - https:\/\/yoast.com\/product\/yoast-seo-wordpress\/ -->\n<title>Wideo - Kaczor &amp; Associates Ltd.<\/title>\n<meta name=\"robots\" content=\"index, follow, max-snippet:-1, max-image-preview:large, max-video-preview:-1\" \/>\n<link rel=\"canonical\" href=\"https:\/\/kaczorcpa.com\/pl\/wideo\/\" \/>\n<meta property=\"og:locale\" content=\"pl_PL\" \/>\n<meta property=\"og:type\" content=\"article\" \/>\n<meta property=\"og:title\" content=\"Wideo - Kaczor &amp; Associates Ltd.\" \/>\n<meta property=\"og:description\" content=\"&nbsp; Kiedy b\u0119dzie m\u00f3j zwrot?&nbsp; &nbsp; Dw\u00f3ch \u0141ysych: Zdrowy rozs\u0105dek w niezdrowych czasach?&nbsp; &nbsp; Finanse, Rodzina i Biznes w Dziejszym \u015awiecie&nbsp; &nbsp; Czy tw\u00f3j biznes kwalifikuje si\u0119 na bezwrotn\u0105 po\u017cyczk\u0119 SBA?&nbsp; &nbsp; Zaproszenie na stron\u0119&nbsp; &nbsp; Jak zaoszcz\u0119dzi\u0107 na podatkach w Biznesie&nbsp; &nbsp; Jak umorzy\u0107 po\u017cyczk\u0119 PPP&nbsp; &nbsp; Certyfikacja dla Samozatrudnionych&nbsp; &nbsp; Video: Stimulus Plan [&hellip;]\" \/>\n<meta property=\"og:url\" content=\"https:\/\/kaczorcpa.com\/pl\/wideo\/\" \/>\n<meta property=\"og:site_name\" content=\"Kaczor &amp; Associates Ltd.\" \/>\n<meta property=\"article:publisher\" content=\"https:\/\/www.facebook.com\/pg\/Kaczor-Associates-Ltd-365432906906559\/\" \/>\n<meta property=\"article:modified_time\" content=\"2023-02-05T11:01:20+00:00\" \/>\n<meta name=\"twitter:card\" content=\"summary_large_image\" \/>\n<meta name=\"twitter:label1\" content=\"Szacowany czas czytania\" \/>\n\t<meta name=\"twitter:data1\" content=\"1 minuta\" \/>\n<script type=\"application\/ld+json\" class=\"yoast-schema-graph\">{\"@context\":\"https:\/\/schema.org\",\"@graph\":[{\"@type\":\"WebPage\",\"@id\":\"https:\/\/kaczorcpa.com\/wideo\/\",\"url\":\"https:\/\/kaczorcpa.com\/wideo\/\",\"name\":\"Wideo - Kaczor &amp; Associates Ltd.\",\"isPartOf\":{\"@id\":\"https:\/\/kaczorcpa.com\/#website\"},\"datePublished\":\"2019-11-23T01:08:00+00:00\",\"dateModified\":\"2023-02-05T11:01:20+00:00\",\"breadcrumb\":{\"@id\":\"https:\/\/kaczorcpa.com\/wideo\/#breadcrumb\"},\"inLanguage\":\"pl-PL\",\"potentialAction\":[{\"@type\":\"ReadAction\",\"target\":[\"https:\/\/kaczorcpa.com\/wideo\/\"]}]},{\"@type\":\"BreadcrumbList\",\"@id\":\"https:\/\/kaczorcpa.com\/wideo\/#breadcrumb\",\"itemListElement\":[{\"@type\":\"ListItem\",\"position\":1,\"name\":\"Home\",\"item\":\"https:\/\/kaczorcpa.com\/\"},{\"@type\":\"ListItem\",\"position\":2,\"name\":\"Wideo\"}]},{\"@type\":\"WebSite\",\"@id\":\"https:\/\/kaczorcpa.com\/#website\",\"url\":\"https:\/\/kaczorcpa.com\/\",\"name\":\"Kaczor &amp; Associates Ltd.\",\"description\":\"Experience you can trust.\",\"potentialAction\":[{\"@type\":\"SearchAction\",\"target\":{\"@type\":\"EntryPoint\",\"urlTemplate\":\"https:\/\/kaczorcpa.com\/?s={search_term_string}\"},\"query-input\":{\"@type\":\"PropertyValueSpecification\",\"valueRequired\":true,\"valueName\":\"search_term_string\"}}],\"inLanguage\":\"pl-PL\"}]}<\/script>\n<!-- \/ Yoast SEO plugin. -->","yoast_head_json":{"title":"Wideo - Kaczor &amp; Associates Ltd.","robots":{"index":"index","follow":"follow","max-snippet":"max-snippet:-1","max-image-preview":"max-image-preview:large","max-video-preview":"max-video-preview:-1"},"canonical":"https:\/\/kaczorcpa.com\/pl\/wideo\/","og_locale":"pl_PL","og_type":"article","og_title":"Wideo - Kaczor &amp; Associates Ltd.","og_description":"&nbsp; Kiedy b\u0119dzie m\u00f3j zwrot?&nbsp; &nbsp; Dw\u00f3ch \u0141ysych: Zdrowy rozs\u0105dek w niezdrowych czasach?&nbsp; &nbsp; Finanse, Rodzina i Biznes w Dziejszym \u015awiecie&nbsp; &nbsp; Czy tw\u00f3j biznes kwalifikuje si\u0119 na bezwrotn\u0105 po\u017cyczk\u0119 SBA?&nbsp; &nbsp; Zaproszenie na stron\u0119&nbsp; &nbsp; Jak zaoszcz\u0119dzi\u0107 na podatkach w Biznesie&nbsp; &nbsp; Jak umorzy\u0107 po\u017cyczk\u0119 PPP&nbsp; &nbsp; Certyfikacja dla Samozatrudnionych&nbsp; &nbsp; Video: Stimulus Plan [&hellip;]","og_url":"https:\/\/kaczorcpa.com\/pl\/wideo\/","og_site_name":"Kaczor &amp; Associates Ltd.","article_publisher":"https:\/\/www.facebook.com\/pg\/Kaczor-Associates-Ltd-365432906906559\/","article_modified_time":"2023-02-05T11:01:20+00:00","twitter_card":"summary_large_image","twitter_misc":{"Szacowany czas czytania":"1 minuta"},"schema":{"@context":"https:\/\/schema.org","@graph":[{"@type":"WebPage","@id":"https:\/\/kaczorcpa.com\/wideo\/","url":"https:\/\/kaczorcpa.com\/wideo\/","name":"Wideo - Kaczor &amp; Associates Ltd.","isPartOf":{"@id":"https:\/\/kaczorcpa.com\/#website"},"datePublished":"2019-11-23T01:08:00+00:00","dateModified":"2023-02-05T11:01:20+00:00","breadcrumb":{"@id":"https:\/\/kaczorcpa.com\/wideo\/#breadcrumb"},"inLanguage":"pl-PL","potentialAction":[{"@type":"ReadAction","target":["https:\/\/kaczorcpa.com\/wideo\/"]}]},{"@type":"BreadcrumbList","@id":"https:\/\/kaczorcpa.com\/wideo\/#breadcrumb","itemListElement":[{"@type":"ListItem","position":1,"name":"Home","item":"https:\/\/kaczorcpa.com\/"},{"@type":"ListItem","position":2,"name":"Wideo"}]},{"@type":"WebSite","@id":"https:\/\/kaczorcpa.com\/#website","url":"https:\/\/kaczorcpa.com\/","name":"Kaczor &amp; Associates Ltd.","description":"Experience you can trust.","potentialAction":[{"@type":"SearchAction","target":{"@type":"EntryPoint","urlTemplate":"https:\/\/kaczorcpa.com\/?s={search_term_string}"},"query-input":{"@type":"PropertyValueSpecification","valueRequired":true,"valueName":"search_term_string"}}],"inLanguage":"pl-PL"}]}},"_links":{"self":[{"href":"https:\/\/kaczorcpa.com\/pl\/wp-json\/wp\/v2\/pages\/2510","targetHints":{"allow":["GET"]}}],"collection":[{"href":"https:\/\/kaczorcpa.com\/pl\/wp-json\/wp\/v2\/pages"}],"about":[{"href":"https:\/\/kaczorcpa.com\/pl\/wp-json\/wp\/v2\/types\/page"}],"author":[{"embeddable":true,"href":"https:\/\/kaczorcpa.com\/pl\/wp-json\/wp\/v2\/users\/1"}],"replies":[{"embeddable":true,"href":"https:\/\/kaczorcpa.com\/pl\/wp-json\/wp\/v2\/comments?post=2510"}],"version-history":[{"count":45,"href":"https:\/\/kaczorcpa.com\/pl\/wp-json\/wp\/v2\/pages\/2510\/revisions"}],"predecessor-version":[{"id":3547,"href":"https:\/\/kaczorcpa.com\/pl\/wp-json\/wp\/v2\/pages\/2510\/revisions\/3547"}],"wp:attachment":[{"href":"https:\/\/kaczorcpa.com\/pl\/wp-json\/wp\/v2\/media?parent=2510"}],"curies":[{"name":"wp","href":"https:\/\/api.w.org\/{rel}","templated":true}]}}