{"id":249,"date":"2014-11-05T03:47:34","date_gmt":"2014-11-05T03:47:34","guid":{"rendered":"http:\/\/kaczorcpa.com\/?page_id=249"},"modified":"2023-02-05T16:06:58","modified_gmt":"2023-02-05T22:06:58","slug":"services","status":"publish","type":"page","link":"https:\/\/kaczorcpa.com\/pl\/services\/","title":{"rendered":"Tax Preparation and Financial Services (Old)"},"content":{"rendered":"<div class=\"wp-block-group\"><div class=\"wp-block-group__inner-container is-layout-flow wp-block-group-is-layout-flow\">\n<h2 style=\"text-align: left;\"><span style=\"color: #003366;\"><span style=\"font-size: 24px;\">Przygotuj si\u0119 do sezonu podatkowego<\/span><\/span><\/h2>\n<div>\n<ul>\n<li><a href=\"https:\/\/kaczorcpa.com\/wp-content\/uploads\/2022\/01\/2021-Tax-Essentials-Newsletter-Kaczor-CPA-1.pdf\" target=\"_blank\" rel=\"noopener\">2021 Biuletyn Informacyjny o Podatkach<\/a><\/li>\n<li><a href=\"https:\/\/kaczorcpa.com\/wp-content\/uploads\/2022\/01\/Waths-New-for-2021-Kaczor-CPA-2.pdf\" target=\"_blank\" rel=\"noopener\">2021 Wath&#8217;s New<\/a><\/li>\n<li><a href=\"https:\/\/kaczorcpa.com\/wp-content\/uploads\/2022\/01\/2021-Income-Tax-Organizer-Worksheet-Kaczor-CPA.pdf\" target=\"_blank\" rel=\"noopener\">2021 Podatkowy Arkusz Organizacyjny<\/a><\/li>\n<li><a href=\"https:\/\/my1040pro.com\/kaczorcpa\" target=\"_blank\" rel=\"noopener\">Wi\u0119cej przydatnych artyku\u0142\u00f3w<\/a><\/li>\n<\/ul>\n<p>&nbsp;<\/p>\n<\/div>\n<div class=\"services payroll\">\n<div class=\"box\">\n<h2>Us\u0142ugi Payroll<\/h2>\n<h3>Payroll:<\/h3>\n<ul>\n<li>Payroll Time Sheets<\/li>\n<li>Payroll Registers<\/li>\n<li>Payroll Checks<\/li>\n<li>Tax Liability Reports<\/li>\n<li>Federal, State and City Tax Deposit<\/li>\n<li>Employee W-2 Forms<\/li>\n<li>Federal W-3 Forms<\/li>\n<\/ul>\n<\/div>\n<p><!-- box --><\/p>\n<div class=\"box\">\n<h3>Korzy\u015bci z naszych us\u0142ug:<\/h3>\n<ul>\n<li>Accuracy and on-time delivery<\/li>\n<li>Optional check signing and stuffing<\/li>\n<li>Employee direct deposits<\/li>\n<li>One day turnaround time<\/li>\n<li>Reports tailored to your HR needs<\/li>\n<li>Reduced workload<\/li>\n<li>Time savings\/flexibility<\/li>\n<li>Service focused on you, our client<\/li>\n<\/ul>\n<\/div>\n<p><!-- box --><\/p>\n<\/div>\n<div class=\"services accounting\">\n<div class=\"box\">\n<h2>Ksi\u0119gowo\u015b\u0107 i Podatki<\/h2>\n<h3>Pomo\u017cemy Ci z:<\/h3>\n<ul>\n<li>Tax Planning, Accounting, Bookkeeping<\/li>\n<li>Year-Round Tax Support<\/li>\n<li>Financial Statements<\/li>\n<li>Compilations<\/li>\n<li>Reviews<\/li>\n<li>Audits<\/li>\n<\/ul>\n<h3>Miesi\u0119czne:<\/h3>\n<ul>\n<li>Internal Monthly Financial Statements<\/li>\n<li>Local\/City Sales Tax Reports<\/li>\n<\/ul>\n<h3>Roczne:<\/h3>\n<ul>\n<li>Federal, State and City Tax Summaries<\/li>\n<li>Individual Employee Earnings History<\/li>\n<li>State Unemployment Tax Returns<\/li>\n<li>Local\/City Tax Reports<\/li>\n<\/ul>\n<h3>Annually:<\/h3>\n<ul>\n<li>Federal, State, City Income Tax Returns<\/li>\n<li>1096, 1099 Tax Forms<\/li>\n<\/ul>\n<\/div>\n<p><!-- box --><\/p>\n<\/div>\n<div class=\"services t-p-r\">\n<div class=\"box\">\n<h2>Rozwi\u0105zywanie problem\u00f3w podatkowych<\/h2>\n<ul>\n<li>Internal Revenue Service<\/li>\n<li>Internal Department of Revenue<\/li>\n<li>Illinois Department of Employment Security<\/li>\n<li>Income Taxes<\/li>\n<li>Payroll Taxes<\/li>\n<li>Sales Taxes<\/li>\n<li>Audits and Appeals<\/li>\n<\/ul>\n<p><em>Mo\u017cemy obni\u017cy\u0107 i uregulowa\u0107 Twoje dotychczasowe zobowi\u0105zania podatkowe<\/em><\/p>\n<p>&nbsp;<\/p>\n<\/div>\n<p><!-- box --><\/p>\n<\/div>\n<p><!-- services t-p-r --><\/p>\n<div class=\"services business\">\n<div class=\"box\">\n<h2>Wsparcie dla Biznes\u00f3w<\/h2>\n<h3>Oferujemy kompleksowe wsparcie biznesowe<\/h3>\n<ul>\n<li>Analysis of your accounting system<\/li>\n<li>Review of internal accounting control<\/li>\n<li>Creation of your current financial statements<\/li>\n<li>Analysis of ratios and comparisons to industry&#8217;s benchmarks<\/li>\n<li>Training on accounting software<\/li>\n<\/ul>\n<\/div>\n<p><!-- box --><\/p>\n<div class=\"box\">\n<h3>Skorzystaj z zasob\u00f3w, kt\u00f3re Ci udost\u0119pniamy<\/h3>\n<ul>\n<li>Budgeting tools<\/li>\n<li>Process planning<\/li>\n<li>Goal-achieving training<\/li>\n<li>Retirement tax planning<\/li>\n<\/ul>\n<\/div>\n<p><!-- box --><\/p>\n<\/div>\n<p><!-- business-support --><\/p>\n<\/div><\/div>","protected":false},"excerpt":{"rendered":"<p>Getting ready for the Upcoming Tax Season 2021 Tax Essentials Newsletter 2021 Wath&#8217;s New 2021 Income Tax Organizer Worksheet More Useful Articles and Worksheets &nbsp; Payroll Services Payroll: Payroll Time Sheets Payroll Registers Payroll Checks Tax Liability Reports Federal, State and City Tax Deposit Employee W-2 Forms Federal W-3 Forms Benefits of Our Services: Accuracy [&hellip;]<\/p>","protected":false},"author":1,"featured_media":0,"parent":0,"menu_order":0,"comment_status":"closed","ping_status":"open","template":"","meta":{"ub_ctt_via":"","ngg_post_thumbnail":0,"footnotes":""},"class_list":["post-249","page","type-page","status-publish","hentry"],"featured_image_src":null,"yoast_head":"<!-- This site is optimized with the Yoast SEO plugin v27.2 - https:\/\/yoast.com\/product\/yoast-seo-wordpress\/ -->\n<title>Accounting Services<\/title>\n<meta name=\"description\" content=\"Kaczor &amp; Associates offers comprehensive tax and accounting service. We have over 20 years of experience and growing number of satisfied customers.\" \/>\n<meta name=\"robots\" content=\"index, follow, max-snippet:-1, max-image-preview:large, max-video-preview:-1\" \/>\n<link rel=\"canonical\" href=\"https:\/\/kaczorcpa.com\/pl\/services\/\" \/>\n<meta property=\"og:locale\" content=\"pl_PL\" \/>\n<meta property=\"og:type\" content=\"article\" \/>\n<meta property=\"og:title\" content=\"Accounting Services\" \/>\n<meta property=\"og:description\" content=\"Kaczor &amp; Associates offers comprehensive tax and accounting service. We have over 20 years of experience and growing number of satisfied customers.\" \/>\n<meta property=\"og:url\" content=\"https:\/\/kaczorcpa.com\/pl\/services\/\" \/>\n<meta property=\"og:site_name\" content=\"Kaczor &amp; Associates Ltd.\" \/>\n<meta property=\"article:publisher\" content=\"https:\/\/www.facebook.com\/pg\/Kaczor-Associates-Ltd-365432906906559\/\" \/>\n<meta property=\"article:modified_time\" content=\"2023-02-05T22:06:58+00:00\" \/>\n<meta name=\"twitter:card\" content=\"summary_large_image\" \/>\n<meta name=\"twitter:label1\" content=\"Szacowany czas czytania\" \/>\n\t<meta name=\"twitter:data1\" content=\"2 minuty\" \/>\n<script type=\"application\/ld+json\" class=\"yoast-schema-graph\">{\"@context\":\"https:\/\/schema.org\",\"@graph\":[{\"@type\":\"WebPage\",\"@id\":\"https:\/\/kaczorcpa.com\/services\/\",\"url\":\"https:\/\/kaczorcpa.com\/services\/\",\"name\":\"Accounting Services\",\"isPartOf\":{\"@id\":\"https:\/\/kaczorcpa.com\/#website\"},\"datePublished\":\"2014-11-05T03:47:34+00:00\",\"dateModified\":\"2023-02-05T22:06:58+00:00\",\"description\":\"Kaczor & Associates offers comprehensive tax and accounting service. We have over 20 years of experience and growing number of satisfied customers.\",\"breadcrumb\":{\"@id\":\"https:\/\/kaczorcpa.com\/services\/#breadcrumb\"},\"inLanguage\":\"pl-PL\",\"potentialAction\":[{\"@type\":\"ReadAction\",\"target\":[\"https:\/\/kaczorcpa.com\/services\/\"]}]},{\"@type\":\"BreadcrumbList\",\"@id\":\"https:\/\/kaczorcpa.com\/services\/#breadcrumb\",\"itemListElement\":[{\"@type\":\"ListItem\",\"position\":1,\"name\":\"Home\",\"item\":\"https:\/\/kaczorcpa.com\/\"},{\"@type\":\"ListItem\",\"position\":2,\"name\":\"Tax Preparation and Financial Services (Old)\"}]},{\"@type\":\"WebSite\",\"@id\":\"https:\/\/kaczorcpa.com\/#website\",\"url\":\"https:\/\/kaczorcpa.com\/\",\"name\":\"Kaczor &amp; Associates Ltd.\",\"description\":\"Experience you can trust.\",\"potentialAction\":[{\"@type\":\"SearchAction\",\"target\":{\"@type\":\"EntryPoint\",\"urlTemplate\":\"https:\/\/kaczorcpa.com\/?s={search_term_string}\"},\"query-input\":{\"@type\":\"PropertyValueSpecification\",\"valueRequired\":true,\"valueName\":\"search_term_string\"}}],\"inLanguage\":\"pl-PL\"}]}<\/script>\n<!-- \/ Yoast SEO plugin. -->","yoast_head_json":{"title":"Accounting Services","description":"Kaczor & Associates offers comprehensive tax and accounting service. We have over 20 years of experience and growing number of satisfied customers.","robots":{"index":"index","follow":"follow","max-snippet":"max-snippet:-1","max-image-preview":"max-image-preview:large","max-video-preview":"max-video-preview:-1"},"canonical":"https:\/\/kaczorcpa.com\/pl\/services\/","og_locale":"pl_PL","og_type":"article","og_title":"Accounting Services","og_description":"Kaczor & Associates offers comprehensive tax and accounting service. We have over 20 years of experience and growing number of satisfied customers.","og_url":"https:\/\/kaczorcpa.com\/pl\/services\/","og_site_name":"Kaczor &amp; Associates Ltd.","article_publisher":"https:\/\/www.facebook.com\/pg\/Kaczor-Associates-Ltd-365432906906559\/","article_modified_time":"2023-02-05T22:06:58+00:00","twitter_card":"summary_large_image","twitter_misc":{"Szacowany czas czytania":"2 minuty"},"schema":{"@context":"https:\/\/schema.org","@graph":[{"@type":"WebPage","@id":"https:\/\/kaczorcpa.com\/services\/","url":"https:\/\/kaczorcpa.com\/services\/","name":"Accounting Services","isPartOf":{"@id":"https:\/\/kaczorcpa.com\/#website"},"datePublished":"2014-11-05T03:47:34+00:00","dateModified":"2023-02-05T22:06:58+00:00","description":"Kaczor & Associates offers comprehensive tax and accounting service. We have over 20 years of experience and growing number of satisfied customers.","breadcrumb":{"@id":"https:\/\/kaczorcpa.com\/services\/#breadcrumb"},"inLanguage":"pl-PL","potentialAction":[{"@type":"ReadAction","target":["https:\/\/kaczorcpa.com\/services\/"]}]},{"@type":"BreadcrumbList","@id":"https:\/\/kaczorcpa.com\/services\/#breadcrumb","itemListElement":[{"@type":"ListItem","position":1,"name":"Home","item":"https:\/\/kaczorcpa.com\/"},{"@type":"ListItem","position":2,"name":"Tax Preparation and Financial Services (Old)"}]},{"@type":"WebSite","@id":"https:\/\/kaczorcpa.com\/#website","url":"https:\/\/kaczorcpa.com\/","name":"Kaczor &amp; Associates Ltd.","description":"Experience you can trust.","potentialAction":[{"@type":"SearchAction","target":{"@type":"EntryPoint","urlTemplate":"https:\/\/kaczorcpa.com\/?s={search_term_string}"},"query-input":{"@type":"PropertyValueSpecification","valueRequired":true,"valueName":"search_term_string"}}],"inLanguage":"pl-PL"}]}},"_links":{"self":[{"href":"https:\/\/kaczorcpa.com\/pl\/wp-json\/wp\/v2\/pages\/249","targetHints":{"allow":["GET"]}}],"collection":[{"href":"https:\/\/kaczorcpa.com\/pl\/wp-json\/wp\/v2\/pages"}],"about":[{"href":"https:\/\/kaczorcpa.com\/pl\/wp-json\/wp\/v2\/types\/page"}],"author":[{"embeddable":true,"href":"https:\/\/kaczorcpa.com\/pl\/wp-json\/wp\/v2\/users\/1"}],"replies":[{"embeddable":true,"href":"https:\/\/kaczorcpa.com\/pl\/wp-json\/wp\/v2\/comments?post=249"}],"version-history":[{"count":324,"href":"https:\/\/kaczorcpa.com\/pl\/wp-json\/wp\/v2\/pages\/249\/revisions"}],"predecessor-version":[{"id":3501,"href":"https:\/\/kaczorcpa.com\/pl\/wp-json\/wp\/v2\/pages\/249\/revisions\/3501"}],"wp:attachment":[{"href":"https:\/\/kaczorcpa.com\/pl\/wp-json\/wp\/v2\/media?parent=249"}],"curies":[{"name":"wp","href":"https:\/\/api.w.org\/{rel}","templated":true}]}}