{"id":2027,"date":"2015-01-26T18:32:02","date_gmt":"2015-01-26T18:32:02","guid":{"rendered":"http:\/\/kaczorcpa.com\/?page_id=2027"},"modified":"2023-02-05T04:36:52","modified_gmt":"2023-02-05T10:36:52","slug":"our-mission","status":"publish","type":"page","link":"https:\/\/kaczorcpa.com\/pl\/our-mission\/","title":{"rendered":"Nasza Misja"},"content":{"rendered":"<h1>Drogi W\u0142a\u015bcicielu Biznesu,<\/h1>\n<div class=\"welcome\">\n<p>Szybko zmieniaj\u0105ce si\u0119 czasy mog\u0105 rodzi\u0107 pytania o implikacje podatkowe, z kt\u00f3rymi mo\u017cemy Ci pom\u00f3c. Rozumiem, \u017ce wyb\u00f3r doradcy podatkowego wymaga du\u017cej staranno\u015bci, zapewniamy \u017ce mo\u017cesz polega\u0107 na naszym 30-letnim do\u015bwiadczeniu i wiedzy w sprawach podatkowych i ksi\u0119gowych. W imieniu Kaczor &amp; Associates pragn\u0119 skorzysta\u0107 z okazji i osobi\u015bcie zaprosi\u0107 Pa\u0144stwa na spotkanie i rozwa\u017cenie opcji  potrzeb podatkowych i ksi\u0119gowych.<\/p>\n<p>&nbsp;<\/p>\n<p>Misj\u0105 naszej firmy jest pomoc firmom i rodzinom w planowaniu podatkowym i oszcz\u0119dzaniu na podatkach oraz rozwi\u0105zywaniu wszelkich kwestii podatkowych.<br \/>\nSzczycimy si\u0119 dostarczaniem szybkich, niezawodnych, wysokiej jako\u015bci us\u0142ug. Wierzymy w staromodne warto\u015bci prowadzenia biznesu, w kt\u00f3rych biznes rozumie i odpowiada na potrzeby klienta oraz wsp\u00f3\u0142pracuje z nim, aby osi\u0105gn\u0105\u0107 za\u0142o\u017cone cele<\/p>\n<p>&nbsp;<\/p>\n<p>Aby lepiej odpowiedzie\u0107 na Twoje potrzeby, chcieliby\u015bmy zaprosi\u0107 Ci\u0119 na bezp\u0142atny przegl\u0105d Twoich zezna\u0144 podatkowych z ostatnich lat.<br \/>\nZadzwo\u0144 do naszego biura, aby um\u00f3wi\u0107 si\u0119 na konsultacj\u0119 dotycz\u0105c\u0105 bezp\u0142atnej recenzji i odpowiedzie\u0107 na wszelkie pytania. Z niecierpliwo\u015bci\u0105 czekamy na budowanie d\u0142ugotrwa\u0142ych relacji poprzez wsp\u00f3\u0142prac\u0119 z Tob\u0105 i Twoj\u0105 firm\u0105<\/p>\n<p>Truly Yours<\/p>\n<p><span class=\"under-signature\">Richard Kaczor CPA, MBA<\/span><\/p>\n<\/div>\n<p><!-- welcome --><\/p>\n<h1>Nasza Misja<\/h1>\n<div class=\"mission\">\n<p>Mamy ponad 30-letnie do\u015bwiadczenie wykorzystaj to a dostarczymy Ci niezawodne, wysokiej jako\u015bci i efektywnych kosztowo us\u0142ugi dla wszystkich Twoich potrzeb podatkowych i ksi\u0119gowych.<\/p>\n<p>&nbsp;<\/p>\n<p>Kaczor &amp; associates Ltd. offers a wide variety of services for businesses as well as individuals. Our company focuses on putting the client first by offering personalized service as well as establishing reliable communication to answer questions and exceed expectations.<\/p>\n<\/div>\n<p><!-- mission --><\/p>","protected":false},"excerpt":{"rendered":"<p>Dear business Owner, These rapidly changing times may give rise to questions of tax implications that we can help you solve. I understand a great amount of care goes into choosing a tax accountant and you can depend on our 30 years of experience and expertise in tax and accounting matters. On behalf of Kaczor [&hellip;]<\/p>","protected":false},"author":1,"featured_media":0,"parent":0,"menu_order":0,"comment_status":"closed","ping_status":"closed","template":"","meta":{"ub_ctt_via":"","ngg_post_thumbnail":0,"footnotes":""},"class_list":["post-2027","page","type-page","status-publish","hentry"],"featured_image_src":null,"yoast_head":"<!-- This site is optimized with the Yoast SEO plugin v27.2 - https:\/\/yoast.com\/product\/yoast-seo-wordpress\/ -->\n<title>Tax Preparation for businesses and individuals<\/title>\n<meta name=\"description\" content=\"Kaczor &amp; Associates provides Tax Preparation for small to medium size businesses. Our experience and knowledge will help you with anything tax related.\" \/>\n<meta name=\"robots\" content=\"index, follow, max-snippet:-1, max-image-preview:large, max-video-preview:-1\" \/>\n<link rel=\"canonical\" href=\"https:\/\/kaczorcpa.com\/pl\/our-mission\/\" \/>\n<meta property=\"og:locale\" content=\"pl_PL\" \/>\n<meta property=\"og:type\" content=\"article\" \/>\n<meta property=\"og:title\" content=\"Tax Preparation for businesses and individuals\" \/>\n<meta property=\"og:description\" content=\"Kaczor &amp; Associates provides Tax Preparation for small to medium size businesses. Our experience and knowledge will help you with anything tax related.\" \/>\n<meta property=\"og:url\" content=\"https:\/\/kaczorcpa.com\/pl\/our-mission\/\" \/>\n<meta property=\"og:site_name\" content=\"Kaczor &amp; Associates Ltd.\" \/>\n<meta property=\"article:publisher\" content=\"https:\/\/www.facebook.com\/pg\/Kaczor-Associates-Ltd-365432906906559\/\" \/>\n<meta property=\"article:modified_time\" content=\"2023-02-05T10:36:52+00:00\" \/>\n<meta name=\"twitter:card\" content=\"summary_large_image\" \/>\n<meta name=\"twitter:label1\" content=\"Szacowany czas czytania\" \/>\n\t<meta name=\"twitter:data1\" content=\"2 minuty\" \/>\n<script type=\"application\/ld+json\" class=\"yoast-schema-graph\">{\"@context\":\"https:\/\/schema.org\",\"@graph\":[{\"@type\":\"WebPage\",\"@id\":\"https:\/\/kaczorcpa.com\/our-mission\/\",\"url\":\"https:\/\/kaczorcpa.com\/our-mission\/\",\"name\":\"Tax Preparation for businesses and individuals\",\"isPartOf\":{\"@id\":\"https:\/\/kaczorcpa.com\/#website\"},\"datePublished\":\"2015-01-26T18:32:02+00:00\",\"dateModified\":\"2023-02-05T10:36:52+00:00\",\"description\":\"Kaczor & Associates provides Tax Preparation for small to medium size businesses. Our experience and knowledge will help you with anything tax related.\",\"breadcrumb\":{\"@id\":\"https:\/\/kaczorcpa.com\/our-mission\/#breadcrumb\"},\"inLanguage\":\"pl-PL\",\"potentialAction\":[{\"@type\":\"ReadAction\",\"target\":[\"https:\/\/kaczorcpa.com\/our-mission\/\"]}]},{\"@type\":\"BreadcrumbList\",\"@id\":\"https:\/\/kaczorcpa.com\/our-mission\/#breadcrumb\",\"itemListElement\":[{\"@type\":\"ListItem\",\"position\":1,\"name\":\"Home\",\"item\":\"https:\/\/kaczorcpa.com\/\"},{\"@type\":\"ListItem\",\"position\":2,\"name\":\"Our mission\"}]},{\"@type\":\"WebSite\",\"@id\":\"https:\/\/kaczorcpa.com\/#website\",\"url\":\"https:\/\/kaczorcpa.com\/\",\"name\":\"Kaczor &amp; Associates Ltd.\",\"description\":\"Experience you can trust.\",\"potentialAction\":[{\"@type\":\"SearchAction\",\"target\":{\"@type\":\"EntryPoint\",\"urlTemplate\":\"https:\/\/kaczorcpa.com\/?s={search_term_string}\"},\"query-input\":{\"@type\":\"PropertyValueSpecification\",\"valueRequired\":true,\"valueName\":\"search_term_string\"}}],\"inLanguage\":\"pl-PL\"}]}<\/script>\n<!-- \/ Yoast SEO plugin. -->","yoast_head_json":{"title":"Tax Preparation for businesses and individuals","description":"Kaczor & Associates provides Tax Preparation for small to medium size businesses. Our experience and knowledge will help you with anything tax related.","robots":{"index":"index","follow":"follow","max-snippet":"max-snippet:-1","max-image-preview":"max-image-preview:large","max-video-preview":"max-video-preview:-1"},"canonical":"https:\/\/kaczorcpa.com\/pl\/our-mission\/","og_locale":"pl_PL","og_type":"article","og_title":"Tax Preparation for businesses and individuals","og_description":"Kaczor & Associates provides Tax Preparation for small to medium size businesses. Our experience and knowledge will help you with anything tax related.","og_url":"https:\/\/kaczorcpa.com\/pl\/our-mission\/","og_site_name":"Kaczor &amp; Associates Ltd.","article_publisher":"https:\/\/www.facebook.com\/pg\/Kaczor-Associates-Ltd-365432906906559\/","article_modified_time":"2023-02-05T10:36:52+00:00","twitter_card":"summary_large_image","twitter_misc":{"Szacowany czas czytania":"2 minuty"},"schema":{"@context":"https:\/\/schema.org","@graph":[{"@type":"WebPage","@id":"https:\/\/kaczorcpa.com\/our-mission\/","url":"https:\/\/kaczorcpa.com\/our-mission\/","name":"Tax Preparation for businesses and individuals","isPartOf":{"@id":"https:\/\/kaczorcpa.com\/#website"},"datePublished":"2015-01-26T18:32:02+00:00","dateModified":"2023-02-05T10:36:52+00:00","description":"Kaczor & Associates provides Tax Preparation for small to medium size businesses. Our experience and knowledge will help you with anything tax related.","breadcrumb":{"@id":"https:\/\/kaczorcpa.com\/our-mission\/#breadcrumb"},"inLanguage":"pl-PL","potentialAction":[{"@type":"ReadAction","target":["https:\/\/kaczorcpa.com\/our-mission\/"]}]},{"@type":"BreadcrumbList","@id":"https:\/\/kaczorcpa.com\/our-mission\/#breadcrumb","itemListElement":[{"@type":"ListItem","position":1,"name":"Home","item":"https:\/\/kaczorcpa.com\/"},{"@type":"ListItem","position":2,"name":"Our mission"}]},{"@type":"WebSite","@id":"https:\/\/kaczorcpa.com\/#website","url":"https:\/\/kaczorcpa.com\/","name":"Kaczor &amp; Associates Ltd.","description":"Experience you can trust.","potentialAction":[{"@type":"SearchAction","target":{"@type":"EntryPoint","urlTemplate":"https:\/\/kaczorcpa.com\/?s={search_term_string}"},"query-input":{"@type":"PropertyValueSpecification","valueRequired":true,"valueName":"search_term_string"}}],"inLanguage":"pl-PL"}]}},"_links":{"self":[{"href":"https:\/\/kaczorcpa.com\/pl\/wp-json\/wp\/v2\/pages\/2027","targetHints":{"allow":["GET"]}}],"collection":[{"href":"https:\/\/kaczorcpa.com\/pl\/wp-json\/wp\/v2\/pages"}],"about":[{"href":"https:\/\/kaczorcpa.com\/pl\/wp-json\/wp\/v2\/types\/page"}],"author":[{"embeddable":true,"href":"https:\/\/kaczorcpa.com\/pl\/wp-json\/wp\/v2\/users\/1"}],"replies":[{"embeddable":true,"href":"https:\/\/kaczorcpa.com\/pl\/wp-json\/wp\/v2\/comments?post=2027"}],"version-history":[{"count":5,"href":"https:\/\/kaczorcpa.com\/pl\/wp-json\/wp\/v2\/pages\/2027\/revisions"}],"predecessor-version":[{"id":3529,"href":"https:\/\/kaczorcpa.com\/pl\/wp-json\/wp\/v2\/pages\/2027\/revisions\/3529"}],"wp:attachment":[{"href":"https:\/\/kaczorcpa.com\/pl\/wp-json\/wp\/v2\/media?parent=2027"}],"curies":[{"name":"wp","href":"https:\/\/api.w.org\/{rel}","templated":true}]}}