{"id":2001,"date":"2015-01-14T05:29:41","date_gmt":"2015-01-14T05:29:41","guid":{"rendered":"http:\/\/kaczorcpa.com\/?page_id=2001"},"modified":"2023-02-05T07:45:56","modified_gmt":"2023-02-05T13:45:56","slug":"worksheets","status":"publish","type":"page","link":"https:\/\/kaczorcpa.com\/pl\/worksheets\/","title":{"rendered":"Formy i Daty"},"content":{"rendered":"<h1>Kliknij na link aby pobra\u0107 form\u0119<\/h1>\n<ul>\n<li>New Hire Applications<\/li>\n<li><a href=\"https:\/\/www.irs.gov\/pub\/irs-pdf\/fw9.pdf\" target=\"_blank\" rel=\"noopener\">W-9<\/a><\/li>\n<li><a href=\"https:\/\/www.irs.gov\/pub\/irs-pdf\/fss8.pdf\" target=\"_blank\" rel=\"noopener\">SS-8<\/a><\/li>\n<li><a href=\"https:\/\/www.irs.gov\/pub\/irs-pdf\/fw4.pdf\" target=\"_blank\" rel=\"noopener\">FED W-4<\/a><\/li>\n<li><a href=\"https:\/\/www2.illinois.gov\/rev\/forms\/withholding\/Documents\/currentyear\/il-w-4.pdf\" target=\"_blank\" rel=\"noopener\">IL W-4<\/a><\/li>\n<li><a href=\"https:\/\/www.uscis.gov\/sites\/default\/files\/document\/forms\/i-9-paper-version.pdf\" target=\"_blank\" rel=\"noopener\">I-9<\/a><\/li>\n<\/ul>\n<p><!-- end of tbody --><\/p>\n<table class=\"content\">\n<caption class=\"content\">Wa\u017cne daty o kt\u00f3rych musisz wiedzie\u0107<!-- text underline --><\/caption>\n<tbody>\n<tr class=\"content dates\">\n<td class=\"content\" colspan=\"2\">JAN 31<\/td>\n<td class=\"content\">W-2<\/td>\n<td class=\"content\">1099<\/td>\n<\/tr>\n<tr class=\"content\">\n<td class=\"content align-left\" colspan=\"2\">&nbsp;<\/td>\n<td class=\"content align-left\" colspan=\"1\">EMPLOYEE<\/td>\n<td class=\"content align-left\" colspan=\"1\">SUBCONTRACTOR<\/td>\n<\/tr>\n<tr class=\"content\">\n<td class=\"content italic\" colspan=\"4\">Forms for employees and subcontractors<\/td>\n<\/tr>\n<tr class=\"content dates\">\n<td class=\"content\" colspan=\"2\">JAN 31<\/td>\n<td class=\"content\">W-3<\/td>\n<td class=\"content\">1096 (FEB 28)<\/td>\n<\/tr>\n<tr class=\"content\">\n<td class=\"content\" colspan=\"2\">&nbsp;<\/td>\n<td class=\"content align-left\" colspan=\"1\">EMPLOYER<\/td>\n<td class=\"content align-left\" colspan=\"1\">SUBCONTRACTOR<\/td>\n<\/tr>\n<tr class=\"content\">\n<td class=\"content italic\" colspan=\"4\">Corporate tax return<\/td>\n<\/tr>\n<tr class=\"content dates\">\n<td class=\"content\" colspan=\"2\">MAR 15<\/td>\n<td class=\"content\">1120<\/td>\n<td class=\"content\">1120-S<\/td>\n<\/tr>\n<tr class=\"content\">\n<td class=\"content\" colspan=\"2\">&nbsp;<\/td>\n<td class=\"content align-left\" colspan=\"1\">C CORP<\/td>\n<td class=\"content align-left\" colspan=\"1\">S CORP<\/td>\n<\/tr>\n<tr class=\"content\">\n<td class=\"content italic\" colspan=\"4\">Individual &amp; Partnership tax returns<\/td>\n<\/tr>\n<tr class=\"content dates\">\n<td class=\"content\" colspan=\"2\">APRIL 18<\/td>\n<td class=\"content\">1040<\/td>\n<td class=\"content\">1065<\/td>\n<\/tr>\n<tr class=\"content\">\n<td class=\"content\" colspan=\"2\">&nbsp;<\/td>\n<td class=\"content align-left\" colspan=\"1\">INDIVIDUAL<\/td>\n<td class=\"content align-left\" colspan=\"1\">PARTNERSHIP<\/td>\n<\/tr>\n<tr class=\"content dates\">\n<td class=\"content\" colspan=\"2\">APRIL 15<\/td>\n<td class=\"content align-center\" colspan=\"2\">FBAR 114 FINCEN \u2013 REPORTING<\/td>\n<\/tr>\n<tr class=\"content\">\n<td class=\"content\" colspan=\"1\">&nbsp;<\/td>\n<td class=\"content\" colspan=\"1\">&nbsp;<\/td>\n<td class=\"content align-center\" colspan=\"2\">FOREIGN ACCOUNTS OVER $10,000<\/td>\n<\/tr>\n<tr class=\"content dates\">\n<td class=\"content\" colspan=\"2\">SEP 15<\/td>\n<td class=\"content align-center\" colspan=\"2\">1120 1120-S 1065<\/td>\n<\/tr>\n<tr class=\"content\">\n<td class=\"content\" colspan=\"1\">&nbsp;<\/td>\n<td class=\"content\" colspan=\"1\">&nbsp;<\/td>\n<td class=\"content align-center\" colspan=\"2\">CORPORATE AND PARTNERSHIP EXTENSIONS<\/td>\n<\/tr>\n<tr class=\"content dates\">\n<td class=\"content\" colspan=\"2\">OCT 17<\/td>\n<td class=\"content align-center\" colspan=\"2\">1040<\/td>\n<\/tr>\n<tr class=\"content\">\n<td class=\"content\" colspan=\"1\">&nbsp;<\/td>\n<td class=\"content\" colspan=\"1\">&nbsp;<\/td>\n<td class=\"content align-center\" colspan=\"2\">INDIVIDUAL EXTENSIONS<\/td>\n<\/tr>\n<\/tbody>\n<\/table>","protected":false},"excerpt":{"rendered":"<p>Click on form link you wish to download New Hire Applications W-9 SS-8 FED W-4 IL W-4 I-9 FILING DUE DATES YOU NEED TO KNOW JAN 31 W-2 1099 &nbsp; EMPLOYEE SUBCONTRACTOR Forms for employees and subcontractors JAN 31 W-3 1096 (FEB 28) &nbsp; EMPLOYER SUBCONTRACTOR Corporate tax return MAR 15 1120 1120-S &nbsp; C [&hellip;]<\/p>","protected":false},"author":1,"featured_media":0,"parent":0,"menu_order":0,"comment_status":"closed","ping_status":"closed","template":"","meta":{"ub_ctt_via":"","ngg_post_thumbnail":0,"footnotes":""},"class_list":["post-2001","page","type-page","status-publish","hentry"],"featured_image_src":null,"yoast_head":"<!-- This site is optimized with the Yoast SEO plugin v27.2 - https:\/\/yoast.com\/product\/yoast-seo-wordpress\/ -->\n<title>Tax filing due dates for individuals corporations and subcontractors<\/title>\n<meta name=\"description\" content=\"Don&#039;t miss the due dates for filing your taxes. Download forms from here\u00a0\" \/>\n<meta name=\"robots\" content=\"index, follow, max-snippet:-1, max-image-preview:large, max-video-preview:-1\" \/>\n<link rel=\"canonical\" href=\"https:\/\/kaczorcpa.com\/pl\/worksheets\/\" \/>\n<meta property=\"og:locale\" content=\"pl_PL\" \/>\n<meta property=\"og:type\" content=\"article\" \/>\n<meta property=\"og:title\" content=\"Tax filing due dates for individuals corporations and subcontractors\" \/>\n<meta property=\"og:description\" content=\"Don&#039;t miss the due dates for filing your taxes. Download forms from here\u00a0\" \/>\n<meta property=\"og:url\" content=\"https:\/\/kaczorcpa.com\/pl\/worksheets\/\" \/>\n<meta property=\"og:site_name\" content=\"Kaczor &amp; Associates Ltd.\" \/>\n<meta property=\"article:publisher\" content=\"https:\/\/www.facebook.com\/pg\/Kaczor-Associates-Ltd-365432906906559\/\" \/>\n<meta property=\"article:modified_time\" content=\"2023-02-05T13:45:56+00:00\" \/>\n<meta name=\"twitter:card\" content=\"summary_large_image\" \/>\n<meta name=\"twitter:label1\" content=\"Szacowany czas czytania\" \/>\n\t<meta name=\"twitter:data1\" content=\"1 minuta\" \/>\n<script type=\"application\/ld+json\" class=\"yoast-schema-graph\">{\"@context\":\"https:\/\/schema.org\",\"@graph\":[{\"@type\":\"WebPage\",\"@id\":\"https:\/\/kaczorcpa.com\/worksheets\/\",\"url\":\"https:\/\/kaczorcpa.com\/worksheets\/\",\"name\":\"Tax filing due dates for individuals corporations and subcontractors\",\"isPartOf\":{\"@id\":\"https:\/\/kaczorcpa.com\/#website\"},\"datePublished\":\"2015-01-14T05:29:41+00:00\",\"dateModified\":\"2023-02-05T13:45:56+00:00\",\"description\":\"Don't miss the due dates for filing your taxes. Download forms from here\u00a0\",\"breadcrumb\":{\"@id\":\"https:\/\/kaczorcpa.com\/worksheets\/#breadcrumb\"},\"inLanguage\":\"pl-PL\",\"potentialAction\":[{\"@type\":\"ReadAction\",\"target\":[\"https:\/\/kaczorcpa.com\/worksheets\/\"]}]},{\"@type\":\"BreadcrumbList\",\"@id\":\"https:\/\/kaczorcpa.com\/worksheets\/#breadcrumb\",\"itemListElement\":[{\"@type\":\"ListItem\",\"position\":1,\"name\":\"Home\",\"item\":\"https:\/\/kaczorcpa.com\/\"},{\"@type\":\"ListItem\",\"position\":2,\"name\":\"Worksheets\"}]},{\"@type\":\"WebSite\",\"@id\":\"https:\/\/kaczorcpa.com\/#website\",\"url\":\"https:\/\/kaczorcpa.com\/\",\"name\":\"Kaczor &amp; Associates Ltd.\",\"description\":\"Experience you can trust.\",\"potentialAction\":[{\"@type\":\"SearchAction\",\"target\":{\"@type\":\"EntryPoint\",\"urlTemplate\":\"https:\/\/kaczorcpa.com\/?s={search_term_string}\"},\"query-input\":{\"@type\":\"PropertyValueSpecification\",\"valueRequired\":true,\"valueName\":\"search_term_string\"}}],\"inLanguage\":\"pl-PL\"}]}<\/script>\n<!-- \/ Yoast SEO plugin. -->","yoast_head_json":{"title":"Tax filing due dates for individuals corporations and subcontractors","description":"Don't miss the due dates for filing your taxes. Download forms from here\u00a0","robots":{"index":"index","follow":"follow","max-snippet":"max-snippet:-1","max-image-preview":"max-image-preview:large","max-video-preview":"max-video-preview:-1"},"canonical":"https:\/\/kaczorcpa.com\/pl\/worksheets\/","og_locale":"pl_PL","og_type":"article","og_title":"Tax filing due dates for individuals corporations and subcontractors","og_description":"Don't miss the due dates for filing your taxes. Download forms from here\u00a0","og_url":"https:\/\/kaczorcpa.com\/pl\/worksheets\/","og_site_name":"Kaczor &amp; Associates Ltd.","article_publisher":"https:\/\/www.facebook.com\/pg\/Kaczor-Associates-Ltd-365432906906559\/","article_modified_time":"2023-02-05T13:45:56+00:00","twitter_card":"summary_large_image","twitter_misc":{"Szacowany czas czytania":"1 minuta"},"schema":{"@context":"https:\/\/schema.org","@graph":[{"@type":"WebPage","@id":"https:\/\/kaczorcpa.com\/worksheets\/","url":"https:\/\/kaczorcpa.com\/worksheets\/","name":"Tax filing due dates for individuals corporations and subcontractors","isPartOf":{"@id":"https:\/\/kaczorcpa.com\/#website"},"datePublished":"2015-01-14T05:29:41+00:00","dateModified":"2023-02-05T13:45:56+00:00","description":"Don't miss the due dates for filing your taxes. Download forms from here\u00a0","breadcrumb":{"@id":"https:\/\/kaczorcpa.com\/worksheets\/#breadcrumb"},"inLanguage":"pl-PL","potentialAction":[{"@type":"ReadAction","target":["https:\/\/kaczorcpa.com\/worksheets\/"]}]},{"@type":"BreadcrumbList","@id":"https:\/\/kaczorcpa.com\/worksheets\/#breadcrumb","itemListElement":[{"@type":"ListItem","position":1,"name":"Home","item":"https:\/\/kaczorcpa.com\/"},{"@type":"ListItem","position":2,"name":"Worksheets"}]},{"@type":"WebSite","@id":"https:\/\/kaczorcpa.com\/#website","url":"https:\/\/kaczorcpa.com\/","name":"Kaczor &amp; Associates Ltd.","description":"Experience you can trust.","potentialAction":[{"@type":"SearchAction","target":{"@type":"EntryPoint","urlTemplate":"https:\/\/kaczorcpa.com\/?s={search_term_string}"},"query-input":{"@type":"PropertyValueSpecification","valueRequired":true,"valueName":"search_term_string"}}],"inLanguage":"pl-PL"}]}},"_links":{"self":[{"href":"https:\/\/kaczorcpa.com\/pl\/wp-json\/wp\/v2\/pages\/2001","targetHints":{"allow":["GET"]}}],"collection":[{"href":"https:\/\/kaczorcpa.com\/pl\/wp-json\/wp\/v2\/pages"}],"about":[{"href":"https:\/\/kaczorcpa.com\/pl\/wp-json\/wp\/v2\/types\/page"}],"author":[{"embeddable":true,"href":"https:\/\/kaczorcpa.com\/pl\/wp-json\/wp\/v2\/users\/1"}],"replies":[{"embeddable":true,"href":"https:\/\/kaczorcpa.com\/pl\/wp-json\/wp\/v2\/comments?post=2001"}],"version-history":[{"count":54,"href":"https:\/\/kaczorcpa.com\/pl\/wp-json\/wp\/v2\/pages\/2001\/revisions"}],"predecessor-version":[{"id":3500,"href":"https:\/\/kaczorcpa.com\/pl\/wp-json\/wp\/v2\/pages\/2001\/revisions\/3500"}],"wp:attachment":[{"href":"https:\/\/kaczorcpa.com\/pl\/wp-json\/wp\/v2\/media?parent=2001"}],"curies":[{"name":"wp","href":"https:\/\/api.w.org\/{rel}","templated":true}]}}