{"id":125,"date":"2014-03-25T18:38:54","date_gmt":"2014-03-25T18:38:54","guid":{"rendered":"http:\/\/kaczorcpa.com\/?page_id=125"},"modified":"2023-02-04T22:25:17","modified_gmt":"2023-02-05T04:25:17","slug":"about-us","status":"publish","type":"page","link":"https:\/\/kaczorcpa.com\/pl\/about-us\/","title":{"rendered":"O nas"},"content":{"rendered":"<div>\n<h1>Richard Kaczor, CPA MBA<\/h1>\n<p><img loading=\"lazy\" decoding=\"async\" class=\"alignleft  size-full richard wp-image-1719\" src=\"https:\/\/kaczorcpa.com\/wp-content\/uploads\/2014\/11\/hex5-e1416256797314.jpg\" alt=\"Richard Kaczor\" width=\"213\" height=\"258\"><\/p>\n<p>Ryszard Kaczor uzyska\u0142 tytu\u0142 licencjata z Uniwersytetu DePaul oraz M.B.A z Northern Illinois. Swoj\u0105 w\u0142asn\u0105 praktyk\u0119 podatkow\u0105 rozpocz\u0105\u0142 w 1988 roku, maj\u0105c na celu po\u0142o\u017cenie nacisku na jako\u015b\u0107, niezawodno\u015b\u0107 i obs\u0142ug\u0119 klienta. Od tego czasu obs\u0142uguje ma\u0142e i \u015brednie firmy oraz rodziny.<\/p>\n<p>Zanim rozpocz\u0105\u0142 karier\u0119 jako ksi\u0119gowy, Ryszard zdoby\u0142 r\u00f3\u017cne do\u015bwiadczenia biznesowe zar\u00f3wno w hali produkcyjnej, jak iw r\u00f3\u017cnych \u015brodowiskach korporacyjnych. Bazuj\u0105c na swoim ponad 30-letnim do\u015bwiadczeniu, Ryszard  pomaga ma\u0142ym firmom w rozwoju biznesu, systemach ksi\u0119gowych i strategiach podatkowych. Wsp\u00f3\u0142pracuje r\u00f3wnie\u017c z firmami o r\u00f3\u017cnym pochodzeniu etnicznym.<\/p>\n<p>Ryszard prowadzi wiele szkole\u0144 z rachunkowo\u015bci oraz QuickBooks, Bardzo cz\u0119sto jest zapraszany do wypowiadania si\u0119 na r\u00f3\u017cne tematy biznesowe. Dodatkowo jest cz\u0142onkiem SBA, ILCPA i innych stowarzysze\u0144 biznesowych.<\/p>\n<\/div>","protected":false},"excerpt":{"rendered":"<p>Richard Kaczor, CPA MBA Richard Kaczor received his B.A. from DePaul University and his M.B.A from Northern Illinois University. He began his own tax practice in 1988 with the goal of emphasizing quality, dependability and customer service. Since then, he has been serving small\/ mid-sized businesses and families. Before he began his career as an [&hellip;]<\/p>","protected":false},"author":1,"featured_media":0,"parent":0,"menu_order":5,"comment_status":"closed","ping_status":"closed","template":"","meta":{"ub_ctt_via":"","ngg_post_thumbnail":0,"footnotes":""},"class_list":["post-125","page","type-page","status-publish","hentry"],"featured_image_src":null,"yoast_head":"<!-- This site is optimized with the Yoast SEO plugin v27.2 - https:\/\/yoast.com\/product\/yoast-seo-wordpress\/ -->\n<title>About us - Kaczor &amp; Associates Ltd.<\/title>\n<meta name=\"robots\" content=\"index, follow, max-snippet:-1, max-image-preview:large, max-video-preview:-1\" \/>\n<link rel=\"canonical\" href=\"https:\/\/kaczorcpa.com\/pl\/about-us\/\" \/>\n<meta property=\"og:locale\" content=\"pl_PL\" \/>\n<meta property=\"og:type\" content=\"article\" \/>\n<meta property=\"og:title\" content=\"About us - Kaczor &amp; Associates Ltd.\" \/>\n<meta property=\"og:description\" content=\"Richard Kaczor, CPA MBA Richard Kaczor received his B.A. from DePaul University and his M.B.A from Northern Illinois University. He began his own tax practice in 1988 with the goal of emphasizing quality, dependability and customer service. Since then, he has been serving small\/ mid-sized businesses and families. Before he began his career as an [&hellip;]\" \/>\n<meta property=\"og:url\" content=\"https:\/\/kaczorcpa.com\/pl\/about-us\/\" \/>\n<meta property=\"og:site_name\" content=\"Kaczor &amp; Associates Ltd.\" \/>\n<meta property=\"article:publisher\" content=\"https:\/\/www.facebook.com\/pg\/Kaczor-Associates-Ltd-365432906906559\/\" \/>\n<meta property=\"article:modified_time\" content=\"2023-02-05T04:25:17+00:00\" \/>\n<meta property=\"og:image\" content=\"http:\/\/kaczorcpa.com\/wp-content\/uploads\/2014\/11\/hex5-e1416256797314.jpg\" \/>\n<meta name=\"twitter:card\" content=\"summary_large_image\" \/>\n<meta name=\"twitter:label1\" content=\"Szacowany czas czytania\" \/>\n\t<meta name=\"twitter:data1\" content=\"1 minuta\" \/>\n<script type=\"application\/ld+json\" class=\"yoast-schema-graph\">{\"@context\":\"https:\/\/schema.org\",\"@graph\":[{\"@type\":\"WebPage\",\"@id\":\"https:\/\/kaczorcpa.com\/about-us\/\",\"url\":\"https:\/\/kaczorcpa.com\/about-us\/\",\"name\":\"About us - Kaczor &amp; Associates Ltd.\",\"isPartOf\":{\"@id\":\"https:\/\/kaczorcpa.com\/#website\"},\"primaryImageOfPage\":{\"@id\":\"https:\/\/kaczorcpa.com\/about-us\/#primaryimage\"},\"image\":{\"@id\":\"https:\/\/kaczorcpa.com\/about-us\/#primaryimage\"},\"thumbnailUrl\":\"http:\/\/kaczorcpa.com\/wp-content\/uploads\/2014\/11\/hex5-e1416256797314.jpg\",\"datePublished\":\"2014-03-25T18:38:54+00:00\",\"dateModified\":\"2023-02-05T04:25:17+00:00\",\"breadcrumb\":{\"@id\":\"https:\/\/kaczorcpa.com\/about-us\/#breadcrumb\"},\"inLanguage\":\"pl-PL\",\"potentialAction\":[{\"@type\":\"ReadAction\",\"target\":[\"https:\/\/kaczorcpa.com\/about-us\/\"]}]},{\"@type\":\"ImageObject\",\"inLanguage\":\"pl-PL\",\"@id\":\"https:\/\/kaczorcpa.com\/about-us\/#primaryimage\",\"url\":\"http:\/\/kaczorcpa.com\/wp-content\/uploads\/2014\/11\/hex5-e1416256797314.jpg\",\"contentUrl\":\"http:\/\/kaczorcpa.com\/wp-content\/uploads\/2014\/11\/hex5-e1416256797314.jpg\"},{\"@type\":\"BreadcrumbList\",\"@id\":\"https:\/\/kaczorcpa.com\/about-us\/#breadcrumb\",\"itemListElement\":[{\"@type\":\"ListItem\",\"position\":1,\"name\":\"Home\",\"item\":\"https:\/\/kaczorcpa.com\/\"},{\"@type\":\"ListItem\",\"position\":2,\"name\":\"About us\"}]},{\"@type\":\"WebSite\",\"@id\":\"https:\/\/kaczorcpa.com\/#website\",\"url\":\"https:\/\/kaczorcpa.com\/\",\"name\":\"Kaczor &amp; Associates Ltd.\",\"description\":\"Experience you can trust.\",\"potentialAction\":[{\"@type\":\"SearchAction\",\"target\":{\"@type\":\"EntryPoint\",\"urlTemplate\":\"https:\/\/kaczorcpa.com\/?s={search_term_string}\"},\"query-input\":{\"@type\":\"PropertyValueSpecification\",\"valueRequired\":true,\"valueName\":\"search_term_string\"}}],\"inLanguage\":\"pl-PL\"}]}<\/script>\n<!-- \/ Yoast SEO plugin. -->","yoast_head_json":{"title":"About us - Kaczor &amp; Associates Ltd.","robots":{"index":"index","follow":"follow","max-snippet":"max-snippet:-1","max-image-preview":"max-image-preview:large","max-video-preview":"max-video-preview:-1"},"canonical":"https:\/\/kaczorcpa.com\/pl\/about-us\/","og_locale":"pl_PL","og_type":"article","og_title":"About us - Kaczor &amp; Associates Ltd.","og_description":"Richard Kaczor, CPA MBA Richard Kaczor received his B.A. from DePaul University and his M.B.A from Northern Illinois University. He began his own tax practice in 1988 with the goal of emphasizing quality, dependability and customer service. Since then, he has been serving small\/ mid-sized businesses and families. Before he began his career as an [&hellip;]","og_url":"https:\/\/kaczorcpa.com\/pl\/about-us\/","og_site_name":"Kaczor &amp; Associates Ltd.","article_publisher":"https:\/\/www.facebook.com\/pg\/Kaczor-Associates-Ltd-365432906906559\/","article_modified_time":"2023-02-05T04:25:17+00:00","og_image":[{"url":"http:\/\/kaczorcpa.com\/wp-content\/uploads\/2014\/11\/hex5-e1416256797314.jpg","type":"","width":"","height":""}],"twitter_card":"summary_large_image","twitter_misc":{"Szacowany czas czytania":"1 minuta"},"schema":{"@context":"https:\/\/schema.org","@graph":[{"@type":"WebPage","@id":"https:\/\/kaczorcpa.com\/about-us\/","url":"https:\/\/kaczorcpa.com\/about-us\/","name":"About us - Kaczor &amp; Associates Ltd.","isPartOf":{"@id":"https:\/\/kaczorcpa.com\/#website"},"primaryImageOfPage":{"@id":"https:\/\/kaczorcpa.com\/about-us\/#primaryimage"},"image":{"@id":"https:\/\/kaczorcpa.com\/about-us\/#primaryimage"},"thumbnailUrl":"http:\/\/kaczorcpa.com\/wp-content\/uploads\/2014\/11\/hex5-e1416256797314.jpg","datePublished":"2014-03-25T18:38:54+00:00","dateModified":"2023-02-05T04:25:17+00:00","breadcrumb":{"@id":"https:\/\/kaczorcpa.com\/about-us\/#breadcrumb"},"inLanguage":"pl-PL","potentialAction":[{"@type":"ReadAction","target":["https:\/\/kaczorcpa.com\/about-us\/"]}]},{"@type":"ImageObject","inLanguage":"pl-PL","@id":"https:\/\/kaczorcpa.com\/about-us\/#primaryimage","url":"http:\/\/kaczorcpa.com\/wp-content\/uploads\/2014\/11\/hex5-e1416256797314.jpg","contentUrl":"http:\/\/kaczorcpa.com\/wp-content\/uploads\/2014\/11\/hex5-e1416256797314.jpg"},{"@type":"BreadcrumbList","@id":"https:\/\/kaczorcpa.com\/about-us\/#breadcrumb","itemListElement":[{"@type":"ListItem","position":1,"name":"Home","item":"https:\/\/kaczorcpa.com\/"},{"@type":"ListItem","position":2,"name":"About us"}]},{"@type":"WebSite","@id":"https:\/\/kaczorcpa.com\/#website","url":"https:\/\/kaczorcpa.com\/","name":"Kaczor &amp; Associates Ltd.","description":"Experience you can trust.","potentialAction":[{"@type":"SearchAction","target":{"@type":"EntryPoint","urlTemplate":"https:\/\/kaczorcpa.com\/?s={search_term_string}"},"query-input":{"@type":"PropertyValueSpecification","valueRequired":true,"valueName":"search_term_string"}}],"inLanguage":"pl-PL"}]}},"_links":{"self":[{"href":"https:\/\/kaczorcpa.com\/pl\/wp-json\/wp\/v2\/pages\/125","targetHints":{"allow":["GET"]}}],"collection":[{"href":"https:\/\/kaczorcpa.com\/pl\/wp-json\/wp\/v2\/pages"}],"about":[{"href":"https:\/\/kaczorcpa.com\/pl\/wp-json\/wp\/v2\/types\/page"}],"author":[{"embeddable":true,"href":"https:\/\/kaczorcpa.com\/pl\/wp-json\/wp\/v2\/users\/1"}],"replies":[{"embeddable":true,"href":"https:\/\/kaczorcpa.com\/pl\/wp-json\/wp\/v2\/comments?post=125"}],"version-history":[{"count":102,"href":"https:\/\/kaczorcpa.com\/pl\/wp-json\/wp\/v2\/pages\/125\/revisions"}],"predecessor-version":[{"id":3523,"href":"https:\/\/kaczorcpa.com\/pl\/wp-json\/wp\/v2\/pages\/125\/revisions\/3523"}],"wp:attachment":[{"href":"https:\/\/kaczorcpa.com\/pl\/wp-json\/wp\/v2\/media?parent=125"}],"curies":[{"name":"wp","href":"https:\/\/api.w.org\/{rel}","templated":true}]}}